{"id":798,"date":"2024-04-29T09:45:51","date_gmt":"2024-04-29T07:45:51","guid":{"rendered":"https:\/\/ecoembes.com\/landing\/informe-anual-2023\/?page_id=798"},"modified":"2024-06-11T23:27:34","modified_gmt":"2024-06-11T21:27:34","slug":"nuestra-hoja-de-ruta","status":"publish","type":"page","link":"https:\/\/ecoembes.com\/landing\/informe-anual-2023\/liderazgo-responsable\/nuestra-hoja-de-ruta\/","title":{"rendered":"Nuestra hoja de ruta"},"content":{"rendered":"<div class=\"wpb-content-wrapper\"><p>[vc_row css_animation=\"\" row_type=\"row\" use_row_as_full_screen_section=\"no\" type=\"full_width\" angled_section=\"no\" text_align=\"left\" background_image_as_pattern=\"without_pattern\" css=\".vc_custom_1713886518268{background-color: #dee7ff !important;}\" z_index=\"\"][vc_column]\n\t\t\t\t<p class=\"rs-p-wp-fix\"><\/p>\n\t\t\t\t<sr7-module data-alias=\"Ruta\" data-id=\"43\" id=\"SR7_43_1\" class=\"rs-ov-hidden\" data-version=\"6.7.9\">\n\t\t\t\t\t<sr7-adjuster><\/sr7-adjuster>\n\t\t\t\t\t<sr7-content>\n\t\t\t\t\t\t<sr7-slide id=\"SR7_43_1-71\" data-key=\"71\">\n\t\t\t\t\t\t\t<sr7-txt id=\"SR7_43_1-71-0\" class=\"sr7-layer\">para la transformaci\u00f3n<\/sr7-txt>\n\t\t\t\t\t\t\t<sr7-txt id=\"SR7_43_1-71-1\" class=\"sr7-layer\">Nuestra hoja de<\/sr7-txt>\n\t\t\t\t\t\t<\/sr7-slide>\n\t\t\t\t\t\t<sr7-slide id=\"SR7_43_1-72\" data-key=\"72\">\n\t\t\t\t\t\t<\/sr7-slide>\n\t\t\t\t\t<\/sr7-content>\n\t\t\t\t\t<image_lists style=\"display:none\">\n\t\t\t\t\t\t<img data-src=\"\/\/ecoembes.com\/landing\/informe-anual-2023\/wp-content\/uploads\/2024\/04\/Liderazgo-Hero.jpg\" alt=\"cdn_helper\" data-libid=\"710\" width=\"0\" height=\"0\" data-dbsrc=\"Ly9lY29lbWJlcy5jb20vbGFuZGluZy9pbmZvcm1lLWFudWFsLTIwMjMvd3AtY29udGVudC91cGxvYWRzLzIwMjQvMDQvTGlkZXJhemdvLUhlcm8uanBn\"\/>\n\t\t\t\t\t\t<img data-src=\"\/\/ecoembes.com\/landing\/informe-anual-2023\/wp-content\/uploads\/2024\/04\/portada-ruta.png\" alt=\"cdn_helper\" data-libid=\"856\" width=\"0\" height=\"0\" data-dbsrc=\"Ly9lY29lbWJlcy5jb20vbGFuZGluZy9pbmZvcm1lLWFudWFsLTIwMjMvd3AtY29udGVudC91cGxvYWRzLzIwMjQvMDQvcG9ydGFkYS1ydXRhLnBuZw==\"\/>\n\t\t\t\t\t<\/image_lists>\n\t\t\t\t<\/sr7-module>\n\t\t\t\t<script>\n\t\t\t\t\tSR7.PMH ??={}; SR7.PMH[\"SR7_43_1\"] = {cn:0,state:false,fn: function() { if (_tpt!==undefined && _tpt.prepareModuleHeight !== undefined) {  _tpt.prepareModuleHeight({id:\"SR7_43_1\",el:[900,900,743,565,349],type:'standard',shdw:'0',gh:[900,900,743,565,349],gw:[1240,1240,1024,778,480],vpt:['100px&#039;,&#039;100px&#039;,&#039;100px&#039;,&#039;100px&#039;,&#039;100px'],size:{fullWidth:true, fullHeight:true},fho:',',mh:'0',onh:0,onw:0,bg:{color:'{\"orig\":\"transparent\",\"type\":\"solid\",\"string\":\"transparent\"}'}});   SR7.PMH[\"SR7_43_1\"].state=true;} else if((SR7.PMH[\"SR7_43_1\"].cn++)<100)\tsetTimeout( SR7.PMH[\"SR7_43_1\"].fn,19);}};SR7.PMH[\"SR7_43_1\" ].fn();\n\t\t\t\t<\/script>\n[\/vc_column][\/vc_row][vc_row css_animation=\"\" row_type=\"row\" use_row_as_full_screen_section=\"no\" type=\"grid\" angled_section=\"no\" text_align=\"center\" background_image_as_pattern=\"without_pattern\" title_tag=\"h3\" link_target=\"_self\" link_position=\"overlay\" image=\"134\" title=\"Rosa Trigo\" title_color=\"\" link=\"\" z_index=\"\"][vc_column css_animation=\"bottom-to-top\"][vc_single_image image=\"709\" img_size=\"full\" alignment=\"center\" css=\"\" qode_css_animation=\"\" el_class=\"avatar-intro\"][vc_column_text css=\"\" el_class=\"intro-secciones\"]<\/p>\n<h1>Transici\u00f3n circular<\/h1>\n<p>&nbsp;<\/p>\n<h6><a href=\"https:\/\/www.ecoembes.com\/landing\/informe-anual-2023\/indice-de-contenidos-gri\/#gri-2-24\" target=\"_blank\" rel=\"noopener\">GRI 2-24<\/a><\/h6>\n<p>&nbsp;<\/p>\n<h3>El a\u00f1o 2023 ha supuesto la culminaci\u00f3n de nuestro Plan Estrat\u00e9gico 2021-2023. Un viaje trienal que nos ha adentrado a\u00fan m\u00e1s en la senda de la sostenibilidad y en el que hemos ejercido nuestra responsabilidad como garantes del cumplimiento normativo en reciclaje de envases y como catalizadores del cambio en clave circular. El fin de este ciclo viene marcado por la evoluci\u00f3n de nuestro modelo colaborativo, la digitalizaci\u00f3n como factor acelerador del cambio y el cumplimiento de objetivos compartidos con todo el ecosistema de reciclaje.<\/h3>\n<p>[\/vc_column_text][\/vc_column][\/vc_row][vc_row css_animation=\"\" row_type=\"row\" use_row_as_full_screen_section=\"no\" type=\"grid\" angled_section=\"no\" text_align=\"left\" background_image_as_pattern=\"without_pattern\" title_tag=\"h3\" link_target=\"_self\" link_position=\"overlay\" image=\"134\" title=\"Rosa Trigo\" title_color=\"\" link=\"\" z_index=\"\" el_class=\"textos\"][vc_column css_animation=\"bottom-to-top\"][vc_column_text css=\"\"]<\/p>\n<h4 style=\"text-align: center;\">Los objetivos del cambio<\/h4>\n<p>&nbsp;<\/p>\n<p>Superada la pandemia, el mundo se enfrenta a viejos y nuevos desaf\u00edos geopol\u00edticos, sociales, ambientales y econ\u00f3micos. Pero en todos ellos la econom\u00eda circular juega un papel relevante como v\u00eda de avance hacia un planeta m\u00e1s resiliente, un crecimiento m\u00e1s sostenible y una humanidad m\u00e1s consciente de sus propias limitaciones.<\/p>\n<p>&nbsp;<\/p>\n<blockquote><p>\u201cLa planificaci\u00f3n es traer el futuro al presente para que puedas hacer algo al respecto ahora\u201d.<\/p><\/blockquote>\n<p style=\"text-align: center; margin: -50px 0 50px 0;\"><span style=\"color: #00a130;\">Alan Lakein<\/span><\/p>\n<h1>Balance 21-23<\/h1>\n<p>&nbsp;<\/p>\n<p>Con la ejecuci\u00f3n ya completa de nuestro Plan Estrat\u00e9gico 2021-2023, hemos tratado de dar respuesta a los nuevos retos que vienen marcados por la visi\u00f3n ESG (ambiental, social y de gobernanza, por sus siglas en ingl\u00e9s) y anticiparnos a los nuevos cambios que no paran de producirse. El balance final de esos esfuerzos se resume en positivo, con el cumplimiento de los objetivos que nos marcamos al inicio de este periodo.[\/vc_column_text][\/vc_column][\/vc_row][vc_row css_animation=\"\" row_type=\"row\" use_row_as_full_screen_section=\"no\" type=\"grid\" angled_section=\"no\" text_align=\"left\" background_image_as_pattern=\"without_pattern\" z_index=\"\" el_class=\"cifras\"][vc_column css_animation=\"bottom-to-top\" width=\"1\/3\"][vc_column_text css=\"\"]<\/p>\n<h1>01<\/h1>\n<h5><strong>Fortalecer el modelo de gobierno para asegurar la unidad de acci\u00f3n interna.<\/strong><\/h5>\n<h5>\u00a0A lo largo de 2023 se ha consolidado el funcionamiento del Consejo Asesor para el Plan Estrat\u00e9gico (CAPE) y las Comisiones Asesoras del Consejo para asuntos clave, sumando a su estructura una nueva Comisi\u00f3n espec\u00edfica para el desarrollo del nuevo Plan Estrat\u00e9gico de Ecoembes, incorporando en ellas a las principales asociaciones empresariales, para alcanzar una mayor participaci\u00f3n y representatividad de las empresas.<\/h5>\n<p>[\/vc_column_text][\/vc_column][vc_column css_animation=\"bottom-to-top\" width=\"1\/3\"][vc_column_text css=\"\"]<\/p>\n<h1>02<\/h1>\n<h5><strong>Evolucionar el modelo para garantizar la sostenibilidad y eficiencia.<\/strong><\/h5>\n<h5>Hemos alcanzado unas tasas de reciclado de todos los materiales por encima de los objetivos fijados en el Real Decreto para el a\u00f1o 2025 que ha sido gracias, en parte, al crecimiento agregado de la aportaci\u00f3n de residuos de envases en contenedor amarillo de un 9%. Todo ello, con un coste unitario neto de reciclado eficiente, que ha supuesto una disminuci\u00f3n del coste deflactado con respecto al a\u00f1o 2020.<\/h5>\n<p>[\/vc_column_text][\/vc_column][vc_column css_animation=\"bottom-to-top\" width=\"1\/3\"][vc_column_text css=\"\"]<\/p>\n<h1>03<\/h1>\n<h5><strong>Ser un referente t\u00e9cnico, en educaci\u00f3n y sensibilizaci\u00f3n social y en transparencia.<\/strong><\/h5>\n<h5>Algo que hemos logrado con el fomento de la innovaci\u00f3n abierta a trav\u00e9s del laboratorio de econom\u00eda circular TheCircularLab, que ha generado una red de alianzas con m\u00e1s de 225 centros, institutos y empresas. Igualmente, ha continuado el crecimiento del proyecto Libera con m\u00e1s de 158.000 liberadores\/as, llegando a ser referente en la lucha contra la basuraleza.<\/h5>\n<p>[\/vc_column_text][\/vc_column][\/vc_row][vc_row css_animation=\"\" row_type=\"row\" use_row_as_full_screen_section=\"no\" type=\"grid\" angled_section=\"no\" text_align=\"left\" background_image_as_pattern=\"without_pattern\" z_index=\"\" el_class=\"cifras\" css=\".vc_custom_1714378107125{margin-top: -100px !important;}\"][vc_column css_animation=\"bottom-to-top\" width=\"1\/2\" css=\".vc_custom_1714378152892{margin-left: 10% !important;}\"][vc_column_text css=\".vc_custom_1715698069336{padding-right: 15% !important;padding-left: 15% !important;}\"]<\/p>\n<h1>04<\/h1>\n<h5><strong>Reforzar la confianza y el valor compartido<\/strong><\/h5>\n<h5>de Ecoembes con la ciudadan\u00eda, las empresas, administraciones p\u00fablicas y sociedad civil, llevando a cabo acciones como el Plan de Reputaci\u00f3n, con \u00edndice IGRE (\u00edndice global de reputaci\u00f3n de Ecoembes) en torno al 4 sobre 5, plan DirComs y extensi\u00f3n de TheCircularCampus. En materia de transparencia, se ha desarrollado el portal de transparencia de Ecoembes y consolidado el Grupo de Trabajo de Transparencia y escucha activa con las Comunidades Aut\u00f3nomas como un foro de debate y reflexi\u00f3n.<\/h5>\n<p>[\/vc_column_text][\/vc_column][vc_column css_animation=\"bottom-to-top\" width=\"1\/2\"][vc_column_text css=\".vc_custom_1715698089120{padding-right: 15% !important;padding-left: 15% !important;}\"]<\/p>\n<h1>05<\/h1>\n<h5><strong>Trabajar con las personas<\/strong><\/h5>\n<h5>que forman Ecoembes potenciando la cultura y las capacidades en el \u00e1mbito digital, de innovaci\u00f3n y relacional con el desarrollo de un plan de transformaci\u00f3n digital, con m\u00e1s de 45 iniciativas desarrolladas. Se ha llevado a cabo la modernizaci\u00f3n del puesto de trabajo y desarrollo de un plan de adopci\u00f3n digital que ha mejorado los indicadores de digitalizaci\u00f3n en m\u00e1s de un 20%. Como consecuencia de todo ello, el \u00edndice WE (indicador de evoluci\u00f3n de cultura) se ha incrementado en m\u00e1s de un 9%.<\/h5>\n<p>[\/vc_column_text][\/vc_column][\/vc_row][vc_row css_animation=\"\" row_type=\"row\" use_row_as_full_screen_section=\"no\" type=\"grid\" angled_section=\"no\" text_align=\"left\" background_image_as_pattern=\"without_pattern\" z_index=\"\"][vc_column css_animation=\"bottom-to-top\" css=\".vc_custom_1714378152892{margin-left: 10% !important;}\"][vc_empty_space height=\"100px\"][\/vc_column][\/vc_row][vc_row row_type=\"parallax\" parallax_content_width=\"full_width\" text_align=\"center\" full_screen_section_height=\"yes\" vertically_align_content_in_middle=\"yes\" background_image=\"824\"][vc_column css_animation=\"bottom-to-top\"][vc_empty_space height=\"810px\" el_class=\"parallax-image\"][\/vc_column][\/vc_row][vc_row css_animation=\"\" row_type=\"row\" use_row_as_full_screen_section=\"no\" type=\"grid\" angled_section=\"no\" text_align=\"center\" background_image_as_pattern=\"without_pattern\" title_tag=\"h3\" link_target=\"_self\" link_position=\"overlay\" image=\"134\" title=\"Rosa Trigo\" title_color=\"\" link=\"\" z_index=\"\"][vc_column css_animation=\"bottom-to-top\"][vc_column_text css=\"\" el_class=\"intro-secciones\"]<\/p>\n<p>&nbsp;<\/p>\n<p>&nbsp;<\/p>\n<h1><\/h1>\n<h1>Anticip\u00e1ndonos a la legislaci\u00f3n<\/h1>\n<p>&nbsp;<\/p>\n<h3>Una de las grandes palancas que impulsa la econom\u00eda circular son las leyes. Se necesitan normas que ayuden a trasladar el cambio de modelo desde el plano de las ideas y las propuestas hasta la acci\u00f3n tangible en forma de medidas y pol\u00edticas reales. Leyes que aporten el marco, los objetivos y los plazos a la voluntad transformadora.<\/h3>\n<p>[\/vc_column_text][\/vc_column][\/vc_row][vc_row css_animation=\"\" row_type=\"row\" use_row_as_full_screen_section=\"no\" type=\"grid\" angled_section=\"no\" text_align=\"left\" background_image_as_pattern=\"without_pattern\" title_tag=\"h3\" link_target=\"_self\" link_position=\"overlay\" image=\"134\" title=\"Rosa Trigo\" title_color=\"\" link=\"\" z_index=\"\" el_class=\"textos\"][vc_column css_animation=\"bottom-to-top\"][vc_column_text css=\"\"]Tras un 2022 clave en el plano normativo \u2013tanto en Espa\u00f1a, con la entrada en vigor de la Ley 7\/2022, de 8 de abril, de residuos y suelos contaminados para una econom\u00eda circular, o del Real Decreto 1055\/2022 de envases y residuos de envases, como a nivel europeo con la propuesta de Reglamento de envases y residuos de envases\u2013, 2023 ha supuesto trabajo de adaptaci\u00f3n normativa y su implementaci\u00f3n para el mundo de los envases.<\/p>\n<p>&nbsp;<\/p>\n<p>Durante 2023 hemos seguido ayudando a nuestros clientes, las empresas adheridas, a adaptarse al nuevo marco regulatorio de los Sistemas Colectivos de Responsabilidad Ampliada del Productor (SCRAP) y a los nuevos requerimientos exigidos.<\/p>\n<p>&nbsp;<\/p>\n<p>Siguiendo la estela de esas nuevas disposiciones del Real Decreto 1055\/2022 de envases y residuos de envases, en diciembre constituimos la Asociaci\u00f3n Ecoembes Comerciales, impulsora del nuevo SCRAP para envases comerciales, que deber\u00e1 empezar a operar el 1 de enero de 2025. Est\u00e1 constituida por 26 empresas envasadoras y distribuidoras de diversos sectores y sus principales asociaciones.<\/p>\n<p>&nbsp;<\/p>\n<p>Desde un punto de vista interno, la nueva regulaci\u00f3n ha implicado tomar decisiones a nivel de gobernanza, operativo, financiero, de estructura y de procesos. Pero lo que est\u00e1 por venir ahondar\u00e1 a\u00fan m\u00e1s en todas estas cuestiones, por lo que el actual Plan Estrat\u00e9gico se ha elaborado con esa visi\u00f3n de largo plazo y con el objetivo de anticipar todas esas implicaciones que no son solo de mayor ambici\u00f3n en los objetivos de reciclado sino que, sobre todo, inciden en una nueva manera de hacer las cosas.<\/p>\n<p>&nbsp;<\/p>\n<p>En ese sentido, se considera estrat\u00e9gico analizar estos nuevos requerimientos normativos desde todos los \u00e1ngulos posibles y de la mano de todos los agentes de inter\u00e9s: Ministerio de Transici\u00f3n Ecol\u00f3gica y Reto Demogr\u00e1fico, administraciones auton\u00f3micas y locales, empresas, asociaciones empresariales y la sociedad civil. Y con el objetivo, siempre, del cumplimiento y la b\u00fasqueda de la eficiencia que demandan nuestras empresas adheridas.[\/vc_column_text][vc_empty_space height=\"100px\"][\/vc_column][\/vc_row][vc_row row_type=\"parallax\" parallax_content_width=\"full_width\" text_align=\"center\" full_screen_section_height=\"yes\" vertically_align_content_in_middle=\"yes\" background_image=\"831\"][vc_column css_animation=\"bottom-to-top\"][vc_empty_space height=\"810px\" el_class=\"parallax-image\"][\/vc_column][\/vc_row][vc_row css_animation=\"\" row_type=\"row\" use_row_as_full_screen_section=\"no\" type=\"grid\" angled_section=\"no\" text_align=\"center\" background_image_as_pattern=\"without_pattern\" title_tag=\"h3\" link_target=\"_self\" link_position=\"overlay\" image=\"134\" title=\"Rosa Trigo\" title_color=\"\" link=\"\" z_index=\"\"][vc_column css_animation=\"bottom-to-top\"][vc_empty_space height=\"100px\"][vc_column_text css=\"\" el_class=\"intro-secciones\"]<\/p>\n<h1>Ambici\u00f3n compartida<\/h1>\n<p>&nbsp;<\/p>\n<h3>En Ecoembes tenemos la ambici\u00f3n de contribuir a que el cambio de modelo basado en la circularidad sea una realidad en Espa\u00f1a, y no nos asusta asumir nuestro papel como actor dinamizador en ese cambio. Un agente relevante y empoderado, generador de valor compartido.<\/h3>\n<p>[\/vc_column_text][\/vc_column][\/vc_row][vc_row css_animation=\"\" row_type=\"row\" use_row_as_full_screen_section=\"no\" type=\"grid\" angled_section=\"no\" text_align=\"left\" background_image_as_pattern=\"without_pattern\" title_tag=\"h3\" link_target=\"_self\" link_position=\"overlay\" image=\"134\" title=\"Rosa Trigo\" title_color=\"\" link=\"\" z_index=\"\" el_class=\"textos\"][vc_column css_animation=\"bottom-to-top\"][vc_column_text css=\"\"]Tenemos muy claro que solo somos una pieza en el engranaje de la sostenibilidad de los envases, y de que se necesita del esfuerzo coordinado de muchos para viajar hacia ese futuro circular. Junto a empresas, ciudadan\u00eda y administraciones conformamos un gran equipo. Y, como en todos los equipos, sus miembros deben apoyarse unos a otros. Ayudamos a todos nuestros aliados, con especial foco en las empresas, a interpretar y aplicar las novedades legislativas que les afectan para que el reciclaje no se detenga en Espa\u00f1a y la transici\u00f3n circular avance.<\/p>\n<p>&nbsp;<\/p>\n<h4 style=\"text-align: center;\">2023: consolidaci\u00f3n y nuevos horizontes<\/h4>\n<p>&nbsp;<\/p>\n<p>El a\u00f1o con el que ha concluido nuestro Plan Estrat\u00e9gico 2021-2023 ha sido tambi\u00e9n un a\u00f1o de cierre de ciclo de los envases. Tras la l\u00f3gica expectativa que surgi\u00f3 en el a\u00f1o precedente con la entrada en vigor de las novedades normativas, sus requerimientos en cuanto a objetivos de sostenibilidad, 2023 ha sido un periodo de asentamiento y consolidaci\u00f3n. Un fin de ciclo que permite abrir la puerta a una nueva etapa a partir de 2024.<\/p>\n<p>&nbsp;<\/p>\n<p>&nbsp;<\/p>\n<h4 style=\"text-align: center;\">Preparados para el futuro: el nuevo Plan 2024-2027<\/h4>\n<blockquote><p>\u00a0Nuestro nuevo Plan Estrat\u00e9gico nace inspirado por la definici\u00f3n de unos nuevos prop\u00f3sitos, misi\u00f3n y visi\u00f3n de la compa\u00f1\u00eda que se apoyan en el enfoque ESG.<\/p><\/blockquote>\n<p>El nuevo Plan Estrat\u00e9gico de 2024-2027 parte con una visi\u00f3n con dos dimensiones temporales. Por un lado, atendiendo al corto plazo y a los retos inminentes que los cambios normativos marcan para las empresas, como el nuevo entorno competitivo abierto. Por otro, con una perspectiva a largo plazo que nos ayude a anticipar las implicaciones que esos cambios normativos van a tener en el universo de los envases y, al mismo tiempo, con una mayor ambici\u00f3n circular con 2030 en el punto de mira.<\/p>\n<p>&nbsp;<\/p>\n<p>Adem\u00e1s, la circularidad se ha convertido en una prioridad estrat\u00e9gica para las empresas. Nos encontramos en un contexto en el que las compa\u00f1\u00edas y la sociedad en general son cada vez m\u00e1s conscientes de los problemas que conlleva la escasez de recursos y la generaci\u00f3n de residuos. Por esa raz\u00f3n demandan soluciones circulares que hagan compatibles las actividades econ\u00f3micas con la preservaci\u00f3n del entorno.<\/p>\n<p>&nbsp;<\/p>\n<p>Nuestro nuevo Plan Estrat\u00e9gico 2024-2027 nace al amparo de esos factores. Un plan, adem\u00e1s, que est\u00e1 inspirado por la definici\u00f3n de unos nuevos prop\u00f3sitos, misi\u00f3n y visi\u00f3n de la compa\u00f1\u00eda, que se apoyan en el enfoque ESG:[\/vc_column_text][\/vc_column][\/vc_row][vc_row css_animation=\"\" row_type=\"row\" use_row_as_full_screen_section=\"no\" type=\"grid\" angled_section=\"no\" text_align=\"left\" background_image_as_pattern=\"without_pattern\" z_index=\"\" el_class=\"cifras\"][vc_column css_animation=\"bottom-to-top\" width=\"1\/3\"][vc_column_text css=\"\"]<\/p>\n<h2>PROP\u00d3SITO<\/h2>\n<p>&nbsp;<\/p>\n<h5>Un nuevo <strong>prop\u00f3sito<\/strong> para trabajar por un futuro sin residuos que genere un impacto positivo en el medioambiente y en la vida de las personas.<\/h5>\n<p>[\/vc_column_text][\/vc_column][vc_column css_animation=\"bottom-to-top\" width=\"1\/3\"][vc_column_text css=\"\"]<\/p>\n<h2>MISI\u00d3N<\/h2>\n<p>&nbsp;<\/p>\n<h5>Con la <strong>misi\u00f3n<\/strong> de acompa\u00f1ar a empresas, ciudadan\u00eda y Administraciones p\u00fablicas para afrontar los desaf\u00edos de la econom\u00eda circular, con servicios y soluciones para los envases, eficaces, eficientes e innovadoras, basadas en nuestra experiencia y conocimiento, y desde un planteamiento de transparencia activa.<\/h5>\n<p>[\/vc_column_text][\/vc_column][vc_column css_animation=\"bottom-to-top\" width=\"1\/3\"][vc_column_text css=\"\"]<\/p>\n<h2>VISI\u00d3N<\/h2>\n<p>&nbsp;<\/p>\n<h5>Y una <strong>visi\u00f3n<\/strong> de aspirar a la circularidad plena de los envases liderando su gesti\u00f3n con ambici\u00f3n, corresponsabilidad y m\u00e1xima colaboraci\u00f3n, para impulsar un nuevo modelo de desarrollo respetuoso con el medioambiente y compatible con los l\u00edmites del planeta.<\/h5>\n<p>[\/vc_column_text][\/vc_column][\/vc_row][vc_row css_animation=\"\" row_type=\"row\" use_row_as_full_screen_section=\"no\" type=\"grid\" angled_section=\"no\" text_align=\"center\" background_image_as_pattern=\"without_pattern\" z_index=\"\" css=\".vc_custom_1714383395713{margin-top: -100px !important;}\"][vc_column]<div class=\"page_share qode_share\"><div class=\"social_share_holder\"><a href=\"javascript:void(0)\" target=\"_self\"><i class=\"icon-basic-share social_share_icon\"><\/i><span class=\"social_share_title\">Compartir<\/span><\/a><div class=\"social_share_dropdown\"><div class=\"inner_arrow\"><\/div><ul><li class=\"facebook_share\"><a href=\"javascript:void(0)\" onclick=\"window.open('https:\/\/www.facebook.com\/sharer.php?u=https%3A%2F%2Fecoembes.com%2Flanding%2Finforme-anual-2023%2Fliderazgo-responsable%2Fnuestra-hoja-de-ruta%2F', 'sharer', 'toolbar=0,status=0,width=620,height=280');\"><i class=\"fa fa-facebook\"><\/i><\/a><\/li><li class=\"twitter_share\"><a href=\"#\" onclick=\"popUp=window.open('https:\/\/twitter.com\/intent\/tweet?text=%5Bvc_row+css_animation%3D%22%22+row_type%3D%22row%22+use_row_as_full_screen_section%3D%22no%22+type%3D%22full_width%22+angled_section%3D%22no%22+https:\/\/ecoembes.com\/landing\/informe-anual-2023\/liderazgo-responsable\/nuestra-hoja-de-ruta\/', 'popupwindow', 'scrollbars=yes,width=800,height=400');popUp.focus();return false;\"><i class=\"fa fa-twitter\"><\/i><\/a><\/li><li  class=\"linkedin_share\"><a href=\"#\" onclick=\"popUp=window.open('https:\/\/linkedin.com\/shareArticle?mini=true&amp;url=https%3A%2F%2Fecoembes.com%2Flanding%2Finforme-anual-2023%2Fliderazgo-responsable%2Fnuestra-hoja-de-ruta%2F&amp;title=Nuestra+hoja+de+ruta', 'popupwindow', 'scrollbars=yes,width=800,height=400');popUp.focus();return false\"><i class=\"fa fa-linkedin\"><\/i><\/a><\/li><\/ul><\/div><\/div><\/div>[\/vc_column][\/vc_row]<\/p>\n<\/div>","protected":false},"excerpt":{"rendered":"<p>[vc_row css_animation=\"\" row_type=\"row\" use_row_as_full_screen_section=\"no\" type=\"full_width\" angled_section=\"no\" text_align=\"left\" background_image_as_pattern=\"without_pattern\" css=\".vc_custom_1713886518268{background-color: #dee7ff !important;}\" z_index=\"\"][vc_column][\/vc_column][\/vc_row][vc_row css_animation=\"\" row_type=\"row\" use_row_as_full_screen_section=\"no\" type=\"grid\" angled_section=\"no\" text_align=\"center\" background_image_as_pattern=\"without_pattern\" title_tag=\"h3\" link_target=\"_self\" link_position=\"overlay\" image=\"134\" title=\"Rosa Trigo\" title_color=\"\" link=\"\" z_index=\"\"][vc_column css_animation=\"bottom-to-top\"][vc_single_image image=\"709\" img_size=\"full\" alignment=\"center\" css=\"\" qode_css_animation=\"\" el_class=\"avatar-intro\"][vc_column_text css=\"\" el_class=\"intro-secciones\"] Transici\u00f3n circular &nbsp; GRI 2-24 &nbsp; El a\u00f1o...<\/p>\n","protected":false},"author":1,"featured_media":0,"parent":32,"menu_order":0,"comment_status":"closed","ping_status":"closed","template":"full_width.php","meta":{"footnotes":""},"_links":{"self":[{"href":"https:\/\/ecoembes.com\/landing\/informe-anual-2023\/wp-json\/wp\/v2\/pages\/798"}],"collection":[{"href":"https:\/\/ecoembes.com\/landing\/informe-anual-2023\/wp-json\/wp\/v2\/pages"}],"about":[{"href":"https:\/\/ecoembes.com\/landing\/informe-anual-2023\/wp-json\/wp\/v2\/types\/page"}],"author":[{"embeddable":true,"href":"https:\/\/ecoembes.com\/landing\/informe-anual-2023\/wp-json\/wp\/v2\/users\/1"}],"replies":[{"embeddable":true,"href":"https:\/\/ecoembes.com\/landing\/informe-anual-2023\/wp-json\/wp\/v2\/comments?post=798"}],"version-history":[{"count":42,"href":"https:\/\/ecoembes.com\/landing\/informe-anual-2023\/wp-json\/wp\/v2\/pages\/798\/revisions"}],"predecessor-version":[{"id":1660,"href":"https:\/\/ecoembes.com\/landing\/informe-anual-2023\/wp-json\/wp\/v2\/pages\/798\/revisions\/1660"}],"up":[{"embeddable":true,"href":"https:\/\/ecoembes.com\/landing\/informe-anual-2023\/wp-json\/wp\/v2\/pages\/32"}],"wp:attachment":[{"href":"https:\/\/ecoembes.com\/landing\/informe-anual-2023\/wp-json\/wp\/v2\/media?parent=798"}],"curies":[{"name":"wp","href":"https:\/\/api.w.org\/{rel}","templated":true}]}}