{"id":724,"date":"2024-04-26T12:22:34","date_gmt":"2024-04-26T10:22:34","guid":{"rendered":"https:\/\/ecoembes.com\/landing\/informe-anual-2023\/?page_id=724"},"modified":"2024-06-11T22:34:31","modified_gmt":"2024-06-11T20:34:31","slug":"hablemos-del-futuro","status":"publish","type":"page","link":"https:\/\/ecoembes.com\/landing\/informe-anual-2023\/hablemos-del-futuro\/","title":{"rendered":"Hablemos del futuro"},"content":{"rendered":"<div class=\"wpb-content-wrapper\"><p>[vc_row css_animation=\"\" row_type=\"row\" use_row_as_full_screen_section=\"no\" type=\"full_width\" angled_section=\"no\" text_align=\"left\" background_image_as_pattern=\"without_pattern\" z_index=\"\"][vc_column]\n\t\t\t\t<p class=\"rs-p-wp-fix\"><\/p>\n\t\t\t\t<sr7-module data-alias=\"Futuro-CEO\" data-id=\"50\" id=\"SR7_50_1\" class=\"rs-ov-hidden\" data-version=\"6.7.9\">\n\t\t\t\t\t<sr7-adjuster><\/sr7-adjuster>\n\t\t\t\t\t<sr7-content>\n\t\t\t\t\t\t<sr7-slide id=\"SR7_50_1-87\" data-key=\"87\">\n\t\t\t\t\t\t\t<sr7-txt id=\"SR7_50_1-87-0\" class=\"sr7-layer\">Hablemos del<\/sr7-txt>\n\t\t\t\t\t\t<\/sr7-slide>\n\t\t\t\t\t\t<sr7-slide id=\"SR7_50_1-88\" data-key=\"88\">\n\t\t\t\t\t\t<\/sr7-slide>\n\t\t\t\t\t<\/sr7-content>\n\t\t\t\t\t<image_lists style=\"display:none\">\n\t\t\t\t\t\t<img data-src=\"\/\/ecoembes.com\/landing\/informe-anual-2023\/wp-content\/uploads\/2024\/04\/Futuro-Hero.jpg\" alt=\"cdn_helper\" data-libid=\"730\" width=\"0\" height=\"0\" data-dbsrc=\"Ly9lY29lbWJlcy5jb20vbGFuZGluZy9pbmZvcm1lLWFudWFsLTIwMjMvd3AtY29udGVudC91cGxvYWRzLzIwMjQvMDQvRnV0dXJvLUhlcm8uanBn\"\/>\n\t\t\t\t\t\t<img data-src=\"\/\/ecoembes.com\/landing\/informe-anual-2023\/wp-content\/uploads\/2024\/04\/Portada-Futuro.png\" alt=\"cdn_helper\" data-libid=\"854\" width=\"0\" height=\"0\" data-dbsrc=\"Ly9lY29lbWJlcy5jb20vbGFuZGluZy9pbmZvcm1lLWFudWFsLTIwMjMvd3AtY29udGVudC91cGxvYWRzLzIwMjQvMDQvUG9ydGFkYS1GdXR1cm8ucG5n\"\/>\n\t\t\t\t\t<\/image_lists>\n\t\t\t\t<\/sr7-module>\n\t\t\t\t<script>\n\t\t\t\t\tSR7.PMH ??={}; SR7.PMH[\"SR7_50_1\"] = {cn:0,state:false,fn: function() { if (_tpt!==undefined && _tpt.prepareModuleHeight !== undefined) {  _tpt.prepareModuleHeight({id:\"SR7_50_1\",el:[900,900,743,565,349],type:'hero',shdw:'0',gh:[900,900,743,565,349],gw:[1240,1240,1024,778,480],vpt:['100px&#039;,&#039;100px&#039;,&#039;100px&#039;,&#039;100px&#039;,&#039;100px'],size:{fullWidth:true, fullHeight:true},fho:',',mh:'0',onh:0,onw:0,bg:{color:'{\"orig\":\"transparent\",\"type\":\"solid\",\"string\":\"transparent\"}'}});   SR7.PMH[\"SR7_50_1\"].state=true;} else if((SR7.PMH[\"SR7_50_1\"].cn++)<100)\tsetTimeout( SR7.PMH[\"SR7_50_1\"].fn,19);}};SR7.PMH[\"SR7_50_1\" ].fn();\n\t\t\t\t<\/script>\n[\/vc_column][\/vc_row][vc_row css_animation=\"\" row_type=\"row\" use_row_as_full_screen_section=\"no\" type=\"grid\" angled_section=\"no\" text_align=\"center\" background_image_as_pattern=\"without_pattern\" title_tag=\"h3\" link_target=\"_self\" link_position=\"overlay\" image=\"134\" title=\"Rosa Trigo\" title_color=\"\" link=\"\" z_index=\"\" el_class=\"home-ceo\" css=\".vc_custom_1714128941988{margin-top: -100px !important;margin-bottom: -150px !important;}\"][vc_column css_animation=\"bottom-to-top\"]<div class=\"image_with_text\"><img decoding=\"async\" itemprop=\"image\" src=\"https:\/\/ecoembes.com\/landing\/informe-anual-2023\/wp-content\/uploads\/2024\/05\/Rosa-Trigo-2023.png\" alt=\"Rosa Trigo\" \/><h2  class=\"image_with_text_title\">Rosa Trigo<\/h2><span style=\"margin: 6px 0px;\" class=\"separator transparent\"><\/span><\/p>\n<h6>CEO de Ecoembes<\/h6>\n<p><\/div>[\/vc_column][\/vc_row][vc_row css_animation=\"\" row_type=\"row\" use_row_as_full_screen_section=\"no\" type=\"grid\" angled_section=\"no\" text_align=\"center\" background_image_as_pattern=\"without_pattern\" title_tag=\"h3\" link_target=\"_self\" link_position=\"overlay\" image=\"134\" title=\"Rosa Trigo\" title_color=\"\" link=\"\" z_index=\"\"][vc_column css_animation=\"bottom-to-top\"][vc_column_text css=\"\" el_class=\"intro-secciones\"]<\/p>\n<h1>Hablemos del futuro<\/h1>\n<h6><\/h6>\n<h6><a href=\"https:\/\/ecoembes.com\/landing\/informe-anual-2023\/indice-de-contenidos-gri\/#gri-2-22\" target=\"_blank\" rel=\"noopener\">GRI 2 22<\/a><\/h6>\n<h3>En Ecoembes somos conscientes de que ya no vale solo con reciclar. Hay que hacer m\u00e1s. Y de ah\u00ed nuestro prop\u00f3sito: trabajar por un futuro sin residuos. Un prop\u00f3sito en el que el c\u00f3mo importa tanto como el qu\u00e9, y por eso lo haremos siempre generando un impacto positivo en el medioambiente y la vida de las personas.<\/h3>\n<p>[\/vc_column_text][\/vc_column][\/vc_row][vc_row css_animation=\"\" row_type=\"row\" use_row_as_full_screen_section=\"no\" type=\"grid\" angled_section=\"no\" text_align=\"left\" background_image_as_pattern=\"without_pattern\" title_tag=\"h3\" link_target=\"_self\" link_position=\"overlay\" image=\"134\" title=\"Rosa Trigo\" title_color=\"\" link=\"\" z_index=\"\" el_class=\"texto-ceo\"][vc_column css_animation=\"bottom-to-top\" width=\"1\/2\" el_class=\"columna-ceo-left\"][vc_column_text css=\"\"]La ciencia ha demostrado que el modelo lineal en el que se ha basado nuestra econom\u00eda est\u00e1 traspasando los l\u00edmites naturales de nuestro planeta, provocando profundas consecuencias ambientales, sociales y econ\u00f3micas. Aunque evolucionar a un sistema circular supone un desaf\u00edo sin precedentes, ya hemos podido constatar algunos de los indudables beneficios de este cambio en marcha. Entre ellos, la reducci\u00f3n de emisiones de di\u00f3xido de carbono, la recuperaci\u00f3n de la naturaleza o la generaci\u00f3n de nuevas oportunidades de desarrollo econ\u00f3mico.<\/p>\n<p>&nbsp;<\/p>\n<p>Estos beneficios han sido posibles gracias a que hace a\u00f1os ya se empezaron a dar pasos hacia la circularidad, con ambici\u00f3n y con una clara vocaci\u00f3n de transformaci\u00f3n. Pasos como los que se dieron hace algo m\u00e1s de un cuarto de siglo, cuando los contenedores de colores empezaron a aparecer en las calles espa\u00f1olas. Era un momento en que la conciencia ambiental era incipiente y las infraestructuras, limitadas. El reto era enorme. Pero tambi\u00e9n las ganas y la convicci\u00f3n de que hab\u00eda que evolucionar. Lo s\u00e9 porque yo estaba ah\u00ed, con un Ecoembes dando sus primeros pasos y, junto con muchos otros, comenzando este apasionante viaje de convertir los residuos en recursos.<\/p>\n<p>&nbsp;<\/p>\n<p>Hoy, gracias a un esfuerzo colectivo de Administraciones p\u00fablicas, empresas y ciudadan\u00eda, estamos orgullosos de haber conseguido que 1,68 millones de toneladas de envases se reciclen y puedan tener una segunda vida, posicion\u00e1ndonos entre los 10 primeros recicladores de envases de Europa y contribuyendo a que el reciclaje se haya convertido en la conducta ambiental m\u00e1s extendida entre los ciudadanos. Son logros que hay que celebrar, aunque para nosotros tan solo marcan un hito en el camino: entre otros objetivos, desde Ecoembes trabajaremos para posicionar a Espa\u00f1a entre los cinco principales recicladores de envases a nivel europeo.<\/p>\n<p>&nbsp;<\/p>\n<p>Pero tambi\u00e9n sabemos que esto ya no es suficiente. Somos conscientes de que ya no vale solo con reciclar. Hay que hacer m\u00e1s. Y de ah\u00ed nuestro prop\u00f3sito: trabajar por un futuro sin residuos. Un prop\u00f3sito en el que el c\u00f3mo importa tanto como el qu\u00e9, y por eso lo haremos siempre generando un impacto positivo en la vida de las personas y en el medioambiente -como motor de empleo, agente activo en la erradicaci\u00f3n de la basuraleza y promotor de sociedades m\u00e1s inclusivas y justas. Una ambici\u00f3n -y un compromiso- que recogemos en nuestro nuevo Plan Estrat\u00e9gico 2024-2026, dise\u00f1ado con la mirada puesta en el a\u00f1o 2030 y con el que, adem\u00e1s, queremos evolucionar y crecer como organizaci\u00f3n.[\/vc_column_text][\/vc_column][vc_column css_animation=\"bottom-to-top\" width=\"1\/2\" el_class=\"columna-ceo-right\"][vc_column_text css=\"\"]Como mencionaba antes, sabemos que el reciclaje por s\u00ed solo ya no es suficiente, y tampoco basta solo con sumar la reducci\u00f3n o la reutilizaci\u00f3n a la f\u00f3rmula. Para seguir avanzando en esta senda es necesaria la corresponsabilidad. Que todos y cada uno de los sectores de la econom\u00eda y la sociedad pasen a la acci\u00f3n. Y para ello debemos impulsar un cambio de mentalidad a trav\u00e9s de la educaci\u00f3n y la concienciaci\u00f3n, que alcance desde los h\u00e1bitos individuales y cotidianos hasta la cultura empresarial. Esto requiere de un enfoque transversal y cooperativo, entendiendo que el \u00e9xito depende de una colaboraci\u00f3n honesta, abierta y transparente entre empresas, administraci\u00f3n, sociedad civil y ciudadan\u00eda.<\/p>\n<p>&nbsp;<\/p>\n<p>Y con esta visi\u00f3n, hemos construido nuestro nuevo Plan Estrat\u00e9gico. Desde la colaboraci\u00f3n y con una perspectiva hol\u00edstica perfilada por criterios ESG (ambientales, sociales y de gobernanza, por sus siglas en ingl\u00e9s), que nos permitir\u00e1 potenciar el rol de Ecoembes como agente de cambio hacia la circularidad y de mejora de la salud social y medioambiental. Apostamos, por tanto, por un modelo de gesti\u00f3n y liderazgo responsable y una propuesta de valor que integra desde proyectos de generaci\u00f3n de talento circular, como TheCircularCampus -donde hemos facilitado la formaci\u00f3n a m\u00e1s de 18.100 profesionales-, hasta la lucha contra la basulareza a trav\u00e9s del movimiento LIBERA -que impulsamos en alianza con SEO\/BirdLife y donde hemos movilizado a m\u00e1s de 165.000 liberadores y liberadoras-; o iniciativas que han facilitado la inserci\u00f3n laboral de m\u00e1s de 2.500 personas de entornos vulnerables, por destacar algunos ejemplos.<\/p>\n<p>&nbsp;<\/p>\n<p>Otra labor que potenciamos y consideramos fundamental es la de ayudar a las empresas a afrontar las novedades legislativas que se han producido en los \u00faltimos a\u00f1os, garantizando su cumplimiento. Nunca en la historia de la Uni\u00f3n Europea se hab\u00edan puesto en marcha tantas directivas y reglamentos sobre gesti\u00f3n de residuos en tan poco espacio de tiempo. Esta es la raz\u00f3n por la que, desde Ecoembes, vamos a impulsar una soluci\u00f3n integral para ayudar a las empresas a cumplir con la Responsabilidad Ampliada del Productor (RAP) de todos sus envases.<\/p>\n<p>&nbsp;<\/p>\n<p>Este es un paso m\u00e1s en nuestra evoluci\u00f3n y en el camino por consolidar un modelo circular y alcanzar un futuro sin residuos. Con la colaboraci\u00f3n de todos los agentes implicados, estamos seguros de que podemos alcanzar nuestras metas y construir un futuro m\u00e1s verde, pr\u00f3spero e inclusivo para todas las personas. Pero sabemos que lo m\u00e1s importante es seguir caminando porque, como dec\u00eda Jane Goodall: \u201cNo se puede pasar un solo d\u00eda sin tener un impacto en el mundo que nos rodea\u201d. Lo que hacemos marca la diferencia, y tenemos que decidir qu\u00e9 tipo de diferencia queremos hacer.[\/vc_column_text][\/vc_column][\/vc_row][vc_row css_animation=\"\" row_type=\"row\" use_row_as_full_screen_section=\"no\" type=\"grid\" angled_section=\"no\" text_align=\"center\" background_image_as_pattern=\"without_pattern\" z_index=\"\"][vc_column]<div class=\"page_share qode_share\"><div class=\"social_share_holder\"><a href=\"javascript:void(0)\" target=\"_self\"><i class=\"icon-basic-share social_share_icon\"><\/i><span class=\"social_share_title\">Compartir<\/span><\/a><div class=\"social_share_dropdown\"><div class=\"inner_arrow\"><\/div><ul><li class=\"facebook_share\"><a href=\"javascript:void(0)\" onclick=\"window.open('https:\/\/www.facebook.com\/sharer.php?u=https%3A%2F%2Fecoembes.com%2Flanding%2Finforme-anual-2023%2Fhablemos-del-futuro%2F', 'sharer', 'toolbar=0,status=0,width=620,height=280');\"><i class=\"fa fa-facebook\"><\/i><\/a><\/li><li class=\"twitter_share\"><a href=\"#\" onclick=\"popUp=window.open('https:\/\/twitter.com\/intent\/tweet?text=%5Bvc_row+css_animation%3D%22%22+row_type%3D%22row%22+use_row_as_full_screen_section%3D%22no%22+type%3D%22full_width%22+angled_section%3D%22no%22+https:\/\/ecoembes.com\/landing\/informe-anual-2023\/hablemos-del-futuro\/', 'popupwindow', 'scrollbars=yes,width=800,height=400');popUp.focus();return false;\"><i class=\"fa fa-twitter\"><\/i><\/a><\/li><li  class=\"linkedin_share\"><a href=\"#\" onclick=\"popUp=window.open('https:\/\/linkedin.com\/shareArticle?mini=true&amp;url=https%3A%2F%2Fecoembes.com%2Flanding%2Finforme-anual-2023%2Fhablemos-del-futuro%2F&amp;title=Hablemos+del+futuro', 'popupwindow', 'scrollbars=yes,width=800,height=400');popUp.focus();return false\"><i class=\"fa fa-linkedin\"><\/i><\/a><\/li><\/ul><\/div><\/div><\/div>[\/vc_column][\/vc_row]<\/p>\n<\/div>","protected":false},"excerpt":{"rendered":"<p>[vc_row css_animation=\"\" row_type=\"row\" use_row_as_full_screen_section=\"no\" type=\"full_width\" angled_section=\"no\" text_align=\"left\" background_image_as_pattern=\"without_pattern\" z_index=\"\"][vc_column][\/vc_column][\/vc_row][vc_row css_animation=\"\" row_type=\"row\" use_row_as_full_screen_section=\"no\" type=\"grid\" angled_section=\"no\" text_align=\"center\" background_image_as_pattern=\"without_pattern\" title_tag=\"h3\" link_target=\"_self\" link_position=\"overlay\" image=\"134\" title=\"Rosa Trigo\" title_color=\"\" link=\"\" z_index=\"\" el_class=\"home-ceo\" css=\".vc_custom_1714128941988{margin-top: -100px !important;margin-bottom: -150px !important;}\"][vc_column css_animation=\"bottom-to-top\"][\/vc_column][\/vc_row][vc_row css_animation=\"\" row_type=\"row\" use_row_as_full_screen_section=\"no\" type=\"grid\" angled_section=\"no\" text_align=\"center\" background_image_as_pattern=\"without_pattern\" title_tag=\"h3\" link_target=\"_self\" link_position=\"overlay\" image=\"134\" title=\"Rosa Trigo\"...<\/p>\n","protected":false},"author":1,"featured_media":0,"parent":0,"menu_order":0,"comment_status":"closed","ping_status":"closed","template":"full_width.php","meta":{"footnotes":""},"_links":{"self":[{"href":"https:\/\/ecoembes.com\/landing\/informe-anual-2023\/wp-json\/wp\/v2\/pages\/724"}],"collection":[{"href":"https:\/\/ecoembes.com\/landing\/informe-anual-2023\/wp-json\/wp\/v2\/pages"}],"about":[{"href":"https:\/\/ecoembes.com\/landing\/informe-anual-2023\/wp-json\/wp\/v2\/types\/page"}],"author":[{"embeddable":true,"href":"https:\/\/ecoembes.com\/landing\/informe-anual-2023\/wp-json\/wp\/v2\/users\/1"}],"replies":[{"embeddable":true,"href":"https:\/\/ecoembes.com\/landing\/informe-anual-2023\/wp-json\/wp\/v2\/comments?post=724"}],"version-history":[{"count":38,"href":"https:\/\/ecoembes.com\/landing\/informe-anual-2023\/wp-json\/wp\/v2\/pages\/724\/revisions"}],"predecessor-version":[{"id":1642,"href":"https:\/\/ecoembes.com\/landing\/informe-anual-2023\/wp-json\/wp\/v2\/pages\/724\/revisions\/1642"}],"wp:attachment":[{"href":"https:\/\/ecoembes.com\/landing\/informe-anual-2023\/wp-json\/wp\/v2\/media?parent=724"}],"curies":[{"name":"wp","href":"https:\/\/api.w.org\/{rel}","templated":true}]}}