{"id":551,"date":"2024-04-22T16:47:15","date_gmt":"2024-04-22T14:47:15","guid":{"rendered":"https:\/\/ecoembes.com\/landing\/informe-anual-2023\/?page_id=551"},"modified":"2024-06-11T23:28:12","modified_gmt":"2024-06-11T21:28:12","slug":"somos-digitales","status":"publish","type":"page","link":"https:\/\/ecoembes.com\/landing\/informe-anual-2023\/liderazgo-responsable\/somos-digitales\/","title":{"rendered":"Somos digitales"},"content":{"rendered":"<div class=\"wpb-content-wrapper\"><p>[vc_row css_animation=\"\" row_type=\"row\" use_row_as_full_screen_section=\"no\" type=\"full_width\" angled_section=\"no\" text_align=\"left\" background_image_as_pattern=\"without_pattern\"][vc_column]\n\t\t\t\t<p class=\"rs-p-wp-fix\"><\/p>\n\t\t\t\t<sr7-module data-alias=\"Digitales\" data-id=\"40\" id=\"SR7_40_1\" class=\"rs-ov-hidden\" data-version=\"6.7.9\">\n\t\t\t\t\t<sr7-adjuster><\/sr7-adjuster>\n\t\t\t\t\t<sr7-content>\n\t\t\t\t\t\t<sr7-slide id=\"SR7_40_1-65\" data-key=\"65\">\n\t\t\t\t\t\t\t<sr7-txt id=\"SR7_40_1-65-0\" class=\"sr7-layer\">de impacto<\/sr7-txt>\n\t\t\t\t\t\t\t<sr7-txt id=\"SR7_40_1-65-1\" class=\"sr7-layer\">Somos<\/sr7-txt>\n\t\t\t\t\t\t<\/sr7-slide>\n\t\t\t\t\t\t<sr7-slide id=\"SR7_40_1-66\" data-key=\"66\">\n\t\t\t\t\t\t<\/sr7-slide>\n\t\t\t\t\t<\/sr7-content>\n\t\t\t\t\t<image_lists style=\"display:none\">\n\t\t\t\t\t\t<img data-src=\"\/\/ecoembes.com\/landing\/informe-anual-2023\/wp-content\/uploads\/2024\/04\/Liderazgo-Hero.jpg\" alt=\"cdn_helper\" data-libid=\"710\" width=\"0\" height=\"0\" data-dbsrc=\"Ly9lY29lbWJlcy5jb20vbGFuZGluZy9pbmZvcm1lLWFudWFsLTIwMjMvd3AtY29udGVudC91cGxvYWRzLzIwMjQvMDQvTGlkZXJhemdvLUhlcm8uanBn\"\/>\n\t\t\t\t\t\t<img data-src=\"\/\/ecoembes.com\/landing\/informe-anual-2023\/wp-content\/uploads\/2024\/04\/portada-digitales.png\" alt=\"cdn_helper\" data-libid=\"858\" width=\"0\" height=\"0\" data-dbsrc=\"Ly9lY29lbWJlcy5jb20vbGFuZGluZy9pbmZvcm1lLWFudWFsLTIwMjMvd3AtY29udGVudC91cGxvYWRzLzIwMjQvMDQvcG9ydGFkYS1kaWdpdGFsZXMucG5n\"\/>\n\t\t\t\t\t<\/image_lists>\n\t\t\t\t<\/sr7-module>\n\t\t\t\t<script>\n\t\t\t\t\tSR7.PMH ??={}; SR7.PMH[\"SR7_40_1\"] = {cn:0,state:false,fn: function() { if (_tpt!==undefined && _tpt.prepareModuleHeight !== undefined) {  _tpt.prepareModuleHeight({id:\"SR7_40_1\",el:[900,900,743,565,349],type:'standard',shdw:'0',gh:[900,900,743,565,349],gw:[1240,1240,1024,778,480],vpt:['100px&#039;,&#039;100px&#039;,&#039;100px&#039;,&#039;100px&#039;,&#039;100px'],size:{fullWidth:true, fullHeight:true},fho:',',mh:'0',onh:0,onw:0,bg:{color:'{\"orig\":\"transparent\",\"type\":\"solid\",\"string\":\"transparent\"}'}});   SR7.PMH[\"SR7_40_1\"].state=true;} else if((SR7.PMH[\"SR7_40_1\"].cn++)<100)\tsetTimeout( SR7.PMH[\"SR7_40_1\"].fn,19);}};SR7.PMH[\"SR7_40_1\" ].fn();\n\t\t\t\t<\/script>\n[\/vc_column][\/vc_row][vc_row css_animation=\"\" row_type=\"row\" use_row_as_full_screen_section=\"no\" type=\"grid\" angled_section=\"no\" text_align=\"center\" background_image_as_pattern=\"without_pattern\" title_tag=\"h3\" link_target=\"_self\" link_position=\"overlay\" image=\"134\" title=\"Rosa Trigo\" title_color=\"\" link=\"\" z_index=\"\"][vc_column css_animation=\"bottom-to-top\"][vc_single_image image=\"709\" img_size=\"full\" alignment=\"center\" css=\"\" qode_css_animation=\"\" el_class=\"avatar-intro\"][vc_column_text css=\"\" el_class=\"intro-secciones\"]<\/p>\n<h1>La tecnolog\u00eda como motor de la circularidad<\/h1>\n<p>&nbsp;<\/p>\n<h3>En el a\u00f1o 2023, junto con el plan estrat\u00e9gico, se cierra un ciclo del vigente plan de transformaci\u00f3n digital de Ecoembes, pero la evoluci\u00f3n de Ecoembes contin\u00faa, con nuevos retos como convertirnos en una compa\u00f1\u00eda <em>data driven<\/em> o aplicar la inteligencia artificial en nuestros proyectos. Vamos a actualizar nuestro Plan de transformaci\u00f3n digital para integrar y capitalizar nuevas tecnolog\u00edas que nos ayuden a avanzar hacia la circularidad.<\/h3>\n<p>[\/vc_column_text][\/vc_column][\/vc_row][vc_row css_animation=\"\" row_type=\"row\" use_row_as_full_screen_section=\"no\" type=\"grid\" angled_section=\"no\" text_align=\"left\" background_image_as_pattern=\"without_pattern\" title_tag=\"h3\" link_target=\"_self\" link_position=\"overlay\" image=\"134\" title=\"Rosa Trigo\" title_color=\"\" link=\"\" z_index=\"\" el_class=\"textos\"][vc_column css_animation=\"bottom-to-top\"][vc_column_text css=\"\"]El informe <em>Digitalisation for the transition to a resource efficient and circular economy<\/em> de la OECD destaca el papel crucial de la digitalizaci\u00f3n en la transici\u00f3n hacia una econom\u00eda circular. Las tecnolog\u00edas digitales, como la inteligencia artificial, el internet de las cosas y el <em>blockchain<\/em>, permiten la recopilaci\u00f3n y gesti\u00f3n de datos sobre productos, mejorando el dise\u00f1o de pol\u00edticas de econom\u00eda circular. La convergencia de la transformaci\u00f3n digital y los criterios ESG impulsan la adopci\u00f3n responsable de tecnolog\u00edas disruptivas, abordando desaf\u00edos como la seguridad de los datos y el consumo de recursos, as\u00ed como las sinergias con la dimensi\u00f3n ambiental y social para incrementar el impacto positivo generado desde Ecoembes.<\/p>\n<p>&nbsp;<\/p>\n<p>En Ecoembes estamos convencidos de que la tecnolog\u00eda y un esfuerzo constante de innovaci\u00f3n son imprescindibles para impulsar la evoluci\u00f3n del modelo de reciclaje de envases dom\u00e9sticos, para que la innovaci\u00f3n tecnol\u00f3gica est\u00e9 presente en toda la cadena de valor del envase y el proceso sea cada vez m\u00e1s digital y m\u00e1s circular.<\/p>\n<blockquote><p>Las innovaciones tecnol\u00f3gicas en econom\u00eda circular nos dan la oportunidad de optimizar recursos, reducir residuos, ser palanca para reciclar m\u00e1s y mejor, optimizar procesos\u2026 en definitiva, liderar el camino hacia un futuro m\u00e1s sostenible.<\/p><\/blockquote>\n<p>En 2021 pusimos en marcha el Plan Director de Tecnolog\u00eda, para poner la tecnolog\u00eda y los sistemas de informaci\u00f3n al servicio de los objetivos del Plan Estrat\u00e9gico 2021-2023. Concluido este ciclo, nuestro Plan ser\u00e1 actualizado y alineado con el nuevo Plan estrat\u00e9gico, como habilitador que contribuya a alcanzar los nuevos objetivos que demanda el Plan Estrat\u00e9gico de Ecoembes 2024-2026. En lo que respecta a 2023, estos han sido los hitos m\u00e1s destacados:[\/vc_column_text][\/vc_column][\/vc_row][vc_row css_animation=\"\" row_type=\"row\" use_row_as_full_screen_section=\"no\" type=\"grid\" angled_section=\"no\" text_align=\"left\" background_image_as_pattern=\"without_pattern\" z_index=\"\" el_class=\"cifras\"][vc_column css_animation=\"bottom-to-top\" width=\"1\/2\"]<div class=\"image_with_text\"><img decoding=\"async\" itemprop=\"image\" src=\"https:\/\/ecoembes.com\/landing\/informe-anual-2023\/wp-content\/uploads\/2024\/04\/datos.svg\" alt=\"Data driven company\" \/><h2  class=\"image_with_text_title\">Data driven company<\/h2><span style=\"margin: 6px 0px;\" class=\"separator transparent\"><\/span><\/p>\n<h5 style=\"padding-top: 30px; font-size: 16px; line-height: 22px; color: #333333;\">Ecoembes se acoge a las mejores pr\u00e1cticas de gobierno del dato con el objetivo de ser una compa\u00f1\u00eda <em>data driven<\/em>. Es decir, que aporte los mejores datos y previsiones para la toma de decisiones en la organizaci\u00f3n.<\/h5>\n<h5 style=\"padding-top: 30px; font-size: 16px; line-height: 22px; color: #333333;\">Para conseguir tener los mejores datos se ha aprovechado la tecnolog\u00eda <em>cloud<\/em> de las dos plataformas principales de obtenci\u00f3n de esta informaci\u00f3n:<\/h5>\n<h5 style=\"padding-top: 30px; font-size: 16px; line-height: 22px; color: #333333;\">\u00b7 La plataforma de envases, que en 2023 ha incorporado todos los procesos de declaraci\u00f3n que hasta ahora se gestionaban por el proceso simplificado, incorporando los nuevos procesos de ecomodulaci\u00f3n.<\/h5>\n<h5 style=\"padding-top: 30px; font-size: 16px; line-height: 22px; color: #333333;\">\u00b7 Plataforma de convenios, desarrollada a lo largo de 2023 y que contiene todas las integraciones necesarias para poder recibir informaci\u00f3n del proyecto SmartWaste.<\/h5>\n<p><\/div>[\/vc_column][vc_column css_animation=\"bottom-to-top\" width=\"1\/2\"]<div class=\"image_with_text\"><img decoding=\"async\" itemprop=\"image\" src=\"https:\/\/ecoembes.com\/landing\/informe-anual-2023\/wp-content\/uploads\/2024\/04\/innovacion.svg\" alt=\"Nuevos proyectos de innovaci\u00f3n tecnol\u00f3gica\" \/><h2  class=\"image_with_text_title\">Nuevos proyectos de innovaci\u00f3n tecnol\u00f3gica<\/h2><span style=\"margin: 6px 0px;\" class=\"separator transparent\"><\/span><\/p>\n<h5 style=\"padding-top: 30px; font-size: 16px; line-height: 22px; color: #333333;\">Hemos llevado a cabo proyectos de robotizaci\u00f3n y de desarrollo de aplicaciones con tecnolog\u00eda <em>low code<\/em>, buscando la eficiencia de los procesos corporativos.<\/h5>\n<h5 style=\"padding-top: 30px; font-size: 16px; line-height: 22px; color: #333333;\">Tambi\u00e9n destacan los diversos proyectos de IA orientados al reconocimiento de im\u00e1genes y las primeras aproximaciones a la incorporaci\u00f3n de la IA generativa en el puesto de trabajo del empleado y en aplicaciones corporativas.<\/h5>\n<h5 style=\"padding-top: 30px; font-size: 16px; line-height: 22px; color: #333333;\">Se ha mejorado el asistente virtual de reciclaje AIRE gracias a la IA y al aprendizaje autom\u00e1tico, incorporando nuevos t\u00e9rminos y mejorando su accesibilidad. Adem\u00e1s de estar disponible en Google Play y Apple Store, ahora tambi\u00e9n se puede acceder a trav\u00e9s de X, Facebook Messenger, Alexa y sitios web externos.<\/h5>\n<p><\/div>[\/vc_column][\/vc_row][vc_row css_animation=\"\" row_type=\"row\" use_row_as_full_screen_section=\"no\" type=\"grid\" angled_section=\"no\" text_align=\"left\" background_image_as_pattern=\"without_pattern\" z_index=\"\" el_class=\"cifras\" css=\".vc_custom_1713798828119{margin-top: -100px !important;}\"][vc_column css_animation=\"bottom-to-top\" width=\"1\/3\"]<div class=\"image_with_text\"><img decoding=\"async\" itemprop=\"image\" src=\"https:\/\/ecoembes.com\/landing\/informe-anual-2023\/wp-content\/uploads\/2024\/04\/circular.svg\" alt=\"Escalado de innovaci\u00f3n\" \/><h2  class=\"image_with_text_title\">Escalado de innovaci\u00f3n<\/h2><span style=\"margin: 6px 0px;\" class=\"separator transparent\"><\/span><\/p>\n<h5 style=\"padding-top: 30px; font-size: 16px; line-height: 22px; color: #333333;\">\u00b7 RECICLOS ha alcanzado a 10 millones de habitantes.<\/h5>\n<h5 style=\"padding-top: 30px; font-size: 16px; line-height: 22px; color: #333333;\">\u00b7 Desarrollo de nuevas versiones de PackCD.<\/h5>\n<h5 style=\"padding-top: 30px; font-size: 16px; line-height: 22px; color: #333333;\">\u00b7 Reestructuraci\u00f3n de SmartWaste, aprovechando toda la evoluci\u00f3n tecnol\u00f3gica desarrollada por Ecoembes en los \u00faltimos a\u00f1os.<\/h5>\n<p><\/div>[\/vc_column][vc_column css_animation=\"bottom-to-top\" width=\"1\/3\"]<div class=\"image_with_text\"><img decoding=\"async\" itemprop=\"image\" src=\"https:\/\/ecoembes.com\/landing\/informe-anual-2023\/wp-content\/uploads\/2024\/04\/digital-workplace.svg\" alt=\"Empleado digital\" \/><h2  class=\"image_with_text_title\">Empleado digital<\/h2><span style=\"margin: 6px 0px;\" class=\"separator transparent\"><\/span><\/p>\n<h5 style=\"padding-top: 30px; font-size: 16px; line-height: 22px; color: #333333;\">Se han realizado distintas acciones de formaci\u00f3n, desarrollado herramientas de gamificaci\u00f3n como el proyecto \u201cPasaporte digital\u201d, sesiones personalizadas a trav\u00e9s del \u201cc\u00f3rner digital\u201d y acciones personalizadas de ciberseguridad, entre otras, que nos han permitido incrementar el \u00edndice de digitalizaci\u00f3n del puesto de trabajo.<\/h5>\n<p><\/div>[\/vc_column][vc_column css_animation=\"bottom-to-top\" width=\"1\/3\"]<div class=\"image_with_text\"><img decoding=\"async\" itemprop=\"image\" src=\"https:\/\/ecoembes.com\/landing\/informe-anual-2023\/wp-content\/uploads\/2024\/04\/seguridad.svg\" alt=\"Ciberseguridad\" \/><h2  class=\"image_with_text_title\">Ciberseguridad<\/h2><span style=\"margin: 6px 0px;\" class=\"separator transparent\"><\/span><\/p>\n<h5 style=\"padding-top: 30px; font-size: 16px; line-height: 22px; color: #333333;\">Destaca el desarrollo de todo el modelo de gobierno de ciberseguridad en base a los est\u00e1ndares de la ISO 27001.<\/h5>\n<p><\/div>[\/vc_column][\/vc_row][vc_row row_type=\"parallax\" parallax_content_width=\"full_width\" text_align=\"center\" full_screen_section_height=\"yes\" vertically_align_content_in_middle=\"yes\" background_image=\"571\"][vc_column css_animation=\"bottom-to-top\"][vc_empty_space height=\"810px\" el_class=\"parallax-image\"][\/vc_column][\/vc_row][vc_row css_animation=\"\" row_type=\"row\" use_row_as_full_screen_section=\"no\" type=\"grid\" angled_section=\"no\" text_align=\"center\" background_image_as_pattern=\"without_pattern\" z_index=\"\"][vc_column]<div class=\"page_share qode_share\"><div class=\"social_share_holder\"><a href=\"javascript:void(0)\" target=\"_self\"><i class=\"icon-basic-share social_share_icon\"><\/i><span class=\"social_share_title\">Compartir<\/span><\/a><div class=\"social_share_dropdown\"><div class=\"inner_arrow\"><\/div><ul><li class=\"facebook_share\"><a href=\"javascript:void(0)\" onclick=\"window.open('https:\/\/www.facebook.com\/sharer.php?u=https%3A%2F%2Fecoembes.com%2Flanding%2Finforme-anual-2023%2Fliderazgo-responsable%2Fsomos-digitales%2F', 'sharer', 'toolbar=0,status=0,width=620,height=280');\"><i class=\"fa fa-facebook\"><\/i><\/a><\/li><li class=\"twitter_share\"><a href=\"#\" onclick=\"popUp=window.open('https:\/\/twitter.com\/intent\/tweet?text=%5Bvc_row+css_animation%3D%22%22+row_type%3D%22row%22+use_row_as_full_screen_section%3D%22no%22+type%3D%22full_width%22+angled_section%3D%22no%22+https:\/\/ecoembes.com\/landing\/informe-anual-2023\/liderazgo-responsable\/somos-digitales\/', 'popupwindow', 'scrollbars=yes,width=800,height=400');popUp.focus();return false;\"><i class=\"fa fa-twitter\"><\/i><\/a><\/li><li  class=\"linkedin_share\"><a href=\"#\" onclick=\"popUp=window.open('https:\/\/linkedin.com\/shareArticle?mini=true&amp;url=https%3A%2F%2Fecoembes.com%2Flanding%2Finforme-anual-2023%2Fliderazgo-responsable%2Fsomos-digitales%2F&amp;title=Somos+digitales', 'popupwindow', 'scrollbars=yes,width=800,height=400');popUp.focus();return false\"><i class=\"fa fa-linkedin\"><\/i><\/a><\/li><\/ul><\/div><\/div><\/div>[\/vc_column][\/vc_row]<\/p>\n<\/div>","protected":false},"excerpt":{"rendered":"<p>[vc_row css_animation=\"\" row_type=\"row\" use_row_as_full_screen_section=\"no\" type=\"full_width\" angled_section=\"no\" text_align=\"left\" background_image_as_pattern=\"without_pattern\"][vc_column][\/vc_column][\/vc_row][vc_row css_animation=\"\" row_type=\"row\" use_row_as_full_screen_section=\"no\" type=\"grid\" angled_section=\"no\" text_align=\"center\" background_image_as_pattern=\"without_pattern\" title_tag=\"h3\" link_target=\"_self\" link_position=\"overlay\" image=\"134\" title=\"Rosa Trigo\" title_color=\"\" link=\"\" z_index=\"\"][vc_column css_animation=\"bottom-to-top\"][vc_single_image image=\"709\" img_size=\"full\" alignment=\"center\" css=\"\" qode_css_animation=\"\" el_class=\"avatar-intro\"][vc_column_text css=\"\" el_class=\"intro-secciones\"] La tecnolog\u00eda como motor de la circularidad &nbsp; En el a\u00f1o 2023,...<\/p>\n","protected":false},"author":1,"featured_media":0,"parent":32,"menu_order":0,"comment_status":"closed","ping_status":"closed","template":"full_width.php","meta":{"footnotes":""},"_links":{"self":[{"href":"https:\/\/ecoembes.com\/landing\/informe-anual-2023\/wp-json\/wp\/v2\/pages\/551"}],"collection":[{"href":"https:\/\/ecoembes.com\/landing\/informe-anual-2023\/wp-json\/wp\/v2\/pages"}],"about":[{"href":"https:\/\/ecoembes.com\/landing\/informe-anual-2023\/wp-json\/wp\/v2\/types\/page"}],"author":[{"embeddable":true,"href":"https:\/\/ecoembes.com\/landing\/informe-anual-2023\/wp-json\/wp\/v2\/users\/1"}],"replies":[{"embeddable":true,"href":"https:\/\/ecoembes.com\/landing\/informe-anual-2023\/wp-json\/wp\/v2\/comments?post=551"}],"version-history":[{"count":40,"href":"https:\/\/ecoembes.com\/landing\/informe-anual-2023\/wp-json\/wp\/v2\/pages\/551\/revisions"}],"predecessor-version":[{"id":1661,"href":"https:\/\/ecoembes.com\/landing\/informe-anual-2023\/wp-json\/wp\/v2\/pages\/551\/revisions\/1661"}],"up":[{"embeddable":true,"href":"https:\/\/ecoembes.com\/landing\/informe-anual-2023\/wp-json\/wp\/v2\/pages\/32"}],"wp:attachment":[{"href":"https:\/\/ecoembes.com\/landing\/informe-anual-2023\/wp-json\/wp\/v2\/media?parent=551"}],"curies":[{"name":"wp","href":"https:\/\/api.w.org\/{rel}","templated":true}]}}