{"id":286,"date":"2024-04-15T17:13:06","date_gmt":"2024-04-15T15:13:06","guid":{"rendered":"https:\/\/ecoembes.com\/landing\/informe-anual-2023\/?page_id=286"},"modified":"2024-06-12T00:12:07","modified_gmt":"2024-06-11T22:12:07","slug":"movimiento-contra-la-basuraleza","status":"publish","type":"page","link":"https:\/\/ecoembes.com\/landing\/informe-anual-2023\/impacto-positivo\/movimiento-contra-la-basuraleza\/","title":{"rendered":"Movimiento contra la basuraleza"},"content":{"rendered":"<div class=\"wpb-content-wrapper\"><p>[vc_row css_animation=\"\" row_type=\"row\" use_row_as_full_screen_section=\"no\" type=\"full_width\" angled_section=\"no\" text_align=\"left\" background_image_as_pattern=\"without_pattern\"][vc_column]\n\t\t\t\t<p class=\"rs-p-wp-fix\"><\/p>\n\t\t\t\t<sr7-module data-alias=\"Basuraleza\" data-id=\"31\" id=\"SR7_31_1\" class=\"rs-ov-hidden\" data-version=\"6.7.9\">\n\t\t\t\t\t<sr7-adjuster><\/sr7-adjuster>\n\t\t\t\t\t<sr7-content>\n\t\t\t\t\t\t<sr7-slide id=\"SR7_31_1-47\" data-key=\"47\">\n\t\t\t\t\t\t\t<sr7-txt id=\"SR7_31_1-47-0\" class=\"sr7-layer\">circular<\/sr7-txt>\n\t\t\t\t\t\t\t<sr7-txt id=\"SR7_31_1-47-1\" class=\"sr7-layer\">Movimiento contra la<\/sr7-txt>\n\t\t\t\t\t\t<\/sr7-slide>\n\t\t\t\t\t\t<sr7-slide id=\"SR7_31_1-48\" data-key=\"48\">\n\t\t\t\t\t\t<\/sr7-slide>\n\t\t\t\t\t<\/sr7-content>\n\t\t\t\t\t<image_lists style=\"display:none\">\n\t\t\t\t\t\t<img data-src=\"\/\/ecoembes.com\/landing\/informe-anual-2023\/wp-content\/uploads\/2024\/04\/Impacto-Hero.jpg\" alt=\"cdn_helper\" data-libid=\"606\" width=\"0\" height=\"0\" data-dbsrc=\"Ly9lY29lbWJlcy5jb20vbGFuZGluZy9pbmZvcm1lLWFudWFsLTIwMjMvd3AtY29udGVudC91cGxvYWRzLzIwMjQvMDQvSW1wYWN0by1IZXJvLmpwZw==\"\/>\n\t\t\t\t\t\t<img data-src=\"\/\/ecoembes.com\/landing\/informe-anual-2023\/wp-content\/uploads\/2024\/04\/portada-basuraleza.png\" alt=\"cdn_helper\" data-libid=\"866\" width=\"0\" height=\"0\" data-dbsrc=\"Ly9lY29lbWJlcy5jb20vbGFuZGluZy9pbmZvcm1lLWFudWFsLTIwMjMvd3AtY29udGVudC91cGxvYWRzLzIwMjQvMDQvcG9ydGFkYS1iYXN1cmFsZXphLnBuZw==\"\/>\n\t\t\t\t\t<\/image_lists>\n\t\t\t\t<\/sr7-module>\n\t\t\t\t<script>\n\t\t\t\t\tSR7.PMH ??={}; SR7.PMH[\"SR7_31_1\"] = {cn:0,state:false,fn: function() { if (_tpt!==undefined && _tpt.prepareModuleHeight !== undefined) {  _tpt.prepareModuleHeight({id:\"SR7_31_1\",el:[900,900,743,565,349],type:'standard',shdw:'0',gh:[900,900,743,565,349],gw:[1240,1240,1024,778,480],vpt:['100px&#039;,&#039;100px&#039;,&#039;100px&#039;,&#039;100px&#039;,&#039;100px'],size:{fullWidth:true, fullHeight:true},fho:',',mh:'0',onh:0,onw:0,bg:{color:'{\"orig\":\"transparent\",\"type\":\"solid\",\"string\":\"transparent\"}'}});   SR7.PMH[\"SR7_31_1\"].state=true;} else if((SR7.PMH[\"SR7_31_1\"].cn++)<100)\tsetTimeout( SR7.PMH[\"SR7_31_1\"].fn,19);}};SR7.PMH[\"SR7_31_1\" ].fn();\n\t\t\t\t<\/script>\n[\/vc_column][\/vc_row][vc_row css_animation=\"\" row_type=\"row\" use_row_as_full_screen_section=\"no\" type=\"grid\" angled_section=\"no\" text_align=\"center\" background_image_as_pattern=\"without_pattern\" title_tag=\"h3\" link_target=\"_self\" link_position=\"overlay\" image=\"134\" title=\"Rosa Trigo\" title_color=\"\" link=\"\" z_index=\"\"][vc_column css_animation=\"bottom-to-top\"][vc_single_image image=\"613\" img_size=\"full\" alignment=\"center\" css=\"\" qode_css_animation=\"\" el_class=\"avatar-intro\"][vc_column_text css=\"\" el_class=\"intro-secciones\"]<\/p>\n<h1>Prevenir, movilizar y mitigar<\/h1>\n<p>&nbsp;<\/p>\n<h6>GRI <a href=\"https:\/\/ecoembes.com\/landing\/informe-anual-2023\/indice-de-contenidos-gri\/#gri-203-2\" target=\"_blank\" rel=\"noopener\">203-2<\/a>; <a href=\"https:\/\/ecoembes.com\/landing\/informe-anual-2023\/indice-de-contenidos-gri\/#gri-304-2\" target=\"_blank\" rel=\"noopener\">304-2<\/a>; <a href=\"https:\/\/ecoembes.com\/landing\/informe-anual-2023\/indice-de-contenidos-gri\/#gri-304-3\" target=\"_blank\" rel=\"noopener\">304-3<\/a>; <a href=\"https:\/\/ecoembes.com\/landing\/informe-anual-2023\/indice-de-contenidos-gri\/#gri-306-2\" target=\"_blank\" rel=\"noopener\">306-2<\/a>; <a href=\"https:\/\/ecoembes.com\/landing\/informe-anual-2023\/indice-de-contenidos-gri\/#gri-413-1\" target=\"_blank\" rel=\"noopener\">413-1<\/a><\/h6>\n<p>&nbsp;<\/p>\n<h3>El arquitecto Richard Buckminster dedic\u00f3 su vida a intentar responder a esta pregunta: \u201c\u00bfTiene la humanidad una posibilidad de sobrevivir final y exitosamente en el planeta Tierra?\u201d. Para \u00e9l, \u201cla contaminaci\u00f3n no es otra cosa que los recursos que estamos desperdiciando\u201d.<\/h3>\n<p>[\/vc_column_text][\/vc_column][\/vc_row][vc_row css_animation=\"\" row_type=\"row\" use_row_as_full_screen_section=\"no\" type=\"grid\" angled_section=\"no\" text_align=\"left\" background_image_as_pattern=\"without_pattern\" title_tag=\"h3\" link_target=\"_self\" link_position=\"overlay\" image=\"134\" title=\"Rosa Trigo\" title_color=\"\" link=\"\" z_index=\"\" el_class=\"textos\"][vc_column css_animation=\"bottom-to-top\"][vc_column_text css=\"\"]Promover la eliminaci\u00f3n de los residuos abandonados en la naturaleza (la basuraleza) es crucial para preservar nuestro entorno. A trav\u00e9s de la prevenci\u00f3n y la sensibilizaci\u00f3n, enfoc\u00e1ndonos en la circularidad, la reutilizaci\u00f3n de recursos y el reciclaje, podemos mitigar el impacto negativo en nuestros ecosistemas.<\/p>\n<p>&nbsp;<\/p>\n<p>La concienciaci\u00f3n sobre el abandono de residuos no solo implica las recogidas de basuraleza actuales, sino tambi\u00e9n la adopci\u00f3n de pr\u00e1cticas sostenibles para prevenir la generaci\u00f3n de desechos. Al fomentar estas acciones, desde Ecoembes estamos convencidos de que construimos un camino hacia un futuro m\u00e1s respetuoso con el medioambiente, donde cada individuo se convierta en un defensor activo de la naturaleza.<\/p>\n<p>&nbsp;<\/p>\n<p>Desde Ecoembes trabajamos para que Espa\u00f1a siga siendo un pa\u00eds l\u00edder en el trabajo de prevenci\u00f3n, movilizaci\u00f3n y mitigaci\u00f3n de la basuraleza.[\/vc_column_text][vc_empty_space height=\"100px\" el_class=\"espacio-100\"][\/vc_column][\/vc_row][vc_row row_type=\"parallax\" parallax_content_width=\"full_width\" text_align=\"center\" full_screen_section_height=\"yes\" vertically_align_content_in_middle=\"yes\" background_image=\"623\"][vc_column css_animation=\"bottom-to-top\"][vc_empty_space height=\"810px\" el_class=\"parallax-image\"][\/vc_column][\/vc_row][vc_row css_animation=\"\" row_type=\"row\" use_row_as_full_screen_section=\"no\" type=\"grid\" angled_section=\"no\" text_align=\"center\" background_image_as_pattern=\"without_pattern\" title_tag=\"h3\" link_target=\"_self\" link_position=\"overlay\" image=\"134\" title=\"Rosa Trigo\" title_color=\"\" link=\"\" z_index=\"\"][vc_column css_animation=\"bottom-to-top\"][vc_empty_space height=\"100px\" el_class=\"espacio-100\"][vc_column_text css=\"\" el_class=\"intro-secciones\"]<\/p>\n<h1>Proyecto LIBERA: un mill\u00f3n de residuos recogidos y clasificados<\/h1>\n<p>&nbsp;<\/p>\n<h3>M\u00e1s de un mill\u00f3n de residuos han sido caracterizados ya por el Proyecto LIBERA, de SEO\/BirdLife en alianza con Ecoembes, gracias a la colaboraci\u00f3n de las personas voluntarias del proyecto.<\/h3>\n<p>&nbsp;<\/p>\n<h6>GRI <a href=\"https:\/\/ecoembes.com\/landing\/informe-anual-2023\/indice-de-contenidos-gri\/#gri-306-2\" target=\"_blank\" rel=\"noopener\">306-2<\/a>; <a href=\"https:\/\/ecoembes.com\/landing\/informe-anual-2023\/indice-de-contenidos-gri\/#gri-413-1\" target=\"_blank\" rel=\"noopener\">413-1<\/a><\/h6>\n<p>[\/vc_column_text][\/vc_column][\/vc_row][vc_row css_animation=\"\" row_type=\"row\" use_row_as_full_screen_section=\"no\" type=\"grid\" angled_section=\"no\" text_align=\"left\" background_image_as_pattern=\"without_pattern\" title_tag=\"h3\" link_target=\"_self\" link_position=\"overlay\" image=\"134\" title=\"Rosa Trigo\" title_color=\"\" link=\"\" z_index=\"\" el_class=\"textos\"][vc_column css_animation=\"bottom-to-top\"][vc_column_text css=\".vc_custom_1718143834257{margin-top: -50px !important;}\"]El Proyecto LIBERA se puso en marcha en 2017, con el objetivo de sensibilizar y movilizar a la sociedad sobre la cantidad de residuos que se generan y el impacto que tienen si se abandonan en la naturaleza. Nuestro prop\u00f3sito sigue plenamente vigente despu\u00e9s de siete a\u00f1os: a trav\u00e9s de tres ejes de acci\u00f3n: conocimiento, prevenci\u00f3n y participaci\u00f3n.<\/p>\n<blockquote><p>Gracias al compromiso y al trabajo de quienes forman parte del movimiento LIBERA, en 2023 se consiguieron recoger y clasificar cerca de 124 toneladas de basuraleza en m\u00e1s de 2.100 puntos naturales.<\/p><\/blockquote>\n<p>&nbsp;<\/p>\n<h4>C\u00f3mo se ha logrado esta cifra<\/h4>\n<p>&nbsp;<\/p>\n<p>Gracias al compromiso y al trabajo de todas las personas que forman parte del movimiento LIBERA, en 2023 se consiguieron recoger y clasificar cerca de 124 toneladas de basuraleza en m\u00e1s de 2.100 puntos naturales. Dentro de estas campa\u00f1as se recogieron y caracterizaron cerca de 335.000 residuos abandonados en la naturaleza (m\u00e1s de 1.000.000 desde el inicio de este proyecto).<\/p>\n<p>&nbsp;<\/p>\n<p>Gran parte de esta cifra se ha logrado con la gran recogida \u201c1 m<sup>2<\/sup> contra la basuraleza\u201d y las campa\u00f1as de ciencia ciudadana de \u201c1m<sup>2<\/sup>\u201d por los diferentes entornos (fluvial, marino y terrestre) que LIBERA organiza a lo largo del a\u00f1o.<\/p>\n<p>&nbsp;<\/p>\n<h4>Una red de m\u00e1s de 2.500 entidades contra la basuraleza<\/h4>\n<p>&nbsp;<\/p>\n<p>El Proyecto LIBERA ha seguido creciendo y ha conseguido consolidar en 2023 una red que ya cuenta con m\u00e1s de 2.500 entidades entre Administraciones p\u00fablicas, entidades cient\u00edficas y colectivos locales, y est\u00e1 presente en todas las comunidades aut\u00f3nomas. Solo en el \u00faltimo a\u00f1o 390 nuevas organizaciones se han involucrado, de las cuales 156 son empresas: todas dispuestas a trabajar en soluciones ante este problema ambiental, cada una desde su campo y especialidad.<\/p>\n<blockquote><p>En 2023, 224 municipios nuevos de toda Espa\u00f1a se han unido a la iniciativa #MiPuebloSinBasuraleza, que cuenta ya con casi 900.<\/p><\/blockquote>\n<p>En 2023, 224 municipios nuevos de toda Espa\u00f1a se han unido a la iniciativa #MiPuebloSinBasuraleza, que cuenta ya con 890 en total. LIBERA ha colaborado tambi\u00e9n con siete confederaciones hidrogr\u00e1ficas (Cant\u00e1brico, Duero, Ebro, Tajo, Segura, Mi\u00f1o y Sil) y 297 espacios naturales, siete de ellos Parques Nacionales.<\/p>\n<p>&nbsp;<\/p>\n<p>LIBERA es un movimiento abierto e inclusivo, donde todas las personas y organizaciones son bienvenidas. Su enfoque flexible se adapta a las capacidades de cada individuo o colectivo que quiera unirse al compromiso y el deseo de combatir la basuraleza, siendo agentes activos en la causa.<\/p>\n<p>&nbsp;<\/p>\n<p>Dentro de la red LIBERA tambi\u00e9n participan entidades investigadoras, educativas, sociales o deportivas con distintos fines, como, por ejemplo:<\/p>\n<p>&nbsp;<\/p>\n<ul>\n<li>La lucha contra el abandono y uso de redes de pesca fantasma en colaboraci\u00f3n con la asociaci\u00f3n Alnitak en Baleares.<\/li>\n<li>Las jornadas de concienciaci\u00f3n sobre el problema de la basuraleza celebradas junto a la Federaci\u00f3n Espa\u00f1ola de Municipios y Provincias (FEMP).<\/li>\n<li>El muestreo y an\u00e1lisis de micropl\u00e1sticos en 30 r\u00edos gracias a la labor de los cient\u00edficos de la entidad Hombre y Territorio.<\/li>\n<li>La recogida, caracterizaci\u00f3n y sensibilizaci\u00f3n sobre los residuos del fondo del mar y de las ramblas, con Oce\u00e1nidas y Ecopuertos respectivamente.<\/li>\n<\/ul>\n<p>&nbsp;<\/p>\n<h4>Concienciar desde la educaci\u00f3n<\/h4>\n<p>&nbsp;<\/p>\n<p>La prevenci\u00f3n del abandono de residuos en la naturaleza a trav\u00e9s de la educaci\u00f3n ambiental es tambi\u00e9n clave y la red LIBERA llega a la comunidad educativa a trav\u00e9s del programa Aulas LIBERA, que tiene como objetivo fomentar el conocimiento y la lucha contra la basuraleza, y de LIBERA en la Universidad, que lleva la educaci\u00f3n ambiental a las aulas universitarias.<\/p>\n<p>&nbsp;<\/p>\n<p>Solo durante el curso 2022\/2023, m\u00e1s de 400 nuevas aulas de toda Espa\u00f1a se han apuntado a la iniciativa de Aulas LIBERA. Esto se traduce en que m\u00e1s de 11.100 nuevos alumnos y alumnas (60.000 en total, desde el inicio del proyecto) ya conocen la problem\u00e1tica de los residuos abandonados que les rodean y buscan soluciones a trav\u00e9s de gamificaci\u00f3n y acciones did\u00e1cticas sobre el terreno natural m\u00e1s cercano.<\/p>\n<p>&nbsp;<\/p>\n<p>&nbsp;<\/p>\n<h4>LIBERA en cifras 2023<\/h4>\n<p>[\/vc_column_text][\/vc_column][\/vc_row][vc_row css_animation=\"\" row_type=\"row\" use_row_as_full_screen_section=\"no\" type=\"grid\" angled_section=\"no\" text_align=\"left\" background_image_as_pattern=\"without_pattern\" z_index=\"\" el_class=\"cifras\"][vc_column css_animation=\"bottom-to-top\" width=\"1\/4\"]<div class=\"image_with_text\"><img decoding=\"async\" itemprop=\"image\" src=\"https:\/\/ecoembes.com\/landing\/informe-anual-2023\/wp-content\/uploads\/2024\/04\/personas.svg\" alt=\"34.575\" \/><h1  class=\"image_with_text_title\">34.575<\/h1><span style=\"margin: 6px 0px;\" class=\"separator transparent\"><\/span><\/p>\n<h5>Liberadores y liberadoras<\/h5>\n<p><\/div>[\/vc_column][vc_column css_animation=\"bottom-to-top\" width=\"1\/4\"]<div class=\"image_with_text\"><img decoding=\"async\" itemprop=\"image\" src=\"https:\/\/ecoembes.com\/landing\/informe-anual-2023\/wp-content\/uploads\/2024\/04\/envaces.svg\" alt=\"335.512\" \/><h1  class=\"image_with_text_title\">335.512<\/h1><span style=\"margin: 6px 0px;\" class=\"separator transparent\"><\/span><\/p>\n<h5>Residuos caracterizados<\/h5>\n<p><\/div>[\/vc_column][vc_column css_animation=\"bottom-to-top\" width=\"1\/4\"]<div class=\"image_with_text\"><img decoding=\"async\" itemprop=\"image\" src=\"https:\/\/ecoembes.com\/landing\/informe-anual-2023\/wp-content\/uploads\/2024\/04\/instituciones.svg\" alt=\"2.590\" \/><h1  class=\"image_with_text_title\">2.590<\/h1><span style=\"margin: 6px 0px;\" class=\"separator transparent\"><\/span><\/p>\n<h5>Entidades y organizaciones participantes<\/h5>\n<p><\/div>[\/vc_column][vc_column css_animation=\"bottom-to-top\" width=\"1\/4\"]<div class=\"image_with_text\"><img decoding=\"async\" itemprop=\"image\" src=\"https:\/\/ecoembes.com\/landing\/informe-anual-2023\/wp-content\/uploads\/2024\/04\/materia-prima.svg\" alt=\"2.103\" \/><h1  class=\"image_with_text_title\">2.103<\/h1><span style=\"margin: 6px 0px;\" class=\"separator transparent\"><\/span><\/p>\n<h5>Puntos libres de basuraleza<\/h5>\n<p><\/div>[\/vc_column][\/vc_row][vc_row css_animation=\"\" row_type=\"row\" use_row_as_full_screen_section=\"no\" type=\"grid\" angled_section=\"no\" text_align=\"left\" background_image_as_pattern=\"without_pattern\" z_index=\"\" el_class=\"cifras\" css=\".vc_custom_1713195815141{margin-top: -100px !important;}\"][vc_column css_animation=\"bottom-to-top\" width=\"1\/4\"][\/vc_column][vc_column css_animation=\"bottom-to-top\" width=\"1\/4\"]<div class=\"image_with_text\"><img decoding=\"async\" itemprop=\"image\" src=\"https:\/\/ecoembes.com\/landing\/informe-anual-2023\/wp-content\/uploads\/2024\/04\/circular.svg\" alt=\"760\" \/><h1  class=\"image_with_text_title\">760<\/h1><span style=\"margin: 6px 0px;\" class=\"separator transparent\"><\/span><\/p>\n<h5>Se\u00f1ales en espacios naturales<\/h5>\n<p><\/div>[\/vc_column][vc_column css_animation=\"bottom-to-top\" width=\"1\/4\"]<div class=\"image_with_text\"><img decoding=\"async\" itemprop=\"image\" src=\"https:\/\/ecoembes.com\/landing\/informe-anual-2023\/wp-content\/uploads\/2024\/04\/asociaciones.svg\" alt=\"67\" \/><h1  class=\"image_with_text_title\">67<\/h1><span style=\"margin: 6px 0px;\" class=\"separator transparent\"><\/span><\/p>\n<h5>Apadrinamientos de espacios naturales<\/h5>\n<p><\/div>[\/vc_column][vc_column css_animation=\"bottom-to-top\" width=\"1\/4\"][\/vc_column][\/vc_row][vc_row css_animation=\"\" row_type=\"row\" use_row_as_full_screen_section=\"no\" type=\"grid\" angled_section=\"no\" text_align=\"left\" background_image_as_pattern=\"without_pattern\" title_tag=\"h3\" link_target=\"_self\" link_position=\"overlay\" image=\"134\" title=\"Rosa Trigo\" title_color=\"\" link=\"\" z_index=\"\" el_class=\"textos\"][vc_column css_animation=\"bottom-to-top\"][vc_column_text css=\"\"]<\/p>\n<h4>Desde 2017<\/h4>\n<p>[\/vc_column_text][\/vc_column][\/vc_row][vc_row css_animation=\"\" row_type=\"row\" use_row_as_full_screen_section=\"no\" type=\"grid\" angled_section=\"no\" text_align=\"left\" background_image_as_pattern=\"without_pattern\" z_index=\"\" el_class=\"cifras\"][vc_column css_animation=\"bottom-to-top\" width=\"1\/4\"]<div class=\"image_with_text\"><img decoding=\"async\" itemprop=\"image\" src=\"https:\/\/ecoembes.com\/landing\/informe-anual-2023\/wp-content\/uploads\/2024\/04\/personas.svg\" alt=\"165.856\" \/><h1  class=\"image_with_text_title\">165.856<\/h1><span style=\"margin: 6px 0px;\" class=\"separator transparent\"><\/span><\/p>\n<h5>Liberadores y liberadoras<\/h5>\n<p><\/div>[\/vc_column][vc_column css_animation=\"bottom-to-top\" width=\"1\/4\"]<div class=\"image_with_text\"><img decoding=\"async\" itemprop=\"image\" src=\"https:\/\/ecoembes.com\/landing\/informe-anual-2023\/wp-content\/uploads\/2024\/04\/envaces.svg\" alt=\"1.165.612\" \/><h1  class=\"image_with_text_title\">1.165.612<\/h1><span style=\"margin: 6px 0px;\" class=\"separator transparent\"><\/span><\/p>\n<h5>Residuos caracterizados<\/h5>\n<p><\/div>[\/vc_column][vc_column css_animation=\"bottom-to-top\" width=\"1\/4\"]<div class=\"image_with_text\"><img decoding=\"async\" itemprop=\"image\" src=\"https:\/\/ecoembes.com\/landing\/informe-anual-2023\/wp-content\/uploads\/2024\/04\/contenedor-amarillo.svg\" alt=\"687,8\" \/><h1  class=\"image_with_text_title\">687,8<\/h1><span style=\"margin: 6px 0px;\" class=\"separator transparent\"><\/span><\/p>\n<h5>Toneladas de basura recogidas<\/h5>\n<p><\/div>[\/vc_column][vc_column css_animation=\"bottom-to-top\" width=\"1\/4\"]<div class=\"image_with_text\"><img decoding=\"async\" itemprop=\"image\" src=\"https:\/\/ecoembes.com\/landing\/informe-anual-2023\/wp-content\/uploads\/2024\/04\/materia-prima.svg\" alt=\"8.604\" \/><h1  class=\"image_with_text_title\">8.604<\/h1><span style=\"margin: 6px 0px;\" class=\"separator transparent\"><\/span><\/p>\n<h5>Puntos limpios de basuraleza<\/h5>\n<p><\/div>[\/vc_column][\/vc_row][vc_row css_animation=\"\" row_type=\"row\" use_row_as_full_screen_section=\"no\" type=\"grid\" angled_section=\"no\" text_align=\"left\" background_image_as_pattern=\"without_pattern\" z_index=\"\" el_class=\"textos\" css=\".vc_custom_1713196403308{margin-top: -100px !important;}\"][vc_column css_animation=\"bottom-to-top\"][vc_separator type=\"normal\"][\/vc_column][\/vc_row][vc_row css_animation=\"\" row_type=\"row\" use_row_as_full_screen_section=\"no\" type=\"grid\" angled_section=\"no\" text_align=\"left\" background_image_as_pattern=\"without_pattern\" z_index=\"\" el_class=\"textos\"][vc_column css_animation=\"bottom-to-top\" width=\"1\/2\" el_class=\"columna\"][vc_single_image image=\"306\" img_size=\"full\" alignment=\"center\" css=\"\" qode_css_animation=\"\" el_class=\"project-image\"][vc_column_text css=\"\" el_class=\"texto-proyectos\"]<\/p>\n<h2 style=\"text-align: center;\">Upcycling the Oceans: salvemos nuestros oc\u00e9anos<\/h2>\n<p>&nbsp;<\/p>\n<h3 style=\"text-align: center;\">La devastadora huella de la actividad humana en los oc\u00e9anos, manifestada en toneladas de desechos, representa una amenaza para la vida marina y la salud de nuestro planeta.<\/h3>\n<p>&nbsp;<\/p>\n<h6>GRI <a href=\"https:\/\/ecoembes.com\/landing\/informe-anual-2023\/indice-de-contenidos-gri\/#gri-306-2\" target=\"_blank\" rel=\"noopener\">306-2<\/a>; <a href=\"https:\/\/ecoembes.com\/landing\/informe-anual-2023\/indice-de-contenidos-gri\/#gri-413-1\" target=\"_blank\" rel=\"noopener\">413-1<\/a><\/h6>\n<p>&nbsp;<\/p>\n<p>En marzo de 2023, tras casi dos d\u00e9cadas de negociaciones, se firm\u00f3 por fin el Tratado de Alta Mar, impulsado por la ONU, que supone un acuerdo hist\u00f3rico para la protecci\u00f3n de los oc\u00e9anos. Su objetivo es declarar como \u00e1reas protegidas el 30% de los oc\u00e9anos del mundo, destinando m\u00e1s dinero a la conservaci\u00f3n y cubriendo el acceso y el uso de los recursos gen\u00e9ticos.<\/p>\n<blockquote><p>En 2023, 154.896 kg de residuos fueron recuperados de los fondos marinos espa\u00f1oles gracias a la labor altruista de 2.600 pescadores.<\/p><\/blockquote>\n<p>Pero la puesta en marcha de este acuerdo, aunque es un paso importante, no es suficiente a\u00fan para recuperar nuestros oc\u00e9anos. Seg\u00fan una reciente investigaci\u00f3n de Ocean Race, los niveles de contaminaci\u00f3n encontrados en los oc\u00e9anos Atl\u00e1ntico y Ant\u00e1rtico son hasta 18 veces superiores a los del \u00faltimo estudio realizado en 2017. Conscientes de la urgencia de tomar medidas para enfrentar este desaf\u00edo ambiental, en 2015, Ecoembes y Fundaci\u00f3n Ecoalf unieron fuerzas a trav\u00e9s del proyecto Upcycling the Oceans.<\/p>\n<p>&nbsp;<\/p>\n<p>Esta iniciativa tiene como objetivo colaborar en la limpieza de los oc\u00e9anos, recuperando desechos marinos y transform\u00e1ndolos en nuevas materias primas mediante el poder del reciclaje y de la econom\u00eda circular. Es una nueva vida para la basura que nunca deber\u00eda haber llegado al mar.<\/p>\n<p>&nbsp;<\/p>\n<p>Detr\u00e1s de cada haza\u00f1a, hay corazones valientes: los pescadores, que con su generosidad y compromiso desinteresado ayudan a limpiar nuestras aguas, recogiendo la basura que queda atrapada en sus redes y transport\u00e1ndola a los contenedores en tierra para que pueda ser reciclada y transformada. En este noble esfuerzo, la Plataforma MARNOBA, de la Asociaci\u00f3n Vertidos Cero, tambi\u00e9n juega un papel crucial al contribuir al conocimiento de esta problem\u00e1tica y a la b\u00fasqueda de alternativas mediante el an\u00e1lisis de los residuos recogidos.<\/p>\n<p>&nbsp;<\/p>\n<p>A\u00fan queda mucho por hacer y es necesaria la cooperaci\u00f3n de toda la sociedad para buscar soluciones que pasan, adem\u00e1s de por el reciclaje, por la reducci\u00f3n y la reutilizaci\u00f3n. Una muestra del poder de la colaboraci\u00f3n son los datos de 2023:<\/p>\n<p>&nbsp;<\/p>\n<ul>\n<li>154.896 kg de residuos recuperados de los fondos marinos espa\u00f1oles.<\/li>\n<li>Gracias a la labor altruista de 2.600 pescadores que salen a faenar en 640 barcos.<\/li>\n<li>Se sumaron al proyecto los puertos gallegos de Combarro y Sanxenxo, con los que alcanzamos la cifra total de 45 puertos pesqueros colaboradores, repartidos en cinco comunidades aut\u00f3nomas: Galicia, Catalu\u00f1a, Comunidad Valenciana, Regi\u00f3n de Murcia y Andaluc\u00eda.<\/li>\n<\/ul>\n<p>[\/vc_column_text][\/vc_column][vc_column css_animation=\"bottom-to-top\" width=\"1\/2\" el_class=\"columna\"][\/vc_column][\/vc_row][vc_row css_animation=\"\" row_type=\"row\" use_row_as_full_screen_section=\"no\" type=\"grid\" angled_section=\"no\" text_align=\"center\" background_image_as_pattern=\"without_pattern\" z_index=\"\"][vc_column]<div class=\"page_share qode_share\"><div class=\"social_share_holder\"><a href=\"javascript:void(0)\" target=\"_self\"><i class=\"icon-basic-share social_share_icon\"><\/i><span class=\"social_share_title\">Compartir<\/span><\/a><div class=\"social_share_dropdown\"><div class=\"inner_arrow\"><\/div><ul><li class=\"facebook_share\"><a href=\"javascript:void(0)\" onclick=\"window.open('https:\/\/www.facebook.com\/sharer.php?u=https%3A%2F%2Fecoembes.com%2Flanding%2Finforme-anual-2023%2Fimpacto-positivo%2Fmovimiento-contra-la-basuraleza%2F', 'sharer', 'toolbar=0,status=0,width=620,height=280');\"><i class=\"fa fa-facebook\"><\/i><\/a><\/li><li class=\"twitter_share\"><a href=\"#\" onclick=\"popUp=window.open('https:\/\/twitter.com\/intent\/tweet?text=%5Bvc_row+css_animation%3D%22%22+row_type%3D%22row%22+use_row_as_full_screen_section%3D%22no%22+type%3D%22full_width%22+angled_section%3D%22no%22+https:\/\/ecoembes.com\/landing\/informe-anual-2023\/impacto-positivo\/movimiento-contra-la-basuraleza\/', 'popupwindow', 'scrollbars=yes,width=800,height=400');popUp.focus();return false;\"><i class=\"fa fa-twitter\"><\/i><\/a><\/li><li  class=\"linkedin_share\"><a href=\"#\" onclick=\"popUp=window.open('https:\/\/linkedin.com\/shareArticle?mini=true&amp;url=https%3A%2F%2Fecoembes.com%2Flanding%2Finforme-anual-2023%2Fimpacto-positivo%2Fmovimiento-contra-la-basuraleza%2F&amp;title=Movimiento+contra+la+basuraleza', 'popupwindow', 'scrollbars=yes,width=800,height=400');popUp.focus();return false\"><i class=\"fa fa-linkedin\"><\/i><\/a><\/li><\/ul><\/div><\/div><\/div>[\/vc_column][\/vc_row]<\/p>\n<\/div>","protected":false},"excerpt":{"rendered":"<p>[vc_row css_animation=\"\" row_type=\"row\" use_row_as_full_screen_section=\"no\" type=\"full_width\" angled_section=\"no\" text_align=\"left\" background_image_as_pattern=\"without_pattern\"][vc_column][\/vc_column][\/vc_row][vc_row css_animation=\"\" row_type=\"row\" use_row_as_full_screen_section=\"no\" type=\"grid\" angled_section=\"no\" text_align=\"center\" background_image_as_pattern=\"without_pattern\" title_tag=\"h3\" link_target=\"_self\" link_position=\"overlay\" image=\"134\" title=\"Rosa Trigo\" title_color=\"\" link=\"\" z_index=\"\"][vc_column css_animation=\"bottom-to-top\"][vc_single_image image=\"613\" img_size=\"full\" alignment=\"center\" css=\"\" qode_css_animation=\"\" el_class=\"avatar-intro\"][vc_column_text css=\"\" el_class=\"intro-secciones\"] Prevenir, movilizar y mitigar &nbsp; GRI 203-2; 304-2; 304-3; 306-2; 413-1 &nbsp;...<\/p>\n","protected":false},"author":1,"featured_media":0,"parent":38,"menu_order":0,"comment_status":"closed","ping_status":"closed","template":"full_width.php","meta":{"footnotes":""},"_links":{"self":[{"href":"https:\/\/ecoembes.com\/landing\/informe-anual-2023\/wp-json\/wp\/v2\/pages\/286"}],"collection":[{"href":"https:\/\/ecoembes.com\/landing\/informe-anual-2023\/wp-json\/wp\/v2\/pages"}],"about":[{"href":"https:\/\/ecoembes.com\/landing\/informe-anual-2023\/wp-json\/wp\/v2\/types\/page"}],"author":[{"embeddable":true,"href":"https:\/\/ecoembes.com\/landing\/informe-anual-2023\/wp-json\/wp\/v2\/users\/1"}],"replies":[{"embeddable":true,"href":"https:\/\/ecoembes.com\/landing\/informe-anual-2023\/wp-json\/wp\/v2\/comments?post=286"}],"version-history":[{"count":33,"href":"https:\/\/ecoembes.com\/landing\/informe-anual-2023\/wp-json\/wp\/v2\/pages\/286\/revisions"}],"predecessor-version":[{"id":1676,"href":"https:\/\/ecoembes.com\/landing\/informe-anual-2023\/wp-json\/wp\/v2\/pages\/286\/revisions\/1676"}],"up":[{"embeddable":true,"href":"https:\/\/ecoembes.com\/landing\/informe-anual-2023\/wp-json\/wp\/v2\/pages\/38"}],"wp:attachment":[{"href":"https:\/\/ecoembes.com\/landing\/informe-anual-2023\/wp-json\/wp\/v2\/media?parent=286"}],"curies":[{"name":"wp","href":"https:\/\/api.w.org\/{rel}","templated":true}]}}