{"id":2,"date":"2024-04-04T11:28:55","date_gmt":"2024-04-04T09:28:55","guid":{"rendered":"http:\/\/ecoembes.com\/landing\/informe-anual-2023\/?page_id=2"},"modified":"2024-06-11T22:24:40","modified_gmt":"2024-06-11T20:24:40","slug":"pagina-ejemplo","status":"publish","type":"page","link":"https:\/\/ecoembes.com\/landing\/informe-anual-2023\/","title":{"rendered":"Home"},"content":{"rendered":"<div class=\"wpb-content-wrapper\"><p>[vc_row css_animation=\"\" row_type=\"row\" use_row_as_full_screen_section=\"no\" type=\"full_width\" angled_section=\"no\" text_align=\"left\" background_image_as_pattern=\"without_pattern\"][vc_column]\n\t\t\t\t<p class=\"rs-p-wp-fix\"><\/p>\n\t\t\t\t<sr7-module data-alias=\"Home\" data-id=\"14\" id=\"SR7_14_1\" class=\"rs-ov-hidden\" data-version=\"6.7.9\">\n\t\t\t\t\t<sr7-adjuster><\/sr7-adjuster>\n\t\t\t\t\t<sr7-content>\n\t\t\t\t\t\t<sr7-slide id=\"SR7_14_1-15\" data-key=\"15\">\n\t\t\t\t\t\t<\/sr7-slide>\n\t\t\t\t\t\t<sr7-slide id=\"SR7_14_1-16\" data-key=\"16\">\n\t\t\t\t\t\t<\/sr7-slide>\n\t\t\t\t\t<\/sr7-content>\n\t\t\t\t\t<image_lists style=\"display:none\">\n\t\t\t\t\t\t<img data-src=\"\/\/ecoembes.com\/landing\/informe-anual-2023\/wp-content\/uploads\/2024\/04\/Hero-Home-0.svg\" alt=\"cdn_helper\" data-libid=\"116\" width=\"0\" height=\"0\" data-dbsrc=\"Ly9lY29lbWJlcy5jb20vbGFuZGluZy9pbmZvcm1lLWFudWFsLTIwMjMvd3AtY29udGVudC91cGxvYWRzLzIwMjQvMDQvSGVyby1Ib21lLTAuc3Zn\"\/>\n\t\t\t\t\t\t<img data-src=\"\/\/ecoembes.com\/landing\/informe-anual-2023\/wp-content\/uploads\/2024\/04\/Hero-Home-2-1.svg\" alt=\"cdn_helper\" data-libid=\"117\" width=\"0\" height=\"0\" data-dbsrc=\"Ly9lY29lbWJlcy5jb20vbGFuZGluZy9pbmZvcm1lLWFudWFsLTIwMjMvd3AtY29udGVudC91cGxvYWRzLzIwMjQvMDQvSGVyby1Ib21lLTItMS5zdmc=\"\/>\n\t\t\t\t\t\t<img data-src=\"\/\/ecoembes.com\/landing\/informe-anual-2023\/wp-content\/uploads\/2024\/04\/Hero-Home-2-2.svg\" alt=\"cdn_helper\" data-libid=\"118\" width=\"0\" height=\"0\" data-dbsrc=\"Ly9lY29lbWJlcy5jb20vbGFuZGluZy9pbmZvcm1lLWFudWFsLTIwMjMvd3AtY29udGVudC91cGxvYWRzLzIwMjQvMDQvSGVyby1Ib21lLTItMi5zdmc=\"\/>\n\t\t\t\t\t\t<img data-src=\"\/\/ecoembes.com\/landing\/informe-anual-2023\/wp-content\/uploads\/2024\/04\/Hero-Home-3.svg\" alt=\"cdn_helper\" data-libid=\"119\" width=\"0\" height=\"0\" data-dbsrc=\"Ly9lY29lbWJlcy5jb20vbGFuZGluZy9pbmZvcm1lLWFudWFsLTIwMjMvd3AtY29udGVudC91cGxvYWRzLzIwMjQvMDQvSGVyby1Ib21lLTMuc3Zn\"\/>\n\t\t\t\t\t\t<img data-src=\"\/\/ecoembes.com\/landing\/informe-anual-2023\/wp-content\/uploads\/2024\/04\/Home-Hero-Mouse.svg\" alt=\"cdn_helper\" data-libid=\"126\" width=\"0\" height=\"0\" data-dbsrc=\"Ly9lY29lbWJlcy5jb20vbGFuZGluZy9pbmZvcm1lLWFudWFsLTIwMjMvd3AtY29udGVudC91cGxvYWRzLzIwMjQvMDQvSG9tZS1IZXJvLU1vdXNlLnN2Zw==\"\/>\n\t\t\t\t\t\t<img data-src=\"\/\/ecoembes.com\/landing\/informe-anual-2023\/wp-content\/uploads\/2024\/04\/Home-Hero-Mask.svg\" alt=\"cdn_helper\" data-libid=\"120\" width=\"0\" height=\"0\" data-dbsrc=\"Ly9lY29lbWJlcy5jb20vbGFuZGluZy9pbmZvcm1lLWFudWFsLTIwMjMvd3AtY29udGVudC91cGxvYWRzLzIwMjQvMDQvSG9tZS1IZXJvLU1hc2suc3Zn\"\/>\n\t\t\t\t\t\t<img data-src=\"\/\/ecoembes.com\/landing\/informe-anual-2023\/wp-content\/uploads\/2024\/04\/Hero-Home-Circle.svg\" alt=\"cdn_helper\" data-libid=\"112\" width=\"0\" height=\"0\" data-dbsrc=\"Ly9lY29lbWJlcy5jb20vbGFuZGluZy9pbmZvcm1lLWFudWFsLTIwMjMvd3AtY29udGVudC91cGxvYWRzLzIwMjQvMDQvSGVyby1Ib21lLUNpcmNsZS5zdmc=\"\/>\n\t\t\t\t\t<\/image_lists>\n\t\t\t\t<\/sr7-module>\n\t\t\t\t<script>\n\t\t\t\t\tSR7.PMH ??={}; SR7.PMH[\"SR7_14_1\"] = {cn:0,state:false,fn: function() { if (_tpt!==undefined && _tpt.prepareModuleHeight !== undefined) {  _tpt.prepareModuleHeight({id:\"SR7_14_1\",el:[900,900,778,1024,812],type:'hero',shdw:'0',slideduration:'5000ms',gh:[900,900,778,1024,812],gw:[1440,1440,1281,768,375],vpt:['100px&#039;,&#039;100px&#039;,&#039;100px&#039;,&#039;100px&#039;,&#039;100px'],size:{fullWidth:true, fullHeight:true},fho:',',mh:'0',sbt:{use:true},onh:0,onw:0,bg:{color:'{\"orig\":\"transparent\",\"type\":\"solid\",\"string\":\"transparent\"}'}});   SR7.PMH[\"SR7_14_1\"].state=true;} else if((SR7.PMH[\"SR7_14_1\"].cn++)<100)\tsetTimeout( SR7.PMH[\"SR7_14_1\"].fn,19);}};SR7.PMH[\"SR7_14_1\" ].fn();\n\t\t\t\t<\/script>\n[\/vc_column][\/vc_row][vc_row css_animation=\"\" row_type=\"row\" use_row_as_full_screen_section=\"no\" type=\"grid\" angled_section=\"no\" text_align=\"left\" background_image_as_pattern=\"without_pattern\" z_index=\"\"][vc_column css_animation=\"bottom-to-top\"][vc_column_text css=\"\" el_class=\"titular-home\"]<\/p>\n<h2>Cada a\u00f1o trabajamos para alcanzar nuestro prop\u00f3sito de lograr un futuro sin residuos, en el que vamos m\u00e1s all\u00e1 del reciclaje: la circularidad es la clave. En este firme convencimiento, durante 2023 han aumentado un 3,5% las toneladas enviadas a reciclar y el 99,85% de la poblaci\u00f3n tiene ya acceso a la recogida selectiva de envases.<\/h2>\n<p>&nbsp;<\/p>\n<h2>Gracias a la colaboraci\u00f3n de todos los agentes implicados, entre los que destacan las 14.611 empresas que forman parte de Ecoembes, podremos alcanzar nuestra meta y construir un futuro m\u00e1s verde, pr\u00f3spero e inclusivo.<\/h2>\n<p>[\/vc_column_text][\/vc_column][\/vc_row][vc_row css_animation=\"\" row_type=\"row\" use_row_as_full_screen_section=\"no\" type=\"grid\" angled_section=\"no\" text_align=\"left\" background_image_as_pattern=\"without_pattern\" z_index=\"\" el_class=\"cifras-home\"][vc_column css_animation=\"bottom-to-top\" width=\"1\/4\"]<div class=\"image_with_text\"><img decoding=\"async\" itemprop=\"image\" src=\"https:\/\/ecoembes.com\/landing\/informe-anual-2023\/wp-content\/uploads\/2024\/04\/envaces.svg\" alt=\"1.683.890\" \/><h1  class=\"image_with_text_title\">1.683.890<\/h1><span style=\"margin: 6px 0px;\" class=\"separator transparent\"><\/span><\/p>\n<h6>Toneladas<\/h6>\n<h5>De envases dom\u00e9sticos entregadas a instalaciones recicladoras para su reciclado<\/h5>\n<p><\/div>[\/vc_column][vc_column css_animation=\"bottom-to-top\" width=\"1\/4\"]<div class=\"image_with_text\"><img decoding=\"async\" itemprop=\"image\" src=\"https:\/\/ecoembes.com\/landing\/informe-anual-2023\/wp-content\/uploads\/2024\/04\/emisiones.svg\" alt=\"1,7\" \/><h1  class=\"image_with_text_title\">1,7<\/h1><span style=\"margin: 6px 0px;\" class=\"separator transparent\"><\/span><\/p>\n<h6>Millones<\/h6>\n<h5>De toneladas de emisiones de CO<sub>2<\/sub> reducidas<\/h5>\n<p><\/div>[\/vc_column][vc_column css_animation=\"bottom-to-top\" width=\"1\/4\"]<div class=\"image_with_text\"><img decoding=\"async\" itemprop=\"image\" src=\"https:\/\/ecoembes.com\/landing\/informe-anual-2023\/wp-content\/uploads\/2024\/04\/comida.svg\" alt=\"279\" \/><h1  class=\"image_with_text_title\">279<\/h1><span style=\"margin: 6px 0px;\" class=\"separator transparent\"><\/span><\/p>\n<h6>Toneladas<\/h6>\n<h5>De basuraleza recogidas y clasificadas<\/h5>\n<p><\/div>[\/vc_column][vc_column css_animation=\"bottom-to-top\" width=\"1\/4\"]<div class=\"image_with_text\"><img decoding=\"async\" itemprop=\"image\" src=\"https:\/\/ecoembes.com\/landing\/informe-anual-2023\/wp-content\/uploads\/2024\/04\/asociaciones.svg\" alt=\"+18.100\" \/><h1  class=\"image_with_text_title\">+18.100<\/h1><span style=\"margin: 6px 0px;\" class=\"separator transparent\"><\/span><\/p>\n<h6>Profesionales<\/h6>\n<h5>Formados en TheCircularCampus y TheCircularLab<\/h5>\n<p><\/div>[\/vc_column][\/vc_row][vc_row css_animation=\"\" row_type=\"row\" use_row_as_full_screen_section=\"no\" type=\"grid\" angled_section=\"no\" text_align=\"left\" background_image_as_pattern=\"without_pattern\" z_index=\"\" el_class=\"cifras-home\" css=\".vc_custom_1718099817061{margin-top: -300px !important;}\"][vc_column css_animation=\"bottom-to-top\" width=\"1\/4\"]<div class=\"image_with_text\"><img decoding=\"async\" itemprop=\"image\" src=\"https:\/\/ecoembes.com\/landing\/informe-anual-2023\/wp-content\/uploads\/2024\/04\/parques-tematicos.svg\" alt=\"29.979\" \/><h1  class=\"image_with_text_title\">29.979<\/h1><span style=\"margin: 6px 0px;\" class=\"separator transparent\"><\/span><\/p>\n<h6>Alumnos\/as<\/h6>\n<h5>De primaria y secundaria formados<\/h5>\n<p><\/div>[\/vc_column][vc_column css_animation=\"bottom-to-top\" width=\"1\/4\"]<div class=\"image_with_text\"><img decoding=\"async\" itemprop=\"image\" src=\"https:\/\/ecoembes.com\/landing\/informe-anual-2023\/wp-content\/uploads\/2024\/04\/personas.svg\" alt=\"228.369\" \/><h1  class=\"image_with_text_title\">228.369<\/h1><span style=\"margin: 6px 0px;\" class=\"separator transparent\"><\/span><\/p>\n<h6>personas<\/h6>\n<h5>Mayores impactadas<\/h5>\n<p><\/div>[\/vc_column][vc_column css_animation=\"bottom-to-top\" width=\"1\/4\"]<div class=\"image_with_text\"><img decoding=\"async\" itemprop=\"image\" src=\"https:\/\/ecoembes.com\/landing\/informe-anual-2023\/wp-content\/uploads\/2024\/04\/rueda-dentada.svg\" alt=\"483\" \/><h1  class=\"image_with_text_title\">483<\/h1><span style=\"margin: 6px 0px;\" class=\"separator transparent\"><\/span><\/p>\n<h6>empleos<\/h6>\n<h5>De personas en exclusi\u00f3n generados<\/h5>\n<p><\/div>[\/vc_column][vc_column css_animation=\"bottom-to-top\" width=\"1\/4\"]<div class=\"image_with_text\"><img decoding=\"async\" itemprop=\"image\" src=\"https:\/\/ecoembes.com\/landing\/informe-anual-2023\/wp-content\/uploads\/2024\/04\/reciclos.svg\" alt=\"+530\" \/><h1  class=\"image_with_text_title\">+530<\/h1><span style=\"margin: 6px 0px;\" class=\"separator transparent\"><\/span><\/p>\n<h6>proyectos<\/h6>\n<h5>Solidarios activados con RECICLOS<\/h5>\n<p><\/div>[\/vc_column][\/vc_row][vc_row css_animation=\"\" row_type=\"row\" use_row_as_full_screen_section=\"yes\" type=\"full_width\" angled_section=\"no\" text_align=\"center\" background_image_as_pattern=\"without_pattern\" z_index=\"\"][vc_column css_animation=\"bottom-to-top\"]\n\t\t\t\t<p class=\"rs-p-wp-fix\"><\/p>\n\t\t\t\t<sr7-module data-alias=\"Slider-Home\" data-id=\"46\" id=\"SR7_46_2\" class=\"rs-ov-hidden\" data-version=\"6.7.9\">\n\t\t\t\t\t<sr7-adjuster><\/sr7-adjuster>\n\t\t\t\t\t<sr7-content>\n\t\t\t\t\t\t<sr7-slide id=\"SR7_46_2-77\" data-key=\"77\">\n\t\t\t\t\t\t\t<sr7-txt id=\"SR7_46_2-77-0\" class=\"sr7-layer\">Responsable<\/sr7-txt>\n\t\t\t\t\t\t\t<sr7-txt id=\"SR7_46_2-77-1\" class=\"sr7-layer\">Somos<\/sr7-txt>\n\t\t\t\t\t\t\t<sr7-txt id=\"SR7_46_2-77-2\" class=\"sr7-layer\"><div class=\"slider-home-menu\"><a href=\"https:\/\/ecoembes.com\/landing\/informe-anual-2023\/liderazgo-responsable\/futuro-circular\/\">Futuro circular<\/a> \u00b7 <a href=\"https:\/\/ecoembes.com\/landing\/informe-anual-2023\/liderazgo-responsable\/nuestra-hoja-de-ruta\/\">Nuestra hoja de ruta<\/a> \u00b7 <a href=\"https:\/\/ecoembes.com\/landing\/informe-anual-2023\/liderazgo-responsable\/somos-digitales\/\">Somos digitales<\/a> \u00b7 <a href=\"https:\/\/ecoembes.com\/landing\/informe-anual-2023\/liderazgo-responsable\/compromiso-etico\/\">Compromiso \u00e9tico<\/a> \u00b7 <a href=\"https:\/\/ecoembes.com\/landing\/informe-anual-2023\/liderazgo-responsable\/buena-gobernanza\/\">Buena gobernanza<\/a> \u00b7 <a href=\"https:\/\/ecoembes.com\/landing\/informe-anual-2023\/liderazgo-responsable\/transparencia-y-escucha-activa\/\">Transparencia y escucha activa<\/a> \u00b7 <a href=\"https:\/\/ecoembes.com\/landing\/informe-anual-2023\/liderazgo-responsable\/talento-para-la-circularidad\/\">Talento para la circularidad<\/a><\/div><\/sr7-txt>\n\t\t\t\t\t\t<\/sr7-slide>\n\t\t\t\t\t\t<sr7-slide id=\"SR7_46_2-83\" data-key=\"83\">\n\t\t\t\t\t\t\t<sr7-txt id=\"SR7_46_2-83-0\" class=\"sr7-layer\">Aliadas de la circularidad<\/sr7-txt>\n\t\t\t\t\t\t\t<sr7-txt id=\"SR7_46_2-83-3\" class=\"sr7-layer\"><div class=\"slider-home-menu\"><a href=\"https:\/\/ecoembes.com\/landing\/informe-anual-2023\/corresponsabilidad\/cifras-2023-mas-circulares\/\">Cifras 2023: m\u00e1s circulares<\/a> \u00b7 <a href=\"https:\/\/ecoembes.com\/landing\/informe-anual-2023\/corresponsabilidad\/una-sociedad-que-impulsa-el-cambio\/\">Una sociedad que impulsa el cambio<\/a> \u00b7 <a href=\"https:\/\/ecoembes.com\/landing\/informe-anual-2023\/corresponsabilidad\/empresas-por-la-circularidad\/\">Empresas por la circularidad<\/a> \u00b7 <a href=\"https:\/\/ecoembes.com\/landing\/informe-anual-2023\/corresponsabilidad\/administraciones-aliadas-de-la-circularidad\/\">Administraciones, aliadas de la circularidad<\/a> \u00b7 <a href=\"https:\/\/ecoembes.com\/landing\/informe-anual-2023\/corresponsabilidad\/recicladores-que-completan-el-circulo\/\">Recicladores que completan el c\u00edrculo<\/a><\/div><\/sr7-txt>\n\t\t\t\t\t\t<\/sr7-slide>\n\t\t\t\t\t\t<sr7-slide id=\"SR7_46_2-84\" data-key=\"84\">\n\t\t\t\t\t\t\t<sr7-txt id=\"SR7_46_2-84-0\" class=\"sr7-layer\">Positivo<\/sr7-txt>\n\t\t\t\t\t\t\t<sr7-txt id=\"SR7_46_2-84-1\" class=\"sr7-layer\">Nuestros<\/sr7-txt>\n\t\t\t\t\t\t\t<sr7-txt id=\"SR7_46_2-84-6\" class=\"sr7-layer\"><div class=\"slider-home-menu\"><a href=\"https:\/\/ecoembes.com\/landing\/informe-anual-2023\/impacto-positivo\/nuestros-territorios-de-impacto\/\">Nuestros territorios de impacto<\/a> \u00b7 <a href=\"https:\/\/ecoembes.com\/landing\/informe-anual-2023\/impacto-positivo\/innovaci\u00f3n-circular\/\">Innovaci\u00f3n circular<\/a> \u00b7 <a href=\"https:\/\/ecoembes.com\/landing\/informe-anual-2023\/impacto-positivo\/movimiento-contra-la-basuraleza\/\">Movimiento contra la basuraleza<\/a> \u00b7 <a href=\"https:\/\/ecoembes.com\/landing\/informe-anual-2023\/impacto-positivo\/educar-para-la-transformaci\u00f3n\/\">Educar para la transformaci\u00f3n<\/a> \u00b7 <a href=\"https:\/\/ecoembes.com\/landing\/informe-anual-2023\/impacto-positivo\/mas-inclusivos\/\">M\u00e1s inclusivos<\/a> \u00b7 <a href=\"https:\/\/ecoembes.com\/landing\/informe-anual-2023\/impacto-positivo\/reciclaje-con-causa\/\">Reciclaje con causa<\/a><\/div><\/sr7-txt>\n\t\t\t\t\t\t<\/sr7-slide>\n\t\t\t\t\t\t<sr7-slide id=\"SR7_46_2-78\" data-key=\"78\">\n\t\t\t\t\t\t<\/sr7-slide>\n\t\t\t\t\t<\/sr7-content>\n\t\t\t\t\t<image_lists style=\"display:none\">\n\t\t\t\t\t\t<img data-src=\"\/\/ecoembes.com\/landing\/informe-anual-2023\/wp-content\/uploads\/2024\/04\/Liderazgo-Hero.jpg\" alt=\"cdn_helper\" data-libid=\"710\" width=\"0\" height=\"0\" data-dbsrc=\"Ly9lY29lbWJlcy5jb20vbGFuZGluZy9pbmZvcm1lLWFudWFsLTIwMjMvd3AtY29udGVudC91cGxvYWRzLzIwMjQvMDQvTGlkZXJhemdvLUhlcm8uanBn\"\/>\n\t\t\t\t\t\t<img data-src=\"\/\/ecoembes.com\/landing\/informe-anual-2023\/wp-content\/uploads\/2024\/05\/01-Slider-Liderazgo.png\" alt=\"cdn_helper\" data-libid=\"1052\" width=\"0\" height=\"0\" data-dbsrc=\"Ly9lY29lbWJlcy5jb20vbGFuZGluZy9pbmZvcm1lLWFudWFsLTIwMjMvd3AtY29udGVudC91cGxvYWRzLzIwMjQvMDUvMDEtU2xpZGVyLUxpZGVyYXpnby5wbmc=\"\/>\n\t\t\t\t\t\t<img data-src=\"\/\/ecoembes.com\/landing\/informe-anual-2023\/wp-content\/uploads\/2024\/04\/corresponsabilidad-hero.jpg\" alt=\"cdn_helper\" data-libid=\"579\" width=\"0\" height=\"0\" data-dbsrc=\"Ly9lY29lbWJlcy5jb20vbGFuZGluZy9pbmZvcm1lLWFudWFsLTIwMjMvd3AtY29udGVudC91cGxvYWRzLzIwMjQvMDQvY29ycmVzcG9uc2FiaWxpZGFkLWhlcm8uanBn\"\/>\n\t\t\t\t\t\t<img data-src=\"\/\/ecoembes.com\/landing\/informe-anual-2023\/wp-content\/uploads\/2024\/05\/02-Slider-Corresponsabilidad.png\" alt=\"cdn_helper\" data-libid=\"1053\" width=\"0\" height=\"0\" data-dbsrc=\"Ly9lY29lbWJlcy5jb20vbGFuZGluZy9pbmZvcm1lLWFudWFsLTIwMjMvd3AtY29udGVudC91cGxvYWRzLzIwMjQvMDUvMDItU2xpZGVyLUNvcnJlc3BvbnNhYmlsaWRhZC5wbmc=\"\/>\n\t\t\t\t\t\t<img data-src=\"\/\/ecoembes.com\/landing\/informe-anual-2023\/wp-content\/uploads\/2024\/04\/Impacto-Hero.jpg\" alt=\"cdn_helper\" data-libid=\"606\" width=\"0\" height=\"0\" data-dbsrc=\"Ly9lY29lbWJlcy5jb20vbGFuZGluZy9pbmZvcm1lLWFudWFsLTIwMjMvd3AtY29udGVudC91cGxvYWRzLzIwMjQvMDQvSW1wYWN0by1IZXJvLmpwZw==\"\/>\n\t\t\t\t\t\t<img data-src=\"\/\/ecoembes.com\/landing\/informe-anual-2023\/wp-content\/uploads\/2024\/05\/03-Slider-Impacto.png\" alt=\"cdn_helper\" data-libid=\"1054\" width=\"0\" height=\"0\" data-dbsrc=\"Ly9lY29lbWJlcy5jb20vbGFuZGluZy9pbmZvcm1lLWFudWFsLTIwMjMvd3AtY29udGVudC91cGxvYWRzLzIwMjQvMDUvMDMtU2xpZGVyLUltcGFjdG8ucG5n\"\/>\n\t\t\t\t\t<\/image_lists>\n\t\t\t\t<\/sr7-module>\n\t\t\t\t<script>\n\t\t\t\t\tSR7.PMH ??={}; SR7.PMH[\"SR7_46_2\"] = {cn:0,state:false,fn: function() { if (_tpt!==undefined && _tpt.prepareModuleHeight !== undefined) {  _tpt.prepareModuleHeight({id:\"SR7_46_2\",el:[900,900,743,565,349],type:'standard',shdw:'0',gh:[900,900,743,565,349],gw:[1240,1240,1024,778,480],vpt:['100px&#039;,&#039;100px&#039;,&#039;100px&#039;,&#039;100px&#039;,&#039;100px'],size:{fullWidth:true, fullHeight:true},fho:',',mh:'0',onh:0,onw:0,bg:{color:'{\"orig\":\"transparent\",\"type\":\"solid\",\"string\":\"transparent\"}'}});   SR7.PMH[\"SR7_46_2\"].state=true;} else if((SR7.PMH[\"SR7_46_2\"].cn++)<100)\tsetTimeout( SR7.PMH[\"SR7_46_2\"].fn,19);}};SR7.PMH[\"SR7_46_2\" ].fn();\n\t\t\t\t<\/script>\n[\/vc_column][\/vc_row][vc_row css_animation=\"\" row_type=\"row\" use_row_as_full_screen_section=\"no\" type=\"grid\" angled_section=\"no\" text_align=\"center\" background_image_as_pattern=\"without_pattern\" z_index=\"\" el_class=\"home-ceo\"][vc_column css_animation=\"bottom-to-top\"]<div class=\"image_with_text\"><img decoding=\"async\" itemprop=\"image\" src=\"https:\/\/ecoembes.com\/landing\/informe-anual-2023\/wp-content\/uploads\/2024\/05\/Rosa-Trigo-CEO-2023.png\" alt=\"Rosa Trigo\" \/><h2  class=\"image_with_text_title\">Rosa Trigo<\/h2><span style=\"margin: 6px 0px;\" class=\"separator transparent\"><\/span><\/p>\n<h6>CEO de Ecoembes<\/h6>\n<p><\/div>[vc_column_text css=\"\" el_class=\"titulares\"]<\/p>\n<h3>Sabemos que el reciclaje por s\u00ed solo ya no es suficiente, y tampoco basta solo con sumar la reducci\u00f3n o la reutilizaci\u00f3n a la f\u00f3rmula. Para seguir avanzando en esta senda es necesaria la corresponsabilidad. Que todos y cada uno de los sectores de la econom\u00eda y la sociedad pasen a la acci\u00f3n.<\/h3>\n<p>[\/vc_column_text]<a  itemprop=\"url\" href=\"https:\/\/ecoembes.com\/landing\/informe-anual-2023\/hablemos-del-futuro\/\" target=\"_self\"  class=\"qbutton  default\" style=\"\">Hablemos del futuro<\/a>[\/vc_column][\/vc_row][vc_row css_animation=\"\" row_type=\"row\" use_row_as_full_screen_section=\"no\" type=\"grid\" angled_section=\"no\" text_align=\"center\" background_image_as_pattern=\"without_pattern\" z_index=\"\"][vc_column css_animation=\"bottom-to-top\"][vc_column_text css=\"\" el_class=\"notas\"]*En algunos datos puede haber peque\u00f1as diferencias (no significativas) entre lo recogido en el Informe de Gesti\u00f3n de las Cuentas Anuales de Ecoembes 2023 y los datos reflejados en este Informe Anual. Esto se debe a que los datos se calculan en momentos diferentes del a\u00f1o con la mejor informaci\u00f3n disponible en ese momento.[\/vc_column_text][\/vc_column][\/vc_row]<\/p>\n<\/div>","protected":false},"excerpt":{"rendered":"<p>[vc_row css_animation=\"\" row_type=\"row\" use_row_as_full_screen_section=\"no\" type=\"full_width\" angled_section=\"no\" text_align=\"left\" background_image_as_pattern=\"without_pattern\"][vc_column][\/vc_column][\/vc_row][vc_row css_animation=\"\" row_type=\"row\" use_row_as_full_screen_section=\"no\" type=\"grid\" angled_section=\"no\" text_align=\"left\" background_image_as_pattern=\"without_pattern\" z_index=\"\"][vc_column css_animation=\"bottom-to-top\"][vc_column_text css=\"\" el_class=\"titular-home\"] Cada a\u00f1o trabajamos para alcanzar nuestro prop\u00f3sito de lograr un futuro sin residuos, en el que vamos m\u00e1s all\u00e1 del reciclaje: la circularidad es la clave....<\/p>\n","protected":false},"author":1,"featured_media":0,"parent":0,"menu_order":0,"comment_status":"closed","ping_status":"open","template":"full_width.php","meta":{"footnotes":""},"_links":{"self":[{"href":"https:\/\/ecoembes.com\/landing\/informe-anual-2023\/wp-json\/wp\/v2\/pages\/2"}],"collection":[{"href":"https:\/\/ecoembes.com\/landing\/informe-anual-2023\/wp-json\/wp\/v2\/pages"}],"about":[{"href":"https:\/\/ecoembes.com\/landing\/informe-anual-2023\/wp-json\/wp\/v2\/types\/page"}],"author":[{"embeddable":true,"href":"https:\/\/ecoembes.com\/landing\/informe-anual-2023\/wp-json\/wp\/v2\/users\/1"}],"replies":[{"embeddable":true,"href":"https:\/\/ecoembes.com\/landing\/informe-anual-2023\/wp-json\/wp\/v2\/comments?post=2"}],"version-history":[{"count":60,"href":"https:\/\/ecoembes.com\/landing\/informe-anual-2023\/wp-json\/wp\/v2\/pages\/2\/revisions"}],"predecessor-version":[{"id":1641,"href":"https:\/\/ecoembes.com\/landing\/informe-anual-2023\/wp-json\/wp\/v2\/pages\/2\/revisions\/1641"}],"wp:attachment":[{"href":"https:\/\/ecoembes.com\/landing\/informe-anual-2023\/wp-json\/wp\/v2\/media?parent=2"}],"curies":[{"name":"wp","href":"https:\/\/api.w.org\/{rel}","templated":true}]}}