{"id":933,"date":"2021-05-30T17:59:34","date_gmt":"2021-05-30T15:59:34","guid":{"rendered":"https:\/\/ecoembes.com\/landing\/informe-anual-2021\/?page_id=933"},"modified":"2022-06-29T09:00:23","modified_gmt":"2022-06-29T07:00:23","slug":"oportunidades-para-todos","status":"publish","type":"page","link":"https:\/\/ecoembes.com\/landing\/informe-anual-2021\/agenda-2030\/oportunidades-para-todos\/","title":{"rendered":"Oportunidades para todos"},"content":{"rendered":"<p>[vc_row css_animation=\"\" row_type=\"row\" use_row_as_full_screen_section=\"no\" type=\"full_width\" angled_section=\"no\" text_align=\"center\" background_image_as_pattern=\"without_pattern\" z_index=\"\"][vc_column]\n\t\t\t<!-- START Agenda 2030 5 REVOLUTION SLIDER 6.5.23 --><p class=\"rs-p-wp-fix\"><\/p>\n\t\t\t<rs-module-wrap id=\"rev_slider_37_1_wrapper\" data-source=\"gallery\" style=\"visibility:hidden;background:transparent;padding:0;\">\n\t\t\t\t<rs-module id=\"rev_slider_37_1\" style=\"\" data-version=\"6.5.23\">\n\t\t\t\t\t<rs-slides>\n\t\t\t\t\t\t<rs-slide style=\"position: absolute;\" data-key=\"rs-39\" data-title=\"Slide\" data-in=\"o:0;\" data-out=\"a:false;\">\n\t\t\t\t\t\t\t<img src=\"\/\/ecoembes.com\/landing\/informe-anual-2021\/wp-content\/plugins\/revslider\/public\/assets\/assets\/dummy.png\" alt=\"Slide\" title=\"Oportunidades para todos\" class=\"rev-slidebg tp-rs-img rs-lazyload\" data-lazyload=\"\/\/ecoembes.com\/landing\/informe-anual-2021\/wp-content\/plugins\/revslider\/public\/assets\/assets\/transparent.png\" data-bg=\"c:#e7f5e3;\" data-no-retina>\n<!--\n\t\t\t\t\t\t\t--><rs-group\n\t\t\t\t\t\t\t\tid=\"slider-37-slide-39-layer-0\" \n\t\t\t\t\t\t\t\tclass=\"circulos-hero\"\n\t\t\t\t\t\t\t\tdata-type=\"group\"\n\t\t\t\t\t\t\t\tdata-rsp_ch=\"on\"\n\t\t\t\t\t\t\t\tdata-xy=\"x:c;y:m;yo:0,0,50px,40px;\"\n\t\t\t\t\t\t\t\tdata-text=\"w:normal;s:20,17,10,6;l:0,22,13,8;\"\n\t\t\t\t\t\t\t\tdata-dim=\"w:100%,75%,75%,90%;h:100%;\"\n\t\t\t\t\t\t\t\tdata-basealign=\"slide\"\n\t\t\t\t\t\t\t\tdata-frame_0=\"o:1;\"\n\t\t\t\t\t\t\t\tdata-frame_999=\"o:0;st:w;sR:8700;sA:9000;\"\n\t\t\t\t\t\t\t\tstyle=\"z-index:10;\"\n\t\t\t\t\t\t\t><!--\n\t\t\t\t\t\t\t\t--><rs-layer\n\t\t\t\t\t\t\t\t\tid=\"circle-2\" \n\t\t\t\t\t\t\t\t\tdata-type=\"image\"\n\t\t\t\t\t\t\t\t\tdata-rsp_ch=\"on\"\n\t\t\t\t\t\t\t\t\tdata-xy=\"x:c;y:m;\"\n\t\t\t\t\t\t\t\t\tdata-text=\"w:normal;s:20,17,10,6;l:0,22,13,8;\"\n\t\t\t\t\t\t\t\t\tdata-dim=\"w:56%,67%,79%,83%;\"\n\t\t\t\t\t\t\t\t\tdata-basealign=\"slide\"\n\t\t\t\t\t\t\t\t\tdata-frame_1=\"rZ:-180deg;e:power3.out;st:300;sp:2500;sR:300;\"\n\t\t\t\t\t\t\t\t\tdata-frame_999=\"o:0;st:w;sR:6200;\"\n\t\t\t\t\t\t\t\t\tstyle=\"z-index:9;\"\n\t\t\t\t\t\t\t\t><img src=\"\/\/ecoembes.com\/landing\/informe-anual-2021\/wp-content\/plugins\/revslider\/public\/assets\/assets\/dummy.png\" alt=\"\" class=\"tp-rs-img rs-lazyload\" data-lazyload=\"\/\/ecoembes.com\/landing\/informe-anual-2021\/wp-content\/uploads\/2022\/05\/circulo-reciclaje-02.svg\" data-no-retina> \n\t\t\t\t\t\t\t\t<\/rs-layer><!--\n\n\t\t\t\t\t\t\t\t--><rs-layer\n\t\t\t\t\t\t\t\t\tid=\"circle-3\" \n\t\t\t\t\t\t\t\t\tdata-type=\"image\"\n\t\t\t\t\t\t\t\t\tdata-rsp_ch=\"on\"\n\t\t\t\t\t\t\t\t\tdata-xy=\"x:c;y:m;\"\n\t\t\t\t\t\t\t\t\tdata-text=\"w:normal;s:20,17,10,6;l:0,22,13,8;\"\n\t\t\t\t\t\t\t\t\tdata-dim=\"w:68%,81%,96%,100%;\"\n\t\t\t\t\t\t\t\t\tdata-basealign=\"slide\"\n\t\t\t\t\t\t\t\t\tdata-frame_1=\"rZ:180deg;e:power3.out;st:300;sp:3000;sR:300;\"\n\t\t\t\t\t\t\t\t\tdata-frame_999=\"o:0;st:w;sR:5700;\"\n\t\t\t\t\t\t\t\t\tstyle=\"z-index:8;\"\n\t\t\t\t\t\t\t\t><img src=\"\/\/ecoembes.com\/landing\/informe-anual-2021\/wp-content\/plugins\/revslider\/public\/assets\/assets\/dummy.png\" alt=\"\" class=\"tp-rs-img rs-lazyload\" data-lazyload=\"\/\/ecoembes.com\/landing\/informe-anual-2021\/wp-content\/uploads\/2022\/05\/circulo-reciclaje-03.svg\" data-no-retina> \n\t\t\t\t\t\t\t\t<\/rs-layer><!--\n\t\t\t\t\t\t\t--><\/rs-group><!--\n\n\t\t\t\t\t\t\t--><rs-group\n\t\t\t\t\t\t\t\tid=\"slider-37-slide-39-layer-7\" \n\t\t\t\t\t\t\t\tclass=\"slide-hero-title\"\n\t\t\t\t\t\t\t\tdata-type=\"group\"\n\t\t\t\t\t\t\t\tdata-rsp_ch=\"on\"\n\t\t\t\t\t\t\t\tdata-xy=\"x:c;yo:0,0,40px,25px;\"\n\t\t\t\t\t\t\t\tdata-text=\"w:normal;s:20,17,10,6;l:0,22,13,8;\"\n\t\t\t\t\t\t\t\tdata-dim=\"w:80%,90%,100%,90%;h:210px,23%,170px,180px;\"\n\t\t\t\t\t\t\t\tdata-basealign=\"slide\"\n\t\t\t\t\t\t\t\tdata-frame_0=\"o:1;\"\n\t\t\t\t\t\t\t\tdata-frame_999=\"o:0;st:w;sR:8700;sA:9000;\"\n\t\t\t\t\t\t\t\tstyle=\"z-index:14;\"\n\t\t\t\t\t\t\t><!--\n\t\t\t\t\t\t\t\t--><rs-layer\n\t\t\t\t\t\t\t\t\tid=\"slider-37-slide-39-layer-5\" \n\t\t\t\t\t\t\t\t\tdata-type=\"image\"\n\t\t\t\t\t\t\t\t\tdata-rsp_ch=\"on\"\n\t\t\t\t\t\t\t\t\tdata-xy=\"x:c;\"\n\t\t\t\t\t\t\t\t\tdata-text=\"w:normal;s:20,17,10,6;l:0,22,13,8;\"\n\t\t\t\t\t\t\t\t\tdata-dim=\"w:85px,85px,70px,70px;h:40px,40px,33px,33px;\"\n\t\t\t\t\t\t\t\t\tdata-frame_0=\"y:50,44,26,16;\"\n\t\t\t\t\t\t\t\t\tdata-frame_1=\"e:power3.out;sp:1000;\"\n\t\t\t\t\t\t\t\t\tdata-frame_999=\"o:0;st:w;sR:8000;\"\n\t\t\t\t\t\t\t\t\tstyle=\"z-index:13;\"\n\t\t\t\t\t\t\t\t><img src=\"\/\/ecoembes.com\/landing\/informe-anual-2021\/wp-content\/plugins\/revslider\/public\/assets\/assets\/dummy.png\" alt=\"\" class=\"tp-rs-img rs-lazyload\" data-lazyload=\"\/\/ecoembes.com\/landing\/informe-anual-2021\/wp-content\/uploads\/2022\/05\/simbolo-naranja.svg\" data-no-retina> \n\t\t\t\t\t\t\t\t<\/rs-layer><!--\n\n\t\t\t\t\t\t\t\t--><rs-layer\n\t\t\t\t\t\t\t\t\tid=\"slider-37-slide-39-layer-6\" \n\t\t\t\t\t\t\t\t\tclass=\"titulo-home\"\n\t\t\t\t\t\t\t\t\tdata-type=\"text\"\n\t\t\t\t\t\t\t\t\tdata-color=\"#ea3d34\"\n\t\t\t\t\t\t\t\t\tdata-rsp_ch=\"on\"\n\t\t\t\t\t\t\t\t\tdata-xy=\"x:c;yo:70px,60px,55px,55px;\"\n\t\t\t\t\t\t\t\t\tdata-text=\"w:normal;s:42,36,32,30;l:52,46,42,40;a:center;\"\n\t\t\t\t\t\t\t\t\tdata-dim=\"w:100%,95%,95%,100%;\"\n\t\t\t\t\t\t\t\t\tdata-frame_0=\"y:50,44,26,16;\"\n\t\t\t\t\t\t\t\t\tdata-frame_1=\"e:power3.out;st:200;sp:1000;sR:200;\"\n\t\t\t\t\t\t\t\t\tdata-frame_999=\"o:0;st:w;sR:7800;\"\n\t\t\t\t\t\t\t\t\tstyle=\"z-index:12;font-family:'Roboto';\"\n\t\t\t\t\t\t\t\t><span>Agenda 2030<\/span> <br \/>\nOportunidades para todos \n\t\t\t\t\t\t\t\t<\/rs-layer><!--\n\n\t\t\t\t\t\t\t\t--><rs-layer\n\t\t\t\t\t\t\t\t\tid=\"slider-37-slide-39-layer-9\" \n\t\t\t\t\t\t\t\t\tclass=\"ods-home\"\n\t\t\t\t\t\t\t\t\tdata-type=\"text\"\n\t\t\t\t\t\t\t\t\tdata-color=\"#ea3d34\"\n\t\t\t\t\t\t\t\t\tdata-rsp_ch=\"on\"\n\t\t\t\t\t\t\t\t\tdata-xy=\"x:c;y:b;\"\n\t\t\t\t\t\t\t\t\tdata-text=\"w:normal;s:14;l:16;a:center;\"\n\t\t\t\t\t\t\t\t\tdata-frame_0=\"y:50,44,26,16;\"\n\t\t\t\t\t\t\t\t\tdata-frame_1=\"e:power3.out;st:300;sp:1000;\"\n\t\t\t\t\t\t\t\t\tdata-frame_999=\"o:0;st:w;\"\n\t\t\t\t\t\t\t\t\tstyle=\"z-index:11;font-family:'Roboto';\"\n\t\t\t\t\t\t\t\t><strong>ODS 10<\/strong> \n\t\t\t\t\t\t\t\t<\/rs-layer><!--\n\t\t\t\t\t\t\t--><\/rs-group><!--\n-->\t\t\t\t\t\t<\/rs-slide>\n\t\t\t\t\t<\/rs-slides>\n\t\t\t\t<\/rs-module>\n\t\t\t\t<script>\n\t\t\t\t\tsetREVStartSize({c: 'rev_slider_37_1',rl:[1440,1281,778,480],el:[900,800,960,720],gw:[1440,1280,778,480],gh:[900,800,960,720],type:'hero',justify:'',layout:'fullscreen',offsetContainer:'',offset:'',mh:\"0\"});if (window.RS_MODULES!==undefined && window.RS_MODULES.modules!==undefined && window.RS_MODULES.modules[\"revslider371\"]!==undefined) {window.RS_MODULES.modules[\"revslider371\"].once = false;window.revapi37 = undefined;if (window.RS_MODULES.checkMinimal!==undefined) window.RS_MODULES.checkMinimal()}\n\t\t\t\t<\/script>\n\t\t\t<\/rs-module-wrap>\n\t\t\t<!-- END REVOLUTION SLIDER -->\n[\/vc_column][\/vc_row][vc_row css_animation=\"\" row_type=\"row\" use_row_as_full_screen_section=\"no\" type=\"grid\" angled_section=\"no\" text_align=\"center\" background_image_as_pattern=\"without_pattern\" z_index=\"\" el_class=\"intro-seccion\"][vc_column width=\"1\/6\"][\/vc_column][vc_column css_animation=\"bottom-to-top\" width=\"2\/3\"][vc_column_text]<\/p>\n<h1>Inclusi\u00f3n social<\/h1>\n<p>[\/vc_column_text][vc_column_text]<\/p>\n<h3>Reciclaje para no dejar a nadie atr\u00e1s<\/h3>\n<p>&nbsp;<\/p>\n<h6><span style=\"color: #469730;\">GRI <a href=\"https:\/\/ecoembes.com\/landing\/informe-anual-2021\/indice-de-contenidos-gri\/#gri-413-1\" target=\"_blank\" rel=\"noopener\">413-1<\/a>, <a href=\"https:\/\/ecoembes.com\/landing\/informe-anual-2021\/indice-de-contenidos-gri\/#gri-203-2\" target=\"_blank\" rel=\"noopener\">203-2<\/a><\/span><\/h6>\n<p>[\/vc_column_text][vc_column_text]<\/p>\n<h5>La circularidad va m\u00e1s all\u00e1 del reciclaje y del cuidado del medioambiente. Porque un futuro circular no ser\u00e1 posible si no es, al mismo tiempo, m\u00e1s justo e inclusivo, y eso pasa por fomentar el empleo y la protecci\u00f3n de las personas m\u00e1s vulnerables.<\/h5>\n<p>[\/vc_column_text][\/vc_column][vc_column width=\"1\/6\"][\/vc_column][\/vc_row][vc_row css_animation=\"\" row_type=\"row\" use_row_as_full_screen_section=\"no\" type=\"grid\" angled_section=\"no\" text_align=\"left\" background_image_as_pattern=\"without_pattern\" z_index=\"\" el_class=\"texto-una-columna\"][vc_column][vc_column_text]En Ecoembes siempre hemos tenido esto muy claro y desde nuestra parcela, en la que promovemos y gestionamos la circularidad de los envases, hemos ampliado iniciativas dirigidas a los sectores de la sociedad en riesgo de exclusi\u00f3n para revertir esa situaci\u00f3n a trav\u00e9s de lo que mejor sabemos hacer: reciclar y colaborar. Aprovechamos nuestro alcance como organizaci\u00f3n experta en reciclaje para ponerlo al servicio de quienes m\u00e1s lo necesitan y nos alineamos con el ODS 10 de reducci\u00f3n de desigualdades a trav\u00e9s de proyectos que fomentan el empleo en los adultos, y el talento y la creatividad en los m\u00e1s peque\u00f1os.[\/vc_column_text][\/vc_column][\/vc_row][vc_row css_animation=\"\" row_type=\"row\" use_row_as_full_screen_section=\"no\" type=\"grid\" angled_section=\"no\" text_align=\"left\" background_image_as_pattern=\"without_pattern\" z_index=\"\" el_id=\"reciclar\"][vc_column][vc_single_image image=\"2328\" img_size=\"full\" qode_css_animation=\"\"][\/vc_column][\/vc_row][vc_row css_animation=\"\" row_type=\"row\" use_row_as_full_screen_section=\"no\" type=\"grid\" angled_section=\"no\" text_align=\"center\" background_image_as_pattern=\"without_pattern\" z_index=\"\" el_class=\"proyecto-una-columnas\"][vc_column width=\"1\/6\"][\/vc_column][vc_column css_animation=\"bottom-to-top\" width=\"2\/3\"][vc_column_text]<\/p>\n<h3>Reciclar para cambiar vidas: un movimiento circular en el que entran todos<\/h3>\n<p>&nbsp;<\/p>\n<h6><a href=\"https:\/\/ecoembes.com\/landing\/informe-anual-2021\/indice-de-contenidos-gri\/#gri-413-1\" target=\"_blank\" rel=\"noopener\"><span style=\"color: #469730;\">GRI 413-1<\/span><\/a><\/h6>\n<p>[\/vc_column_text][vc_column_text]<\/p>\n<h5>\u2018Reciclar para cambiar vidas\u2019 contribuye a hacer del reciclaje un sector cada vez m\u00e1s profesionalizado, que cuenta con especialistas tambi\u00e9n entre sus operarios base.<\/h5>\n<p>[\/vc_column_text][vc_separator type=\"small\" position=\"center\"][\/vc_column][vc_column width=\"1\/6\"][\/vc_column][\/vc_row][vc_row css_animation=\"\" row_type=\"row\" use_row_as_full_screen_section=\"no\" type=\"grid\" angled_section=\"no\" text_align=\"left\" background_image_as_pattern=\"without_pattern\" z_index=\"\" el_class=\"texto-una-columna\"][vc_column][vc_column_text]Si bien 2021 apuntaba a ser el a\u00f1o de la salida de la crisis ocasionada por la pandemia, aupado por los fondos europeos Next Generation destinados a revitalizar nuestra econom\u00eda, la guerra de Ucrania ha vuelto a sumergirnos en un clima de incertidumbre que afecta con especial agudeza a los sectores en riesgo de exclusi\u00f3n.<\/p>\n<p>&nbsp;<\/p>\n<p>La econom\u00eda verde y circular mantiene, aun as\u00ed, su potencial de crecimiento seg\u00fan las estimaciones de la Uni\u00f3n Europea, que prev\u00e9n la creaci\u00f3n de unos 400.000 empleos en esta d\u00e9cada relacionados con la gesti\u00f3n de residuos, m\u00e1s de 50.000 en nuestro pa\u00eds.<\/p>\n<p>&nbsp;<\/p>\n<p>En este contexto, ha cobrado m\u00e1s fuerza si cabe en 2021 nuestro programa \u2018Reciclar para cambiar vidas\u2019, destinado a la mejora de la empleabilidad de las personas en situaci\u00f3n de vulnerabilidad. Por medio de esta iniciativa impulsamos su contrataci\u00f3n en el sector del reciclaje, d\u00e1ndoles una segunda oportunidad, lo que facilita la inclusi\u00f3n como palanca para la (re)inserci\u00f3n laboral y social de personas en exclusi\u00f3n social.<\/p>\n<p>&nbsp;<\/p>\n<p>\u2018Reciclar para cambiar vidas\u2019 es un proyecto social basado en la colaboraci\u00f3n y el valor compartido, en alianza estrat\u00e9gica con la obra social \u2018la Caixa\u2019 y su red de 411 entidades sociales, 37 empresas del sector del reciclaje e instituciones penitenciarias, que permite el despliegue de este proyecto a 44 centros penitenciarios. Cada agente aporta lo que mejor sabe y puede hacer, consiguiendo as\u00ed reforzar la empleabilidad y la inclusi\u00f3n como palanca para la (re)inserci\u00f3n laboral y social de personas en exclusi\u00f3n social.[\/vc_column_text][\/vc_column][\/vc_row][vc_row css_animation=\"\" row_type=\"row\" use_row_as_full_screen_section=\"no\" type=\"grid\" angled_section=\"no\" text_align=\"left\" background_image_as_pattern=\"without_pattern\" z_index=\"\" el_class=\"modulo-3-iconos\"][vc_column css_animation=\"bottom-to-top\" width=\"1\/3\" el_class=\"icono-proyecto\"]<div class=\"image_with_text\"><img itemprop=\"image\" src=\"https:\/\/ecoembes.com\/landing\/informe-anual-2021\/wp-content\/uploads\/2021\/05\/empresas.svg\" alt=\"449\" \/><h3 >449<\/h3><span style=\"margin: 6px 0px;\" class=\"separator transparent\"><\/span>Inserciones laborales en empresas de reciclaje (35% mujeres).<\/div>[\/vc_column][vc_column css_animation=\"bottom-to-top\" width=\"1\/3\" el_class=\"icono-proyecto\"]<div class=\"image_with_text\"><img itemprop=\"image\" src=\"https:\/\/ecoembes.com\/landing\/informe-anual-2021\/wp-content\/uploads\/2021\/05\/personas.svg\" alt=\"102\" \/><h3 >102<\/h3><span style=\"margin: 6px 0px;\" class=\"separator transparent\"><\/span>Personas en riesgo de exclusi\u00f3n social formadas en gesti\u00f3n y tratamiento de residuos.<\/div>[\/vc_column][vc_column css_animation=\"bottom-to-top\" width=\"1\/3\" el_class=\"icono-proyecto\"]<div class=\"image_with_text\"><img itemprop=\"image\" src=\"https:\/\/ecoembes.com\/landing\/informe-anual-2021\/wp-content\/uploads\/2021\/05\/horas.svg\" alt=\"1.159\" \/><h3 >1.159<\/h3><span style=\"margin: 6px 0px;\" class=\"separator transparent\"><\/span>Horas lectivas de formaci\u00f3n.<\/div>[\/vc_column][\/vc_row][vc_row css_animation=\"\" row_type=\"row\" use_row_as_full_screen_section=\"no\" type=\"grid\" angled_section=\"no\" text_align=\"left\" background_image_as_pattern=\"without_pattern\" z_index=\"\" el_class=\"texto-una-columna\"][vc_column][vc_column_text]<\/p>\n<h4>Seguimos cambiando vidas: casi 2.500 personas empleadas en el sector del reciclaje<\/h4>\n<p>El a\u00f1o pasado continuaba influenciado por la pandemia, por ello los programas formativos en \u00e1mbito penitenciario se aprobaron en noviembre de 2021 para ejecutarse durante el a\u00f1o 2022. No obstante, conseguimos realizar formaciones en Valencia, Madrid y Mallorca de la mano de entidades sociales del programa Incorpora (Fundaci\u00f3n Tomillo, Asprona Valencia y Fundaci\u00f3n Deixalles) y bajo el marco del proyecto Milma (en colaboraci\u00f3n con el Ayuntamiento de Fuenlabrada), y en Barcelona, en la Circular Economy Recycling School (en colaboraci\u00f3n con Aguas Danone y Fundaci\u00f3n Trinijove), algunas de ellas en formato digital y otras presencialmente.<\/p>\n<p>&nbsp;<\/p>\n<p>Estos esfuerzos se tradujeron en un incremento de un 19% de las inserciones con respecto al a\u00f1o anterior. Adem\u00e1s, 2021 ha sido el a\u00f1o con mayor n\u00famero de inserciones desde que la alianza con el programa Incorpora se hiciese efectiva, con 449 (35% mujeres). Porque un proyecto inclusivo es un proyecto que tambi\u00e9n apuesta por la igualdad.<\/p>\n<h4>Desde el inicio del proyecto en 2014 hemos conseguido:<\/h4>\n<ul>\n<li>El acceso de 2.427 personas en riesgo de exclusi\u00f3n a un empleo (1.622 en empresas del sector del reciclaje y los residuos (triadores de residuos, peones de recogida, caracterizadores, etc.) y unos 805 en los puestos de trabajo penitenciario como acondicionadores de residuos).<\/li>\n<li>Formar a 4.469 personas en riesgo de exclusi\u00f3n que se han especializado como operarios de residuos.<\/li>\n<li>Impartir m\u00e1s de 59.841 horas lectivas de formaci\u00f3n en 328 programas formativos.<\/li>\n<\/ul>\n<p>[\/vc_column_text][\/vc_column][\/vc_row][vc_row css_animation=\"\" row_type=\"row\" use_row_as_full_screen_section=\"no\" type=\"grid\" angled_section=\"no\" text_align=\"left\" background_image_as_pattern=\"without_pattern\" z_index=\"\" el_class=\"proyecto-dos-columnas\" el_id=\"musicareciclaje\"][vc_column width=\"1\/2\"][vc_single_image image=\"2042\" img_size=\"full\" qode_css_animation=\"\"][vc_column_text]<\/p>\n<h3>La M\u00fasica del Reciclaje: una oportunidad para peque\u00f1os grandes artistas<\/h3>\n<p>&nbsp;<\/p>\n<h6><a href=\"https:\/\/ecoembes.com\/landing\/informe-anual-2021\/indice-de-contenidos-gri\/#gri-413-1\" target=\"_blank\" rel=\"noopener\"><span style=\"color: #469730;\">GRI 413-1<\/span><\/a><\/h6>\n<p>[\/vc_column_text][vc_column_text]<\/p>\n<h5>\u201cLo bonito de este proyecto es darte cuenta de c\u00f3mo estos ni\u00f1os y ni\u00f1as han sabido aprovechar esta oportunidad, a trav\u00e9s de la m\u00fasica y el reciclaje, que la vida les ha puesto por delante\u201d.<\/h5>\n<p>[\/vc_column_text][vc_separator type=\"small\" position=\"center\"][vc_column_text]As\u00ed define V\u00edctor Gil, su director, el esp\u00edritu con el que naci\u00f3 La Orquesta de la M\u00fasica del Reciclaje de Ecoembes, un proyecto basado en la formaci\u00f3n de ni\u00f1os y ni\u00f1as en riesgo de exclusi\u00f3n social que, a pesar de las barreras que les puso la vida por delante, decidieron hacer m\u00fasica con instrumentos elaborados con materiales reciclados.<\/p>\n<p>&nbsp;<\/p>\n<p>Esta iniciativa est\u00e1 inspirada en la Orquesta de Instrumentos Reciclados de Cateura (una formaci\u00f3n musical de ni\u00f1os y adolescentes con escasos recursos procedentes de una comunidad de Paraguay) y pone en valor las segundas oportunidades tanto de las personas como de los envases: todos sus instrumentos est\u00e1n fabricados por el propio lutier de la orquesta con materiales reciclados.<\/p>\n<p>&nbsp;<\/p>\n<p>En 2021 hemos lanzado, junto con el escritor y periodista Nacho Carretero, la iniciativa \u2018Biograf\u00edas a\u00fan por escribir\u2019, una colecci\u00f3n de cuatro libros que narran la historia de cuatro j\u00f3venes -integrantes de la orquesta La M\u00fasica del Reciclaje- que han tenido que hacer frente a diferentes obst\u00e1culos sociales, econ\u00f3micos o familiares a lo largo de su corta vida, pero que han sabido encontrar una segunda oportunidad gracias a la m\u00fasica. Los fondos recaudados con la venta de los libros se destinar\u00e1n \u00edntegramente a la Orquesta de la M\u00fasica del Reciclaje de Ecoembes.<\/p>\n<p>&nbsp;<\/p>\n<p>Otras iniciativas que han salido adelante este a\u00f1o dentro de este proyecto han sido, por ejemplo, la Escuela de \"aprendices\": Ense\u00f1ar a ense\u00f1ar, una cooperaci\u00f3n de los alumnos m\u00e1s mayores en tareas de formaci\u00f3n de los alumnos m\u00e1s peque\u00f1os; la colaboraci\u00f3n con Aldeas Infantiles para incorporar en el Centro del Escorial a un grupo de 13 alumnos que dan clases de viol\u00edn, flauta y guitarra; la continuidad de la relaci\u00f3n con el secretariado gitano a trav\u00e9s del Programa Promociona (de apoyo y orientaci\u00f3n educativa para j\u00f3venes de esta comunidad) y el acceso de varios alumnos a formaciones regladas de m\u00fasica en la Escuela de M\u00fasica Creativa y Conservatorio.<\/p>\n<h4>En 2021 seguimos poni\u00e9ndole m\u00fasica al reciclaje:<\/h4>\n<ul>\n<li>102 alumnos y alumnas.<\/li>\n<li>1.700 horas lectivas.<\/li>\n<li>M\u00e1s de 70 instrumentos mejorados y\/o fabricados con materiales reciclados.<\/li>\n<li>3 orquestas que suman m\u00e1s de 70 integrantes.<\/li>\n<li>6 centros de formaci\u00f3n, 7 profesores.<\/li>\n<li>5 conciertos realizados a lo largo del a\u00f1o.<\/li>\n<\/ul>\n<p>[\/vc_column_text][vc_separator type=\"small\" position=\"center\" up=\"30\" down=\"0\"][\/vc_column][vc_column width=\"1\/2\"][\/vc_column][\/vc_row][vc_row css_animation=\"\" row_type=\"row\" use_row_as_full_screen_section=\"no\" type=\"grid\" angled_section=\"no\" text_align=\"center\" background_image_as_pattern=\"without_pattern\" z_index=\"\"][vc_column css_animation=\"bottom-to-top\"][vc_separator type=\"small\" position=\"center\"]<div class=\"page_share qode_share\"><div class=\"social_share_holder\"><a href=\"javascript:void(0)\" target=\"_self\"><i class=\"icon-basic-share social_share_icon\"><\/i><span class=\"social_share_title\">Share<\/span><\/a><div class=\"social_share_dropdown\"><div class=\"inner_arrow\"><\/div><ul><li class=\"facebook_share\"><a href=\"javascript:void(0)\" onclick=\"window.open('https:\/\/www.facebook.com\/sharer.php?u=https%3A%2F%2Fecoembes.com%2Flanding%2Finforme-anual-2021%2Fagenda-2030%2Foportunidades-para-todos%2F', 'sharer', 'toolbar=0,status=0,width=620,height=280');\"><i class=\"fa fa-facebook\"><\/i><\/a><\/li><li class=\"twitter_share\"><a href=\"#\" onclick=\"popUp=window.open('https:\/\/twitter.com\/share?status=%5Bvc_row+css_animation%3D%22%22+row_type%3D%22row%22+use_row_as_full_screen_section%3D%22no%22+type%3D%22full_width%22+angled_section%3D%22no%22+https:\/\/ecoembes.com\/landing\/informe-anual-2021\/agenda-2030\/oportunidades-para-todos\/', 'popupwindow', 'scrollbars=yes,width=800,height=400');popUp.focus();return false;\"><i class=\"fa fa-twitter\"><\/i><\/a><\/li><li  class=\"linkedin_share\"><a href=\"#\" onclick=\"popUp=window.open('https:\/\/linkedin.com\/shareArticle?mini=true&amp;url=https%3A%2F%2Fecoembes.com%2Flanding%2Finforme-anual-2021%2Fagenda-2030%2Foportunidades-para-todos%2F&amp;title=Oportunidades+para+todos', 'popupwindow', 'scrollbars=yes,width=800,height=400');popUp.focus();return false\"><i class=\"fa fa-linkedin\"><\/i><\/a><\/li><\/ul><\/div><\/div><\/div>[\/vc_column][\/vc_row]<\/p>\n","protected":false},"excerpt":{"rendered":"<p>[vc_row css_animation=\"\" row_type=\"row\" use_row_as_full_screen_section=\"no\" type=\"full_width\" angled_section=\"no\" text_align=\"center\" background_image_as_pattern=\"without_pattern\" z_index=\"\"][vc_column][\/vc_column][\/vc_row][vc_row css_animation=\"\" row_type=\"row\" use_row_as_full_screen_section=\"no\" type=\"grid\" angled_section=\"no\" text_align=\"center\" background_image_as_pattern=\"without_pattern\" z_index=\"\" el_class=\"intro-seccion\"][vc_column width=\"1\/6\"][\/vc_column][vc_column css_animation=\"bottom-to-top\" width=\"2\/3\"][vc_column_text] Inclusi\u00f3n social [\/vc_column_text][vc_column_text] Reciclaje para no dejar a nadie atr\u00e1s &nbsp; GRI 413-1, 203-2 [\/vc_column_text][vc_column_text] La circularidad va m\u00e1s all\u00e1 del reciclaje y del...<\/p>\n","protected":false},"author":1,"featured_media":0,"parent":775,"menu_order":0,"comment_status":"closed","ping_status":"closed","template":"full_width.php","meta":[],"_links":{"self":[{"href":"https:\/\/ecoembes.com\/landing\/informe-anual-2021\/wp-json\/wp\/v2\/pages\/933"}],"collection":[{"href":"https:\/\/ecoembes.com\/landing\/informe-anual-2021\/wp-json\/wp\/v2\/pages"}],"about":[{"href":"https:\/\/ecoembes.com\/landing\/informe-anual-2021\/wp-json\/wp\/v2\/types\/page"}],"author":[{"embeddable":true,"href":"https:\/\/ecoembes.com\/landing\/informe-anual-2021\/wp-json\/wp\/v2\/users\/1"}],"replies":[{"embeddable":true,"href":"https:\/\/ecoembes.com\/landing\/informe-anual-2021\/wp-json\/wp\/v2\/comments?post=933"}],"version-history":[{"count":33,"href":"https:\/\/ecoembes.com\/landing\/informe-anual-2021\/wp-json\/wp\/v2\/pages\/933\/revisions"}],"predecessor-version":[{"id":2609,"href":"https:\/\/ecoembes.com\/landing\/informe-anual-2021\/wp-json\/wp\/v2\/pages\/933\/revisions\/2609"}],"up":[{"embeddable":true,"href":"https:\/\/ecoembes.com\/landing\/informe-anual-2021\/wp-json\/wp\/v2\/pages\/775"}],"wp:attachment":[{"href":"https:\/\/ecoembes.com\/landing\/informe-anual-2021\/wp-json\/wp\/v2\/media?parent=933"}],"curies":[{"name":"wp","href":"https:\/\/api.w.org\/{rel}","templated":true}]}}