{"id":86,"date":"2021-05-12T10:34:00","date_gmt":"2021-05-12T08:34:00","guid":{"rendered":"https:\/\/ecoembes.com\/landing\/informe-anual-2021\/?page_id=86"},"modified":"2022-06-21T20:12:54","modified_gmt":"2022-06-21T18:12:54","slug":"mensajes-presidente-y-ceo","status":"publish","type":"page","link":"https:\/\/ecoembes.com\/landing\/informe-anual-2021\/mensajes-presidente-y-ceo\/","title":{"rendered":"Mensajes Presidente y CEO"},"content":{"rendered":"<p>[vc_row css_animation=\"\" row_type=\"row\" use_row_as_full_screen_section=\"no\" type=\"full_width\" angled_section=\"no\" text_align=\"center\" background_image_as_pattern=\"without_pattern\" z_index=\"\"][vc_column]\n\t\t\t<!-- START Tribuna REVOLUTION SLIDER 6.5.23 --><p class=\"rs-p-wp-fix\"><\/p>\n\t\t\t<rs-module-wrap id=\"rev_slider_3_1_wrapper\" data-source=\"gallery\" style=\"visibility:hidden;background:transparent;padding:0;\">\n\t\t\t\t<rs-module id=\"rev_slider_3_1\" style=\"\" data-version=\"6.5.23\">\n\t\t\t\t\t<rs-slides>\n\t\t\t\t\t\t<rs-slide style=\"position: absolute;\" data-key=\"rs-3\" data-title=\"Slide\" data-in=\"o:0;\" data-out=\"a:false;\">\n\t\t\t\t\t\t\t<img src=\"\/\/ecoembes.com\/landing\/informe-anual-2021\/wp-content\/plugins\/revslider\/public\/assets\/assets\/dummy.png\" alt=\"Slide\" title=\"Mensajes Presidente y CEO\" class=\"rev-slidebg tp-rs-img rs-lazyload\" data-lazyload=\"\/\/ecoembes.com\/landing\/informe-anual-2021\/wp-content\/plugins\/revslider\/public\/assets\/assets\/transparent.png\" data-bg=\"c:#fdebf3;\" data-no-retina>\n<!--\n\t\t\t\t\t\t\t--><rs-group\n\t\t\t\t\t\t\t\tid=\"slider-3-slide-3-layer-0\" \n\t\t\t\t\t\t\t\tclass=\"circulos-hero\"\n\t\t\t\t\t\t\t\tdata-type=\"group\"\n\t\t\t\t\t\t\t\tdata-rsp_ch=\"on\"\n\t\t\t\t\t\t\t\tdata-xy=\"x:c;y:m;yo:0,0,30px,15px;\"\n\t\t\t\t\t\t\t\tdata-text=\"w:normal;s:20,17,10,6;l:0,22,13,8;\"\n\t\t\t\t\t\t\t\tdata-dim=\"w:100%,75%,75%,100%;h:100%;\"\n\t\t\t\t\t\t\t\tdata-basealign=\"slide\"\n\t\t\t\t\t\t\t\tdata-frame_0=\"o:1;\"\n\t\t\t\t\t\t\t\tdata-frame_999=\"o:0;st:w;sR:8700;sA:9000;\"\n\t\t\t\t\t\t\t\tstyle=\"z-index:10;\"\n\t\t\t\t\t\t\t><!--\n\t\t\t\t\t\t\t\t--><rs-layer\n\t\t\t\t\t\t\t\t\tid=\"circle-2\" \n\t\t\t\t\t\t\t\t\tdata-type=\"image\"\n\t\t\t\t\t\t\t\t\tdata-rsp_ch=\"on\"\n\t\t\t\t\t\t\t\t\tdata-xy=\"x:c;y:m;\"\n\t\t\t\t\t\t\t\t\tdata-text=\"w:normal;s:20,17,10,6;l:0,22,13,8;\"\n\t\t\t\t\t\t\t\t\tdata-dim=\"w:56%,74%,79%,83%;\"\n\t\t\t\t\t\t\t\t\tdata-basealign=\"slide\"\n\t\t\t\t\t\t\t\t\tdata-frame_1=\"rZ:-180deg;e:power3.out;st:300;sp:2500;sR:300;\"\n\t\t\t\t\t\t\t\t\tdata-frame_999=\"o:0;st:w;sR:6200;\"\n\t\t\t\t\t\t\t\t\tstyle=\"z-index:9;\"\n\t\t\t\t\t\t\t\t><img src=\"\/\/ecoembes.com\/landing\/informe-anual-2021\/wp-content\/plugins\/revslider\/public\/assets\/assets\/dummy.png\" alt=\"\" class=\"tp-rs-img rs-lazyload\" data-lazyload=\"\/\/ecoembes.com\/landing\/informe-anual-2021\/wp-content\/uploads\/2022\/05\/circulo-dialogo-2.svg\" data-no-retina> \n\t\t\t\t\t\t\t\t<\/rs-layer><!--\n\n\t\t\t\t\t\t\t\t--><rs-layer\n\t\t\t\t\t\t\t\t\tid=\"circle-3\" \n\t\t\t\t\t\t\t\t\tdata-type=\"image\"\n\t\t\t\t\t\t\t\t\tdata-rsp_ch=\"on\"\n\t\t\t\t\t\t\t\t\tdata-xy=\"x:c;y:m;\"\n\t\t\t\t\t\t\t\t\tdata-text=\"w:normal;s:20,17,10,6;l:0,22,13,8;\"\n\t\t\t\t\t\t\t\t\tdata-dim=\"w:68%,90%,96%,100%;\"\n\t\t\t\t\t\t\t\t\tdata-basealign=\"slide\"\n\t\t\t\t\t\t\t\t\tdata-frame_1=\"rZ:180deg;e:power3.out;st:300;sp:3000;sR:300;\"\n\t\t\t\t\t\t\t\t\tdata-frame_999=\"o:0;st:w;sR:5700;\"\n\t\t\t\t\t\t\t\t\tstyle=\"z-index:8;\"\n\t\t\t\t\t\t\t\t><img src=\"\/\/ecoembes.com\/landing\/informe-anual-2021\/wp-content\/plugins\/revslider\/public\/assets\/assets\/dummy.png\" alt=\"\" class=\"tp-rs-img rs-lazyload\" data-lazyload=\"\/\/ecoembes.com\/landing\/informe-anual-2021\/wp-content\/uploads\/2022\/05\/circulo-dialogo-3.svg\" data-no-retina> \n\t\t\t\t\t\t\t\t<\/rs-layer><!--\n\t\t\t\t\t\t\t--><\/rs-group><!--\n\n\t\t\t\t\t\t\t--><rs-group\n\t\t\t\t\t\t\t\tid=\"slider-3-slide-3-layer-7\" \n\t\t\t\t\t\t\t\tclass=\"slide-hero-title\"\n\t\t\t\t\t\t\t\tdata-type=\"group\"\n\t\t\t\t\t\t\t\tdata-rsp_ch=\"on\"\n\t\t\t\t\t\t\t\tdata-xy=\"x:c;yo:0,0,15px,10px;\"\n\t\t\t\t\t\t\t\tdata-text=\"w:normal;s:20,17,10,6;l:0,22,13,8;\"\n\t\t\t\t\t\t\t\tdata-dim=\"w:500px,600px,100%,85%;h:205px,195px,190px,150px;\"\n\t\t\t\t\t\t\t\tdata-basealign=\"slide\"\n\t\t\t\t\t\t\t\tdata-frame_0=\"o:1;\"\n\t\t\t\t\t\t\t\tdata-frame_999=\"o:0;st:w;sR:8700;sA:9000;\"\n\t\t\t\t\t\t\t\tstyle=\"z-index:14;\"\n\t\t\t\t\t\t\t><!--\n\t\t\t\t\t\t\t\t--><rs-layer\n\t\t\t\t\t\t\t\t\tid=\"slider-3-slide-3-layer-4\" \n\t\t\t\t\t\t\t\t\tclass=\"ods-home\"\n\t\t\t\t\t\t\t\t\tdata-type=\"text\"\n\t\t\t\t\t\t\t\t\tdata-color=\"#a01d43\"\n\t\t\t\t\t\t\t\t\tdata-rsp_ch=\"on\"\n\t\t\t\t\t\t\t\t\tdata-xy=\"x:c;y:b;\"\n\t\t\t\t\t\t\t\t\tdata-text=\"w:normal;s:14;l:16;a:center;\"\n\t\t\t\t\t\t\t\t\tdata-vbility=\"f,f,f,f\"\n\t\t\t\t\t\t\t\t\tdata-frame_0=\"y:50,44,26,16;\"\n\t\t\t\t\t\t\t\t\tdata-frame_1=\"e:power3.out;st:300;sp:1000;\"\n\t\t\t\t\t\t\t\t\tdata-frame_999=\"o:0;st:w;\"\n\t\t\t\t\t\t\t\t\tstyle=\"z-index:11;font-family:'Roboto';\"\n\t\t\t\t\t\t\t\t><strong>ODS 8&nbsp;&nbsp;&nbsp;&nbsp;ODS 9&nbsp;&nbsp;&nbsp;&nbsp;ODS 12<\/strong> \n\t\t\t\t\t\t\t\t<\/rs-layer><!--\n\n\t\t\t\t\t\t\t\t--><rs-layer\n\t\t\t\t\t\t\t\t\tid=\"slider-3-slide-3-layer-5\" \n\t\t\t\t\t\t\t\t\tdata-type=\"image\"\n\t\t\t\t\t\t\t\t\tdata-rsp_ch=\"on\"\n\t\t\t\t\t\t\t\t\tdata-xy=\"x:c;\"\n\t\t\t\t\t\t\t\t\tdata-text=\"w:normal;s:20,17,10,6;l:0,22,13,8;\"\n\t\t\t\t\t\t\t\t\tdata-dim=\"w:85px,85px,70px,70px;h:40px,40px,33px,33px;\"\n\t\t\t\t\t\t\t\t\tdata-basealign=\"slide\"\n\t\t\t\t\t\t\t\t\tdata-frame_0=\"y:50,44,26,16;\"\n\t\t\t\t\t\t\t\t\tdata-frame_1=\"e:power3.out;sp:1000;\"\n\t\t\t\t\t\t\t\t\tdata-frame_999=\"o:0;st:w;sR:8000;\"\n\t\t\t\t\t\t\t\t\tstyle=\"z-index:13;\"\n\t\t\t\t\t\t\t\t><img src=\"\/\/ecoembes.com\/landing\/informe-anual-2021\/wp-content\/plugins\/revslider\/public\/assets\/assets\/dummy.png\" alt=\"\" class=\"tp-rs-img rs-lazyload\" data-lazyload=\"\/\/ecoembes.com\/landing\/informe-anual-2021\/wp-content\/uploads\/2022\/05\/simbolo-rojo.svg\" data-no-retina> \n\t\t\t\t\t\t\t\t<\/rs-layer><!--\n\n\t\t\t\t\t\t\t\t--><rs-layer\n\t\t\t\t\t\t\t\t\tid=\"slider-3-slide-3-layer-6\" \n\t\t\t\t\t\t\t\t\tclass=\"titulo-home\"\n\t\t\t\t\t\t\t\t\tdata-type=\"text\"\n\t\t\t\t\t\t\t\t\tdata-color=\"#A01D43\"\n\t\t\t\t\t\t\t\t\tdata-rsp_ch=\"on\"\n\t\t\t\t\t\t\t\t\tdata-xy=\"x:c;yo:70px,70px,70px,60px;\"\n\t\t\t\t\t\t\t\t\tdata-text=\"w:normal;s:42,36,32,30;l:52,46,42,40;a:center;\"\n\t\t\t\t\t\t\t\t\tdata-dim=\"w:auto,auto,auto,100%;\"\n\t\t\t\t\t\t\t\t\tdata-basealign=\"slide\"\n\t\t\t\t\t\t\t\t\tdata-frame_0=\"y:50,44,26,16;\"\n\t\t\t\t\t\t\t\t\tdata-frame_1=\"e:power3.out;st:200;sp:1000;sR:200;\"\n\t\t\t\t\t\t\t\t\tdata-frame_999=\"o:0;st:w;sR:7800;\"\n\t\t\t\t\t\t\t\t\tstyle=\"z-index:12;font-family:'Roboto';\"\n\t\t\t\t\t\t\t\t><span> Mensaje del Presidente y del CEO <\/span> <br \/>\nEcoembes 2021 \n\t\t\t\t\t\t\t\t<\/rs-layer><!--\n\t\t\t\t\t\t\t--><\/rs-group><!--\n-->\t\t\t\t\t\t<\/rs-slide>\n\t\t\t\t\t<\/rs-slides>\n\t\t\t\t<\/rs-module>\n\t\t\t\t<script>\n\t\t\t\t\tsetREVStartSize({c: 'rev_slider_3_1',rl:[1440,1281,778,480],el:[900,768,960,720],gw:[1440,1280,778,480],gh:[900,768,960,720],type:'hero',justify:'',layout:'fullscreen',offsetContainer:'',offset:'',mh:\"0\"});if (window.RS_MODULES!==undefined && window.RS_MODULES.modules!==undefined && window.RS_MODULES.modules[\"revslider31\"]!==undefined) {window.RS_MODULES.modules[\"revslider31\"].once = false;window.revapi3 = undefined;if (window.RS_MODULES.checkMinimal!==undefined) window.RS_MODULES.checkMinimal()}\n\t\t\t\t<\/script>\n\t\t\t<\/rs-module-wrap>\n\t\t\t<!-- END REVOLUTION SLIDER -->\n[\/vc_column][\/vc_row][vc_row css_animation=\"\" row_type=\"row\" use_row_as_full_screen_section=\"no\" type=\"grid\" angled_section=\"no\" text_align=\"left\" background_image_as_pattern=\"without_pattern\" z_index=\"\" el_class=\"modulo-tribuna-home\" el_id=\"presidente\" css=\".vc_custom_1655761743184{padding-bottom: 80px !important;}\"][vc_column width=\"1\/6\"][\/vc_column][vc_column css_animation=\"bottom-to-top\" width=\"2\/3\"][vc_column_text]<\/p>\n<h1>Mensaje del Presidente<\/h1>\n<p>[\/vc_column_text]<div class='q_team info_description_below_image qode_team_disabled_hover'><div class='q_team_inner'><div class='q_team_image'><div class='q_team_image_holder'><img itemprop='image' src='https:\/\/ecoembes.com\/landing\/informe-anual-2021\/wp-content\/uploads\/2021\/05\/Xavier-Orriols-Arumi.png' alt='Xavier-Orriols-Arumi' \/><\/div><div class='q_team_text' ><div class='q_team_text_inner'><div class='q_team_title_holder'><h3 class='q_team_name' style = ''>D. Xavier Orriols Arumi<\/h3><\/div><div class='q_team_description_below_image_wrapper'><div class='q_team_description'><div class='q_team_description_inner'><p>Presidente de Ecoembes<\/p><\/div><\/div><\/div><\/div><\/div><div class='q_team_social_holder'><\/div><\/div><\/div><\/div>[vc_column_text]<\/p>\n<h3>Econom\u00eda circular: de la convicci\u00f3n a la ambici\u00f3n<\/h3>\n<p>[\/vc_column_text][vc_column_text]<\/p>\n<h5>Un marco normativo que abre un nuevo ciclo, una comunidad empresarial cada vez m\u00e1s implicada con la sostenibilidad y una sociedad concienciada que reclama grandes pasos, conforman el actual escenario transformador hacia la circularidad, del que Ecoembes quiere ser motor y aliado.<\/h5>\n<p>[\/vc_column_text][\/vc_column][vc_column width=\"1\/6\"][\/vc_column][\/vc_row][vc_row css_animation=\"\" row_type=\"row\" use_row_as_full_screen_section=\"no\" type=\"grid\" angled_section=\"no\" text_align=\"left\" background_image_as_pattern=\"without_pattern\" z_index=\"\" el_class=\"texto-dos-columnas\"][vc_column css_animation=\"bottom-to-top\" width=\"1\/2\"][vc_column_text]Perm\u00edtanme que empiece con una frase de May Sarton: <strong>\u201cTodo lo que nos frena y obliga a la paciencia, lo que nos devuelve a los lentos c\u00edrculos de la naturaleza, es una ayuda\u201d<\/strong>. La cita es del siglo pasado (falleci\u00f3 en 1995), cuando ni el medioambiente, ni mucho menos la circularidad, protagonizaban el debate social, pero sin duda la poetisa estadounidense fue una visionaria.<\/p>\n<p>&nbsp;<\/p>\n<p>Mucho despu\u00e9s, el a\u00f1o 2020 oblig\u00f3 a la sociedad a frenar en seco, a apearse del ritmo fren\u00e9tico en que hab\u00eda convertido sus d\u00edas y a pensar en lo que realmente importa. La pandemia de la COVID-19, la m\u00e1s grave de nuestra historia reciente, nos dio ese tiempo del que nos hab\u00edamos privado para recapacitar y confirmar, ya sin dobleces, la conexi\u00f3n entre medioambiente, salud y econom\u00eda. Esto hizo a Ecoembes comenzar 2021 con un renovado impulso, siendo este ejercicio un a\u00f1o clave para la circularidad porque hemos pasado de la convicci\u00f3n a la ambici\u00f3n.<\/p>\n<p>&nbsp;<\/p>\n<p>El marco normativo es cada vez m\u00e1s exigente, como respuesta a la emergencia ambiental que vivimos. Una exigencia que debe ir unida a la m\u00e1xima ambici\u00f3n, proporcionalidad con el entorno y las opciones y el consenso de todos. Tenemos ante nosotros un nuevo ciclo en medio de un contexto socioecon\u00f3mico global extremadamente complejo que reafirma a la econom\u00eda circular como el \u00fanico modelo posible en la construcci\u00f3n de un futuro para el planeta y quienes lo habitamos.[\/vc_column_text][\/vc_column][vc_column css_animation=\"bottom-to-top\" width=\"1\/2\"][vc_column_text]Acompasado con esta coyuntura, 2021 marca el inicio del nuevo Plan Estrat\u00e9gico de Ecoembes, para dar una respuesta adaptada a los nuevos retos, evolucionar el modelo y contribuir a una verdadera econom\u00eda circular desde la sostenibilidad de los envases, pero tambi\u00e9n desde otros \u00e1mbitos, como la educaci\u00f3n y el cuidado de los ecosistemas, por medio de iniciativas que refuerzan nuestra actividad principal.<\/p>\n<p>&nbsp;<\/p>\n<p>Vivimos por tanto un contexto complicado en el que se requiere m\u00e1s liderazgo que nunca, pero no como se conceb\u00eda hasta ahora: de aqu\u00ed en adelante debe ser compartido y a la altura de los retos que se nos enfrentan. Y eso nos obliga a marcarnos, junto con todas las empresas que forman parte de Ecoembes, objetivos que vayan m\u00e1s all\u00e1 de lo que estrictamente exige la ley.<\/p>\n<p>&nbsp;<\/p>\n<p>El momento actual permite abrir una puerta al optimismo: hay un movimiento empresarial cada vez m\u00e1s decidido que ya avanza desde el compromiso y la acci\u00f3n circular. Un compromiso que ha saltado del \u00e1mbito de la responsabilidad social corporativa a los planes estrat\u00e9gicos y a los consejos de administraci\u00f3n, donde las soluciones de envasado sostenible, la reducci\u00f3n y la reutilizaci\u00f3n se abren paso firme en el mercado.<\/p>\n<p>&nbsp;<\/p>\n<p>Ecoembes, facilitador del proceso de reciclaje, se configura as\u00ed como agente clave en el ecosistema de la circularidad que apuesta decididamente por la colaboraci\u00f3n p\u00fablico-privada, pero no se queda ah\u00ed: nuestro objetivo es ser motor, catalizador del cambio y aliado que acompa\u00f1a a ciudadanos, administraciones p\u00fablicas y empresas en el proceso transformador que estamos viviendo.[\/vc_column_text][\/vc_column][\/vc_row][vc_row css_animation=\"\" row_type=\"row\" use_row_as_full_screen_section=\"no\" type=\"grid\" angled_section=\"no\" text_align=\"left\" background_image_as_pattern=\"without_pattern\" z_index=\"\" el_class=\"modulo-tribuna-home\" css=\".vc_custom_1655806000932{padding-bottom: 80px !important;}\" el_id=\"ceo\"][vc_column width=\"1\/6\"][\/vc_column][vc_column css_animation=\"bottom-to-top\" width=\"2\/3\"][vc_column_text]<\/p>\n<h1>Mensaje del CEO<\/h1>\n<p>[\/vc_column_text]<div class='q_team info_description_below_image qode_team_disabled_hover'><div class='q_team_inner'><div class='q_team_image'><div class='q_team_image_holder'><img itemprop='image' src='https:\/\/ecoembes.com\/landing\/informe-anual-2021\/wp-content\/uploads\/2022\/06\/OscarMartin.png' alt='OscarMartin' \/><\/div><div class='q_team_text' ><div class='q_team_text_inner'><div class='q_team_title_holder'><h3 class='q_team_name' style = ''>D. \u00d3scar Mart\u00edn<\/h3><\/div><div class='q_team_description_below_image_wrapper'><div class='q_team_description'><div class='q_team_description_inner'><p>Consejero Delegado de Ecoembes<\/p><\/div><\/div><\/div><\/div><\/div><div class='q_team_social_holder'><\/div><\/div><\/div><\/div>[vc_column_text]<\/p>\n<h3>Juntos somos imparables<\/h3>\n<p>[\/vc_column_text][vc_column_text]<\/p>\n<h5>Tras un 2020 dif\u00edcil e intenso en todos los sentidos, 2021 ha sido un a\u00f1o para sentar las bases de cara a los retos que afronta el sector. Un a\u00f1o de recobrar fuerzas y trabajar colectivamente en el dise\u00f1o de un futuro sostenible para el planeta y para quienes lo habitamos.<\/h5>\n<p>[\/vc_column_text][\/vc_column][vc_column width=\"1\/6\"][\/vc_column][\/vc_row][vc_row css_animation=\"\" row_type=\"row\" use_row_as_full_screen_section=\"no\" type=\"grid\" angled_section=\"no\" text_align=\"left\" background_image_as_pattern=\"without_pattern\" z_index=\"\" el_class=\"texto-dos-columnas\"][vc_column css_animation=\"bottom-to-top\" width=\"1\/2\"][vc_column_text]Afortunadamente, si algo hemos aprendido durante la pandemia, es que cuando todos remamos alineados en una misma direcci\u00f3n, no hay reto, por dif\u00edcil que parezca, que no podamos alcanzar. Y el reto compartido que tenemos ahora es inmenso: revertir el cambio clim\u00e1tico y construir un nuevo modelo de desarrollo socioecon\u00f3mico m\u00e1s pr\u00f3spero, inclusivo y circular.<\/p>\n<p>&nbsp;<\/p>\n<p>En Ecoembes llevamos un cuarto de siglo creyendo que ese sue\u00f1o es posible, contribuyendo a su consecuci\u00f3n desde nuestro ecosistema de la circularidad de los envases. Con este foco hemos abordado 2021, doce meses apasionantes y plagados de desaf\u00edos para todos, que hemos vivido con un profundo sentido de la responsabilidad y desde la oportunidad de ser parte del cambio.<\/p>\n<p>&nbsp;<\/p>\n<p>2021 tambi\u00e9n ha sido el primer ejercicio de nuestro Plan Estrat\u00e9gico 2021-2023. Hacemos de \u00e9l un balance positivo ya que ha supuesto para nuestra organizaci\u00f3n avances significativos tanto en el modelo operacional como en el relacional. Porque tan importante es qu\u00e9 hacemos como para qu\u00e9 y c\u00f3mo lo hacemos. Sin olvidar nunca nuestro prop\u00f3sito, que es contribuir a la sostenibilidad ambiental alcanzando la circularidad de los envases. En Ecoembes no nos conformamos y pensamos que siempre se puede ir m\u00e1s all\u00e1, hacer las cosas mejor.<\/p>\n<p>&nbsp;<\/p>\n<p>Como organizaci\u00f3n nos hemos propuesto fortalecer el modelo de gobierno a trav\u00e9s de un conjunto de principios renovados, buenas pr\u00e1cticas alineadas con las tendencias de buen gobierno y una nueva estructura de gobernanza, con espacios donde desplegar la escucha activa, el di\u00e1logo y la colaboraci\u00f3n, en aras del futuro circular.<\/p>\n<p>&nbsp;<\/p>\n<p>Dentro de los objetivos del Plan Estrat\u00e9gico se encuentra mantener nuestra posici\u00f3n como referentes en innovaci\u00f3n, en educaci\u00f3n y sensibilizaci\u00f3n social. Consideramos la innovaci\u00f3n como una palanca indispensable para acelerar la transici\u00f3n a la circularidad; desde nuestro laboratorio TheCircularLab apostamos por la b\u00fasqueda de soluciones disruptivas basadas en la colaboraci\u00f3n, que tengan un impacto positivo en la sociedad y su entorno. Igual de importante es para nosotros el apoyo a la educaci\u00f3n y la sensibilizaci\u00f3n de la ciudadan\u00eda, con proyectos como Naturaliza y LIBERA. Porque un futuro circular solo es posible con ciudadanos informados, concienciados y convencidos de la necesidad del cambio, y eso pasa inevitablemente por la educaci\u00f3n.[\/vc_column_text][\/vc_column][vc_column css_animation=\"bottom-to-top\" width=\"1\/2\"][vc_column_text]Continuando con los objetivos del Plan Estrat\u00e9gico, queremos que nuestro mensaje sea inclusivo y universal, y para lograrlo hemos desarrollado herramientas de conexi\u00f3n con nuestro entorno, como el nuevo Portal Transparencia, constituyendo una plataforma de datos e informaci\u00f3n detallada y permanentemente actualizada. Otro exponente de esos avances han sido TheCircularCampus, nuestro centro de conocimiento y formaci\u00f3n en circularidad y envases para empresas.<\/p>\n<p>&nbsp;<\/p>\n<p>Desde aquellos primeros contenedores y plantas de reciclaje con los que comenzamos hace ya m\u00e1s de 25 a\u00f1os hasta hoy, hemos recorrido un largo camino. Pero lo m\u00e1s importante es que lo hemos recorrido juntos. El mensaje ha calado en la sociedad. Seg\u00fan el estudio \u201cH\u00e1bitos de la poblaci\u00f3n espa\u00f1ola ante el reciclaje\u201d, 4 de cada 5 ciudadanos (el 83% de los encuestados) declaran tener, de media, 3 cubos, bolsas o espacios en casa para reciclar; en 2015, solo el 72% afirmaba reciclar a diario. Pero tenemos que seguir dando pasos para hacer crecer esa cifra. Porque el ciudadano ni recicla siempre todo ni lo hace siempre bien. De nuevo, podemos seguir mejorando. Durante 2021 hemos llegado a m\u00e1s colectivos, estrechando v\u00ednculos y alineando esfuerzos con nuestros cada vez m\u00e1s numerosos compa\u00f1eros de viaje en esta aventura circular. La clave es aunar voluntades en torno a un prop\u00f3sito com\u00fan y generar un proyecto de futuro desde el valor compartido.<\/p>\n<p>&nbsp;<\/p>\n<p>Eso es lo que nos da fuerza y nos hace mirar con optimismo hacia adelante. Contamos con un gran equipo de profesionales que han hecho suyos nuestros objetivos como organizaci\u00f3n, a los que desde aqu\u00ed aprovecho para felicitar por su esfuerzo y compromiso. Con su energ\u00eda, colaborando estrechamente con unas empresas comprometidas, unas instituciones locales y auton\u00f3micas involucradas y unos ciudadanos cada vez m\u00e1s concienciados, nuestra fuerza es imparable.<\/p>\n<p>&nbsp;<\/p>\n<p>El deseo que nos inspira y nos moviliza cada d\u00eda es el de catalizar esos esfuerzos y aglutinar esas voluntades alrededor de la responsabilidad compartida del reciclaje de los envases. Y lo hacemos con la ambici\u00f3n de ir m\u00e1s all\u00e1 y, con la Agenda 2030 como gu\u00eda, contribuir a la construcci\u00f3n de un futuro m\u00e1s verde, justo y sostenible para todos.[\/vc_column_text][\/vc_column][\/vc_row][vc_row css_animation=\"\" row_type=\"row\" use_row_as_full_screen_section=\"no\" type=\"grid\" angled_section=\"no\" text_align=\"center\" background_image_as_pattern=\"without_pattern\" z_index=\"\"][vc_column css_animation=\"bottom-to-top\"][vc_separator type=\"small\" position=\"center\"]<div class=\"page_share qode_share\"><div class=\"social_share_holder\"><a href=\"javascript:void(0)\" target=\"_self\"><i class=\"icon-basic-share social_share_icon\"><\/i><span class=\"social_share_title\">Share<\/span><\/a><div class=\"social_share_dropdown\"><div class=\"inner_arrow\"><\/div><ul><li class=\"facebook_share\"><a href=\"javascript:void(0)\" onclick=\"window.open('https:\/\/www.facebook.com\/sharer.php?u=https%3A%2F%2Fecoembes.com%2Flanding%2Finforme-anual-2021%2Fmensajes-presidente-y-ceo%2F', 'sharer', 'toolbar=0,status=0,width=620,height=280');\"><i class=\"fa fa-facebook\"><\/i><\/a><\/li><li class=\"twitter_share\"><a href=\"#\" onclick=\"popUp=window.open('https:\/\/twitter.com\/share?status=%5Bvc_row+css_animation%3D%22%22+row_type%3D%22row%22+use_row_as_full_screen_section%3D%22no%22+type%3D%22full_width%22+angled_section%3D%22no%22+https:\/\/ecoembes.com\/landing\/informe-anual-2021\/mensajes-presidente-y-ceo\/', 'popupwindow', 'scrollbars=yes,width=800,height=400');popUp.focus();return false;\"><i class=\"fa fa-twitter\"><\/i><\/a><\/li><li  class=\"linkedin_share\"><a href=\"#\" onclick=\"popUp=window.open('https:\/\/linkedin.com\/shareArticle?mini=true&amp;url=https%3A%2F%2Fecoembes.com%2Flanding%2Finforme-anual-2021%2Fmensajes-presidente-y-ceo%2F&amp;title=Mensajes+Presidente+y+CEO', 'popupwindow', 'scrollbars=yes,width=800,height=400');popUp.focus();return false\"><i class=\"fa fa-linkedin\"><\/i><\/a><\/li><\/ul><\/div><\/div><\/div>[\/vc_column][\/vc_row]<\/p>\n","protected":false},"excerpt":{"rendered":"<p>[vc_row css_animation=\"\" row_type=\"row\" use_row_as_full_screen_section=\"no\" type=\"full_width\" angled_section=\"no\" text_align=\"center\" background_image_as_pattern=\"without_pattern\" z_index=\"\"][vc_column][\/vc_column][\/vc_row][vc_row css_animation=\"\" row_type=\"row\" use_row_as_full_screen_section=\"no\" type=\"grid\" angled_section=\"no\" text_align=\"left\" background_image_as_pattern=\"without_pattern\" z_index=\"\" el_class=\"modulo-tribuna-home\" el_id=\"presidente\" css=\".vc_custom_1655761743184{padding-bottom: 80px !important;}\"][vc_column width=\"1\/6\"][\/vc_column][vc_column css_animation=\"bottom-to-top\" width=\"2\/3\"][vc_column_text] Mensaje del Presidente [\/vc_column_text][vc_column_text] Econom\u00eda circular: de la convicci\u00f3n a la ambici\u00f3n [\/vc_column_text][vc_column_text] Un marco normativo que abre un nuevo...<\/p>\n","protected":false},"author":1,"featured_media":0,"parent":0,"menu_order":0,"comment_status":"closed","ping_status":"closed","template":"full_width.php","meta":[],"_links":{"self":[{"href":"https:\/\/ecoembes.com\/landing\/informe-anual-2021\/wp-json\/wp\/v2\/pages\/86"}],"collection":[{"href":"https:\/\/ecoembes.com\/landing\/informe-anual-2021\/wp-json\/wp\/v2\/pages"}],"about":[{"href":"https:\/\/ecoembes.com\/landing\/informe-anual-2021\/wp-json\/wp\/v2\/types\/page"}],"author":[{"embeddable":true,"href":"https:\/\/ecoembes.com\/landing\/informe-anual-2021\/wp-json\/wp\/v2\/users\/1"}],"replies":[{"embeddable":true,"href":"https:\/\/ecoembes.com\/landing\/informe-anual-2021\/wp-json\/wp\/v2\/comments?post=86"}],"version-history":[{"count":82,"href":"https:\/\/ecoembes.com\/landing\/informe-anual-2021\/wp-json\/wp\/v2\/pages\/86\/revisions"}],"predecessor-version":[{"id":2440,"href":"https:\/\/ecoembes.com\/landing\/informe-anual-2021\/wp-json\/wp\/v2\/pages\/86\/revisions\/2440"}],"wp:attachment":[{"href":"https:\/\/ecoembes.com\/landing\/informe-anual-2021\/wp-json\/wp\/v2\/media?parent=86"}],"curies":[{"name":"wp","href":"https:\/\/api.w.org\/{rel}","templated":true}]}}