{"id":751,"date":"2021-05-29T18:49:13","date_gmt":"2021-05-29T16:49:13","guid":{"rendered":"https:\/\/ecoembes.com\/landing\/informe-anual-2021\/?page_id=751"},"modified":"2022-06-28T08:45:30","modified_gmt":"2022-06-28T06:45:30","slug":"recicladores-colaboradores-indispensables","status":"publish","type":"page","link":"https:\/\/ecoembes.com\/landing\/informe-anual-2021\/objetivo-comun\/recicladores-colaboradores-indispensables\/","title":{"rendered":"Recicladores, colaboradores indispensables"},"content":{"rendered":"<p>[vc_row css_animation=\"\" row_type=\"row\" use_row_as_full_screen_section=\"no\" type=\"full_width\" angled_section=\"no\" text_align=\"center\" background_image_as_pattern=\"without_pattern\" z_index=\"\"][vc_column]\n\t\t\t<!-- START Objetivo com\u00fan 5 REVOLUTION SLIDER 6.5.23 --><p class=\"rs-p-wp-fix\"><\/p>\n\t\t\t<rs-module-wrap id=\"rev_slider_33_1_wrapper\" data-source=\"gallery\" style=\"visibility:hidden;background:transparent;padding:0;\">\n\t\t\t\t<rs-module id=\"rev_slider_33_1\" style=\"\" data-version=\"6.5.23\">\n\t\t\t\t\t<rs-slides>\n\t\t\t\t\t\t<rs-slide style=\"position: absolute;\" data-key=\"rs-35\" data-title=\"Slide\" data-in=\"o:0;\" data-out=\"a:false;\">\n\t\t\t\t\t\t\t<img src=\"\/\/ecoembes.com\/landing\/informe-anual-2021\/wp-content\/plugins\/revslider\/public\/assets\/assets\/dummy.png\" alt=\"Slide\" title=\"Recicladores, colaboradores indispensables\" class=\"rev-slidebg tp-rs-img rs-lazyload\" data-lazyload=\"\/\/ecoembes.com\/landing\/informe-anual-2021\/wp-content\/plugins\/revslider\/public\/assets\/assets\/transparent.png\" data-bg=\"c:#fdf1e4;\" data-no-retina>\n<!--\n\t\t\t\t\t\t\t--><rs-group\n\t\t\t\t\t\t\t\tid=\"slider-33-slide-35-layer-0\" \n\t\t\t\t\t\t\t\tclass=\"circulos-hero\"\n\t\t\t\t\t\t\t\tdata-type=\"group\"\n\t\t\t\t\t\t\t\tdata-rsp_ch=\"on\"\n\t\t\t\t\t\t\t\tdata-xy=\"x:c;y:m;yo:0,0,50px,40px;\"\n\t\t\t\t\t\t\t\tdata-text=\"w:normal;s:20,17,10,6;l:0,22,13,8;\"\n\t\t\t\t\t\t\t\tdata-dim=\"w:100%,75%,75%,90%;h:100%;\"\n\t\t\t\t\t\t\t\tdata-basealign=\"slide\"\n\t\t\t\t\t\t\t\tdata-frame_0=\"o:1;\"\n\t\t\t\t\t\t\t\tdata-frame_999=\"o:0;st:w;sR:8700;sA:9000;\"\n\t\t\t\t\t\t\t\tstyle=\"z-index:10;\"\n\t\t\t\t\t\t\t><!--\n\t\t\t\t\t\t\t\t--><rs-layer\n\t\t\t\t\t\t\t\t\tid=\"circle-2\" \n\t\t\t\t\t\t\t\t\tdata-type=\"image\"\n\t\t\t\t\t\t\t\t\tdata-rsp_ch=\"on\"\n\t\t\t\t\t\t\t\t\tdata-xy=\"x:c;y:m;\"\n\t\t\t\t\t\t\t\t\tdata-text=\"w:normal;s:20,17,10,6;l:0,22,13,8;\"\n\t\t\t\t\t\t\t\t\tdata-dim=\"w:56%,72%,74%,83%;\"\n\t\t\t\t\t\t\t\t\tdata-basealign=\"slide\"\n\t\t\t\t\t\t\t\t\tdata-frame_1=\"rZ:-180deg;e:power3.out;st:300;sp:2500;sR:300;\"\n\t\t\t\t\t\t\t\t\tdata-frame_999=\"o:0;st:w;sR:6200;\"\n\t\t\t\t\t\t\t\t\tstyle=\"z-index:9;\"\n\t\t\t\t\t\t\t\t><img src=\"\/\/ecoembes.com\/landing\/informe-anual-2021\/wp-content\/plugins\/revslider\/public\/assets\/assets\/dummy.png\" alt=\"\" class=\"tp-rs-img rs-lazyload\" data-lazyload=\"\/\/ecoembes.com\/landing\/informe-anual-2021\/wp-content\/uploads\/2022\/05\/valor-compartido-circular-2.svg\" data-no-retina> \n\t\t\t\t\t\t\t\t<\/rs-layer><!--\n\n\t\t\t\t\t\t\t\t--><rs-layer\n\t\t\t\t\t\t\t\t\tid=\"circle-3\" \n\t\t\t\t\t\t\t\t\tdata-type=\"image\"\n\t\t\t\t\t\t\t\t\tdata-rsp_ch=\"on\"\n\t\t\t\t\t\t\t\t\tdata-xy=\"x:c;y:m;\"\n\t\t\t\t\t\t\t\t\tdata-text=\"w:normal;s:20,17,10,6;l:0,22,13,8;\"\n\t\t\t\t\t\t\t\t\tdata-dim=\"w:68%,87%,90%,100%;\"\n\t\t\t\t\t\t\t\t\tdata-basealign=\"slide\"\n\t\t\t\t\t\t\t\t\tdata-frame_1=\"rZ:180deg;e:power3.out;st:300;sp:3000;sR:300;\"\n\t\t\t\t\t\t\t\t\tdata-frame_999=\"o:0;st:w;sR:5700;\"\n\t\t\t\t\t\t\t\t\tstyle=\"z-index:8;\"\n\t\t\t\t\t\t\t\t><img src=\"\/\/ecoembes.com\/landing\/informe-anual-2021\/wp-content\/plugins\/revslider\/public\/assets\/assets\/dummy.png\" alt=\"\" class=\"tp-rs-img rs-lazyload\" data-lazyload=\"\/\/ecoembes.com\/landing\/informe-anual-2021\/wp-content\/uploads\/2022\/05\/valor-compartido-circular-3.svg\" data-no-retina> \n\t\t\t\t\t\t\t\t<\/rs-layer><!--\n\t\t\t\t\t\t\t--><\/rs-group><!--\n\n\t\t\t\t\t\t\t--><rs-group\n\t\t\t\t\t\t\t\tid=\"slider-33-slide-35-layer-7\" \n\t\t\t\t\t\t\t\tclass=\"slide-hero-title\"\n\t\t\t\t\t\t\t\tdata-type=\"group\"\n\t\t\t\t\t\t\t\tdata-rsp_ch=\"on\"\n\t\t\t\t\t\t\t\tdata-xy=\"x:c;yo:0,0,15px,0;\"\n\t\t\t\t\t\t\t\tdata-text=\"w:normal;s:20,17,10,6;l:0,22,13,8;\"\n\t\t\t\t\t\t\t\tdata-dim=\"w:95%,95%,100%,90%;h:210px,23%,215px,235px;\"\n\t\t\t\t\t\t\t\tdata-basealign=\"slide\"\n\t\t\t\t\t\t\t\tdata-frame_0=\"o:1;\"\n\t\t\t\t\t\t\t\tdata-frame_999=\"o:0;st:w;sR:8700;sA:9000;\"\n\t\t\t\t\t\t\t\tstyle=\"z-index:14;\"\n\t\t\t\t\t\t\t><!--\n\t\t\t\t\t\t\t\t--><rs-layer\n\t\t\t\t\t\t\t\t\tid=\"slider-33-slide-35-layer-5\" \n\t\t\t\t\t\t\t\t\tdata-type=\"image\"\n\t\t\t\t\t\t\t\t\tdata-rsp_ch=\"on\"\n\t\t\t\t\t\t\t\t\tdata-xy=\"x:c;\"\n\t\t\t\t\t\t\t\t\tdata-text=\"w:normal;s:20,17,10,6;l:0,22,13,8;\"\n\t\t\t\t\t\t\t\t\tdata-dim=\"w:85px,85px,70px,70px;h:40px,40px,33px,33px;\"\n\t\t\t\t\t\t\t\t\tdata-frame_0=\"y:50,44,26,16;\"\n\t\t\t\t\t\t\t\t\tdata-frame_1=\"e:power3.out;sp:1000;\"\n\t\t\t\t\t\t\t\t\tdata-frame_999=\"o:0;st:w;sR:8000;\"\n\t\t\t\t\t\t\t\t\tstyle=\"z-index:13;\"\n\t\t\t\t\t\t\t\t><img src=\"\/\/ecoembes.com\/landing\/informe-anual-2021\/wp-content\/plugins\/revslider\/public\/assets\/assets\/dummy.png\" alt=\"\" class=\"tp-rs-img rs-lazyload\" data-lazyload=\"\/\/ecoembes.com\/landing\/informe-anual-2021\/wp-content\/uploads\/2022\/05\/simbolo-azul-marron.svg\" data-no-retina> \n\t\t\t\t\t\t\t\t<\/rs-layer><!--\n\n\t\t\t\t\t\t\t\t--><rs-layer\n\t\t\t\t\t\t\t\t\tid=\"slider-33-slide-35-layer-6\" \n\t\t\t\t\t\t\t\t\tclass=\"titulo-home\"\n\t\t\t\t\t\t\t\t\tdata-type=\"text\"\n\t\t\t\t\t\t\t\t\tdata-color=\"#c7982d\"\n\t\t\t\t\t\t\t\t\tdata-rsp_ch=\"on\"\n\t\t\t\t\t\t\t\t\tdata-xy=\"x:c;yo:70px,60px,55px,55px;\"\n\t\t\t\t\t\t\t\t\tdata-text=\"w:normal;s:42,36,32,30;l:52,46,42,40;a:center;\"\n\t\t\t\t\t\t\t\t\tdata-dim=\"w:100%,95%,95%,100%;\"\n\t\t\t\t\t\t\t\t\tdata-frame_0=\"y:50,44,26,16;\"\n\t\t\t\t\t\t\t\t\tdata-frame_1=\"e:power3.out;st:200;sp:1000;sR:200;\"\n\t\t\t\t\t\t\t\t\tdata-frame_999=\"o:0;st:w;sR:7800;\"\n\t\t\t\t\t\t\t\t\tstyle=\"z-index:12;font-family:'Roboto';\"\n\t\t\t\t\t\t\t\t><span>Objetivo compartido<\/span> <br \/>\nRecicladores, colaboradores indispensables \n\t\t\t\t\t\t\t\t<\/rs-layer><!--\n\n\t\t\t\t\t\t\t\t--><rs-layer\n\t\t\t\t\t\t\t\t\tid=\"slider-33-slide-35-layer-9\" \n\t\t\t\t\t\t\t\t\tclass=\"ods-home\"\n\t\t\t\t\t\t\t\t\tdata-type=\"text\"\n\t\t\t\t\t\t\t\t\tdata-color=\"#c7982d\"\n\t\t\t\t\t\t\t\t\tdata-rsp_ch=\"on\"\n\t\t\t\t\t\t\t\t\tdata-xy=\"x:c;y:b;\"\n\t\t\t\t\t\t\t\t\tdata-text=\"w:normal;s:14;l:16;a:center;\"\n\t\t\t\t\t\t\t\t\tdata-frame_0=\"y:50,44,26,16;\"\n\t\t\t\t\t\t\t\t\tdata-frame_1=\"e:power3.out;st:300;sp:1000;\"\n\t\t\t\t\t\t\t\t\tdata-frame_999=\"o:0;st:w;\"\n\t\t\t\t\t\t\t\t\tstyle=\"z-index:11;font-family:'Roboto';\"\n\t\t\t\t\t\t\t\t><strong>ODS 9&nbsp;&nbsp;&nbsp;&nbsp;ODS 12&nbsp;&nbsp;&nbsp;&nbsp;ODS 17<\/strong> \n\t\t\t\t\t\t\t\t<\/rs-layer><!--\n\t\t\t\t\t\t\t--><\/rs-group><!--\n-->\t\t\t\t\t\t<\/rs-slide>\n\t\t\t\t\t<\/rs-slides>\n\t\t\t\t<\/rs-module>\n\t\t\t\t<script>\n\t\t\t\t\tsetREVStartSize({c: 'rev_slider_33_1',rl:[1440,1281,778,480],el:[900,800,960,720],gw:[1440,1280,778,480],gh:[900,800,960,720],type:'hero',justify:'',layout:'fullscreen',offsetContainer:'',offset:'',mh:\"0\"});if (window.RS_MODULES!==undefined && window.RS_MODULES.modules!==undefined && window.RS_MODULES.modules[\"revslider331\"]!==undefined) {window.RS_MODULES.modules[\"revslider331\"].once = false;window.revapi33 = undefined;if (window.RS_MODULES.checkMinimal!==undefined) window.RS_MODULES.checkMinimal()}\n\t\t\t\t<\/script>\n\t\t\t<\/rs-module-wrap>\n\t\t\t<!-- END REVOLUTION SLIDER -->\n[\/vc_column][\/vc_row][vc_row css_animation=\"\" row_type=\"row\" use_row_as_full_screen_section=\"no\" type=\"grid\" angled_section=\"no\" text_align=\"center\" background_image_as_pattern=\"without_pattern\" z_index=\"\" el_class=\"intro-seccion\"][vc_column width=\"1\/6\"][\/vc_column][vc_column css_animation=\"bottom-to-top\" width=\"2\/3\"][vc_column_text]<\/p>\n<h1>Indispensables<\/h1>\n<p>[\/vc_column_text][vc_column_text]<\/p>\n<h3>Recicladores, una labor que completa el c\u00edrculo<\/h3>\n<p>[\/vc_column_text][vc_column_text]<\/p>\n<h5>Las empresas recicladoras y recuperadoras son el \u00faltimo eslab\u00f3n de la cadena del reciclaje, un agente fundamental que se encarga de convertir los residuos recuperados en nueva materia prima para su reintroducci\u00f3n en el ciclo productivo y completar as\u00ed el viaje circular de los residuos.<\/h5>\n<p>[\/vc_column_text][\/vc_column][vc_column width=\"1\/6\"][\/vc_column][\/vc_row][vc_row css_animation=\"\" row_type=\"row\" use_row_as_full_screen_section=\"no\" type=\"grid\" angled_section=\"no\" text_align=\"left\" background_image_as_pattern=\"without_pattern\" z_index=\"\" el_class=\"texto-una-columna\"][vc_column][vc_column_text]Previamente, los residuos de envases depositados en los contenedores son separados y clasificados por materiales en las plantas de selecci\u00f3n, un servicio que depende de la gesti\u00f3n de las Administraciones p\u00fablicas. Una vez separados, estos materiales son puestos a disposici\u00f3n de los recicladores, que inician el proceso para dar a estos residuos una segunda vida.<\/p>\n<p>&nbsp;<\/p>\n<p>Ecoembes asegura el cumplimiento de los objetivos de reciclado establecidos por ley a trav\u00e9s del proceso de venta de materiales en el mercado de materias primas secundarias para garantizar que su destino final es el reciclado. Ecoembes gestiona la venta de la mayor parte de estos materiales, por encargo de las entidades locales, en un proceso p\u00fablico y transparente en colaboraci\u00f3n con un tercero independiente que da fe de la imparcialidad del proceso.<\/p>\n<p>&nbsp;<\/p>\n<blockquote><p>Homologaci\u00f3n de empresas, adjudicaci\u00f3n de materiales<\/p><\/blockquote>\n<h6><\/h6>\n<h6><a href=\"https:\/\/ecoembes.com\/landing\/informe-anual-2021\/indice-de-contenidos-gri\/#gri-308-1\" target=\"_blank\" rel=\"noopener\"><span style=\"color: #469730;\">GRI 308-1<\/span><\/a><\/h6>\n<p>&nbsp;<\/p>\n<p>&nbsp;<\/p>\n<p>Nuestro sistema cont\u00f3 en 2021 con 455 homologaciones de empresas recicladoras, instalaciones y materiales. Antes de incorporarse al sistema, estas empresas pasan por un exhaustivo proceso de selecci\u00f3n y homologaci\u00f3n con el que se garantiza que sus actuaciones cumplen con unos determinados est\u00e1ndares. Una vez homologados, pueden acceder a la venta de los materiales recuperados.[\/vc_column_text][\/vc_column][\/vc_row][vc_row css_animation=\"\" row_type=\"row\" use_row_as_full_screen_section=\"no\" type=\"grid\" angled_section=\"no\" text_align=\"left\" background_image_as_pattern=\"without_pattern\" z_index=\"\" el_class=\"cuatro-columnas\"][vc_column css_animation=\"bottom-to-top\" width=\"1\/2\"]<div class=\"image_with_text\"><img itemprop=\"image\" src=\"https:\/\/ecoembes.com\/landing\/informe-anual-2021\/wp-content\/uploads\/2021\/05\/empresas.svg\" alt=\"15 empresas\" \/><h3 >15 empresas<\/h3><span style=\"margin: 6px 0px;\" class=\"separator transparent\"><\/span><span style=\"font-weight: 400;\">15 n<\/span><span style=\"font-weight: 400;\">uevas empresas <\/span>se han incorporado a nuestro listado de los recicladores homologados en 2021.<\/div>[\/vc_column][vc_column css_animation=\"bottom-to-top\" width=\"1\/2\"]<div class=\"image_with_text\"><img itemprop=\"image\" src=\"https:\/\/ecoembes.com\/landing\/informe-anual-2021\/wp-content\/uploads\/2021\/05\/contrato-practicas.svg\" alt=\"455 homologaciones\" \/><h3 >455 homologaciones<\/h3><span style=\"margin: 6px 0px;\" class=\"separator transparent\"><\/span>455 homologaciones de empresas recicladoras, instalaciones y materiales en 2021.<\/div>[\/vc_column][\/vc_row][vc_row css_animation=\"\" row_type=\"row\" use_row_as_full_screen_section=\"no\" type=\"grid\" angled_section=\"no\" text_align=\"left\" background_image_as_pattern=\"without_pattern\" z_index=\"\" el_class=\"texto-una-columna\"][vc_column][vc_column_text]Gracias a la homologaci\u00f3n, verificamos que las empresas a las que adjudicamos los materiales recuperados, y cuya venta gestionamos nosotros, cumplen con una serie de aspectos t\u00e9cnicos, medioambientales, econ\u00f3micos y administrativos, que consideramos fundamentales. Adem\u00e1s, el proceso de homologaci\u00f3n asegura que las empresas interesadas en ser destinatarias de los materiales ofrecen todas las garant\u00edas para su correcto tratamiento.<\/p>\n<p>&nbsp;<\/p>\n<p>La homologaci\u00f3n de empresas recuperadoras y recicladoras es un proceso de certificaci\u00f3n, externalizado y auditado bajo las normas ISO 9001 y 14001.<\/p>\n<p>&nbsp;<\/p>\n<p>Ecoembes podr\u00e1 proceder a retirar (o suspender, seg\u00fan el caso) la homologaci\u00f3n en caso de no cumplirse con los par\u00e1metros establecidos, para garantizar as\u00ed el buen funcionamiento de toda la cadena de reciclaje.<\/p>\n<blockquote><p>El proceso de <strong><a href=\"https:\/\/www.ecoembes.com\/es\/recicladores-y-recogidas-fuera-del-hogar\/residuo-municipal\/convocatorias-y-adjudicaciones\">adjudicaci\u00f3n<\/a><\/strong> de los materiales a cada empresa es p\u00fablico y est\u00e1 supervisado por una entidad independiente bajo las normas ISO 9001 y 14001. De esta manera, se garantiza la transparencia del proceso.<\/p><\/blockquote>\n<p>Antes de la puesta en el mercado, Ecoembes realiza un control del material reciclado, aplicando a este proceso el mismo rigor que en el resto del ciclo, para velar por el cumplimiento de las especificaciones t\u00e9cnicas del material recuperado y garantizar que el material recuperado pueda tener una segunda vida.<\/p>\n<h4><\/h4>\n<h4>Damos una segunda vida a los envases<\/h4>\n<blockquote><p>En 2021 se entregaron a instalaciones recicladoras 1.570.513 toneladas de envases dom\u00e9sticos procedentes de los contenedores amarillos y azules, recogidas selectivas en lugares de gran afluencia y plantas de residuos municipales, un 5,3% m\u00e1s que en 2020.<\/p><\/blockquote>\n<p>Gracias al proceso de reciclaje reintroducimos en el sistema productivo materiales que de otro modo hubieran acabado como residuos en vertederos. De esta forma, contribuimos a reducir su impacto ambiental, minimizamos el uso de materias primas y consolidamos la econom\u00eda circular.[\/vc_column_text][\/vc_column][\/vc_row][vc_row css_animation=\"\" row_type=\"row\" use_row_as_full_screen_section=\"no\" type=\"grid\" angled_section=\"no\" text_align=\"left\" background_image_as_pattern=\"without_pattern\" z_index=\"\"][vc_column css_animation=\"bottom-to-top\"][vc_column_text]<\/p>\n<h4>Tipo de materiales recuperados para su reciclado en 2021<\/h4>\n<p>[\/vc_column_text][\/vc_column][\/vc_row][vc_row css_animation=\"\" row_type=\"row\" use_row_as_full_screen_section=\"no\" type=\"grid\" angled_section=\"no\" text_align=\"left\" background_image_as_pattern=\"without_pattern\" z_index=\"\"][vc_column css_animation=\"bottom-to-top\" width=\"1\/4\"]<div class=\"image_with_text\"><img itemprop=\"image\" src=\"https:\/\/ecoembes.com\/landing\/informe-anual-2021\/wp-content\/uploads\/2021\/05\/botella-plastico.svg\" alt=\"677.096\" \/><h3 >677.096<\/h3><span style=\"margin: 6px 0px;\" class=\"separator transparent\"><\/span><\/p>\n<h3 style=\"color: #469730; font-weight: 300; margin: 0;\">87,3%<\/h3>\n<p>Toneladas de envases de pl\u00e1stico.<\/div>[\/vc_column][vc_column css_animation=\"bottom-to-top\" width=\"1\/4\"]<div class=\"image_with_text\"><img itemprop=\"image\" src=\"https:\/\/ecoembes.com\/landing\/informe-anual-2021\/wp-content\/uploads\/2021\/05\/lata.svg\" alt=\"247.157\" \/><h3 >247.157<\/h3><span style=\"margin: 6px 0px;\" class=\"separator transparent\"><\/span><\/p>\n<h3 style=\"color: #469730; font-weight: 300; margin: 0;\">86,4%<\/h3>\n<p>Toneladas de envases met\u00e1licos.<\/div>[\/vc_column][vc_column css_animation=\"bottom-to-top\" width=\"1\/4\"]<div class=\"image_with_text\"><img itemprop=\"image\" src=\"https:\/\/ecoembes.com\/landing\/informe-anual-2021\/wp-content\/uploads\/2021\/05\/carton.svg\" alt=\"637.823\" \/><h3 >637.823<\/h3><span style=\"margin: 6px 0px;\" class=\"separator transparent\"><\/span><\/p>\n<h3 style=\"color: #469730; font-weight: 300; margin: 0;\">78,2%<\/h3>\n<p>Toneladas de envases de papel y cart\u00f3n.<\/div>[\/vc_column][vc_column css_animation=\"bottom-to-top\" width=\"1\/4\"]<div class=\"image_with_text\"><img itemprop=\"image\" src=\"https:\/\/ecoembes.com\/landing\/informe-anual-2021\/wp-content\/uploads\/2021\/06\/madera.svg\" alt=\"8.436\" \/><h3 >8.436<\/h3><span style=\"margin: 6px 0px;\" class=\"separator transparent\"><\/span><\/p>\n<h3 style=\"color: #469730; font-weight: 300; margin: 0;\">55,5%<\/h3>\n<p>Toneladas de envases de madera.<\/div>[\/vc_column][\/vc_row][vc_row css_animation=\"\" row_type=\"row\" use_row_as_full_screen_section=\"no\" type=\"grid\" angled_section=\"no\" text_align=\"left\" background_image_as_pattern=\"without_pattern\" z_index=\"\" el_class=\"texto-una-columna\"][vc_column css_animation=\"bottom-to-top\"][vc_column_text]La subida de los precios de las materias primas ha provocado un aumento de la demanda de materiales recuperados en el mercado. Esto, unido a la cada vez mayor concienciaci\u00f3n social y demanda de productos y envases sostenibles, la identificaci\u00f3n por parte de las empresas de la necesidad de cambiar el modelo productivo a un modelo circular, as\u00ed como la normativa emergente que regula la presencia de materiales reciclados en los envases, han provocado que cobre mayor protagonismo el ecodise\u00f1o y la sostenibilidad de los envases. Por todo esto, en 2021 los materiales recuperados tambi\u00e9n han experimentado una subida de precios.[\/vc_column_text][\/vc_column][\/vc_row][vc_row css_animation=\"\" row_type=\"row\" use_row_as_full_screen_section=\"no\" type=\"grid\" angled_section=\"no\" text_align=\"left\" background_image_as_pattern=\"without_pattern\" z_index=\"\" el_class=\"texto-una-columna\"][vc_column css_animation=\"bottom-to-top\"][vc_single_image image=\"2039\" img_size=\"full\" qode_css_animation=\"\"][\/vc_column][\/vc_row][vc_row css_animation=\"\" row_type=\"row\" use_row_as_full_screen_section=\"no\" type=\"grid\" angled_section=\"no\" text_align=\"center\" background_image_as_pattern=\"without_pattern\" z_index=\"\" el_class=\"intro-seccion\"][vc_column width=\"1\/6\"][\/vc_column][vc_column css_animation=\"bottom-to-top\" width=\"2\/3\"][vc_column_text]<\/p>\n<h1>Transparencia<\/h1>\n<p>[\/vc_column_text][vc_column_text]<\/p>\n<h3>Control y certificaci\u00f3n<\/h3>\n<p>[\/vc_column_text][vc_column_text]<\/p>\n<h5>Nos encargamos de asegurar que todo el sistema se rige bajo principios de rigor, trazabilidad y transparencia.<\/h5>\n<p>[\/vc_column_text][\/vc_column][vc_column width=\"1\/6\"][\/vc_column][\/vc_row][vc_row css_animation=\"\" row_type=\"row\" use_row_as_full_screen_section=\"no\" type=\"grid\" angled_section=\"no\" text_align=\"left\" background_image_as_pattern=\"without_pattern\" z_index=\"\" el_class=\"texto-una-columna\"][vc_column][vc_column_text]Supervisamos y colaboramos con el proceso de reciclaje de materiales para garantizar su calidad, rigor y transparencia. Hacemos un seguimiento a lo largo de toda la cadena del reciclaje, desde que los envases son depositados por los ciudadanos en los contenedores, hasta su destino final en las empresas recicladoras.<\/p>\n<p>&nbsp;<\/p>\n<p>El proceso de control de la trazabilidad es doble. Por un lado, a trav\u00e9s de nuestros procesos de control interno y, por otro, por medio de auditor\u00edas realizadas por empresas especializadas independientes. El objetivo es asegurar que su destino final sea el reciclaje.<\/p>\n<p>&nbsp;<\/p>\n<p><a href=\"https:\/\/www.ecoembes.com\/sites\/default\/files\/barometro\/certificacion\/certificacion_2020.pdf\" target=\"_blank\" rel=\"noopener\">Informe de certificaci\u00f3n y controles 2021<\/a><\/p>\n<p>&nbsp;<\/p>\n<blockquote><p>Nuestras auditor\u00edas de trazabilidad abarcan el 100% de los materiales gestionados<\/p><\/blockquote>\n<p>&nbsp;<\/p>\n<p>2021 ha sido el a\u00f1o de consolidaci\u00f3n de una herramienta que pusimos en marcha en 2020. Se trata de la Central de Disconformidades, una plataforma tecnol\u00f3gica que permite centralizar las disconformidades de materiales y ofrece al reciclador y a la planta de selecci\u00f3n informaci\u00f3n actualizada, transparente y en tiempo real de la gesti\u00f3n de incidencias.[\/vc_column_text][\/vc_column][\/vc_row][vc_row css_animation=\"\" row_type=\"row\" use_row_as_full_screen_section=\"no\" type=\"grid\" angled_section=\"no\" text_align=\"center\" background_image_as_pattern=\"without_pattern\" z_index=\"\"][vc_column css_animation=\"bottom-to-top\"][vc_separator type=\"small\" position=\"center\"]<div class=\"page_share qode_share\"><div class=\"social_share_holder\"><a href=\"javascript:void(0)\" target=\"_self\"><i class=\"icon-basic-share social_share_icon\"><\/i><span class=\"social_share_title\">Share<\/span><\/a><div class=\"social_share_dropdown\"><div class=\"inner_arrow\"><\/div><ul><li class=\"facebook_share\"><a href=\"javascript:void(0)\" onclick=\"window.open('https:\/\/www.facebook.com\/sharer.php?u=https%3A%2F%2Fecoembes.com%2Flanding%2Finforme-anual-2021%2Fobjetivo-comun%2Frecicladores-colaboradores-indispensables%2F', 'sharer', 'toolbar=0,status=0,width=620,height=280');\"><i class=\"fa fa-facebook\"><\/i><\/a><\/li><li class=\"twitter_share\"><a href=\"#\" onclick=\"popUp=window.open('https:\/\/twitter.com\/share?status=%5Bvc_row+css_animation%3D%22%22+row_type%3D%22row%22+use_row_as_full_screen_section%3D%22no%22+type%3D%22full_width%22+angled_section%3D%22no%22+https:\/\/ecoembes.com\/landing\/informe-anual-2021\/objetivo-comun\/recicladores-colaboradores-indispensables\/', 'popupwindow', 'scrollbars=yes,width=800,height=400');popUp.focus();return false;\"><i class=\"fa fa-twitter\"><\/i><\/a><\/li><li  class=\"linkedin_share\"><a href=\"#\" onclick=\"popUp=window.open('https:\/\/linkedin.com\/shareArticle?mini=true&amp;url=https%3A%2F%2Fecoembes.com%2Flanding%2Finforme-anual-2021%2Fobjetivo-comun%2Frecicladores-colaboradores-indispensables%2F&amp;title=Recicladores%2C+colaboradores+indispensables', 'popupwindow', 'scrollbars=yes,width=800,height=400');popUp.focus();return false\"><i class=\"fa fa-linkedin\"><\/i><\/a><\/li><\/ul><\/div><\/div><\/div>[\/vc_column][\/vc_row]<\/p>\n","protected":false},"excerpt":{"rendered":"<p>[vc_row css_animation=\"\" row_type=\"row\" use_row_as_full_screen_section=\"no\" type=\"full_width\" angled_section=\"no\" text_align=\"center\" background_image_as_pattern=\"without_pattern\" z_index=\"\"][vc_column][\/vc_column][\/vc_row][vc_row css_animation=\"\" row_type=\"row\" use_row_as_full_screen_section=\"no\" type=\"grid\" angled_section=\"no\" text_align=\"center\" background_image_as_pattern=\"without_pattern\" z_index=\"\" el_class=\"intro-seccion\"][vc_column width=\"1\/6\"][\/vc_column][vc_column css_animation=\"bottom-to-top\" width=\"2\/3\"][vc_column_text] Indispensables [\/vc_column_text][vc_column_text] Recicladores, una labor que completa el c\u00edrculo [\/vc_column_text][vc_column_text] Las empresas recicladoras y recuperadoras son el \u00faltimo eslab\u00f3n de la cadena del reciclaje,...<\/p>\n","protected":false},"author":1,"featured_media":0,"parent":534,"menu_order":0,"comment_status":"closed","ping_status":"closed","template":"full_width.php","meta":[],"_links":{"self":[{"href":"https:\/\/ecoembes.com\/landing\/informe-anual-2021\/wp-json\/wp\/v2\/pages\/751"}],"collection":[{"href":"https:\/\/ecoembes.com\/landing\/informe-anual-2021\/wp-json\/wp\/v2\/pages"}],"about":[{"href":"https:\/\/ecoembes.com\/landing\/informe-anual-2021\/wp-json\/wp\/v2\/types\/page"}],"author":[{"embeddable":true,"href":"https:\/\/ecoembes.com\/landing\/informe-anual-2021\/wp-json\/wp\/v2\/users\/1"}],"replies":[{"embeddable":true,"href":"https:\/\/ecoembes.com\/landing\/informe-anual-2021\/wp-json\/wp\/v2\/comments?post=751"}],"version-history":[{"count":80,"href":"https:\/\/ecoembes.com\/landing\/informe-anual-2021\/wp-json\/wp\/v2\/pages\/751\/revisions"}],"predecessor-version":[{"id":2603,"href":"https:\/\/ecoembes.com\/landing\/informe-anual-2021\/wp-json\/wp\/v2\/pages\/751\/revisions\/2603"}],"up":[{"embeddable":true,"href":"https:\/\/ecoembes.com\/landing\/informe-anual-2021\/wp-json\/wp\/v2\/pages\/534"}],"wp:attachment":[{"href":"https:\/\/ecoembes.com\/landing\/informe-anual-2021\/wp-json\/wp\/v2\/media?parent=751"}],"curies":[{"name":"wp","href":"https:\/\/api.w.org\/{rel}","templated":true}]}}