{"id":469,"date":"2021-05-28T00:49:49","date_gmt":"2021-05-27T22:49:49","guid":{"rendered":"https:\/\/ecoembes.com\/landing\/informe-anual-2021\/?page_id=469"},"modified":"2022-06-22T16:33:55","modified_gmt":"2022-06-22T14:33:55","slug":"transformacion-digital","status":"publish","type":"page","link":"https:\/\/ecoembes.com\/landing\/informe-anual-2021\/transformacion-circular\/transformacion-digital\/","title":{"rendered":"Transformaci\u00f3n digital"},"content":{"rendered":"<p>[vc_row css_animation=\"\" row_type=\"row\" use_row_as_full_screen_section=\"no\" type=\"full_width\" angled_section=\"no\" text_align=\"center\" background_image_as_pattern=\"without_pattern\" z_index=\"\"][vc_column]\n\t\t\t<!-- START Modelo Circular 3 REVOLUTION SLIDER 6.5.23 --><p class=\"rs-p-wp-fix\"><\/p>\n\t\t\t<rs-module-wrap id=\"rev_slider_24_1_wrapper\" data-source=\"gallery\" style=\"visibility:hidden;background:transparent;padding:0;\">\n\t\t\t\t<rs-module id=\"rev_slider_24_1\" style=\"\" data-version=\"6.5.23\">\n\t\t\t\t\t<rs-slides>\n\t\t\t\t\t\t<rs-slide style=\"position: absolute;\" data-key=\"rs-26\" data-title=\"Slide\" data-in=\"o:0;\" data-out=\"a:false;\">\n\t\t\t\t\t\t\t<img src=\"\/\/ecoembes.com\/landing\/informe-anual-2021\/wp-content\/plugins\/revslider\/public\/assets\/assets\/dummy.png\" alt=\"Slide\" title=\"Transformaci\u00f3n digital\" class=\"rev-slidebg tp-rs-img rs-lazyload\" data-lazyload=\"\/\/ecoembes.com\/landing\/informe-anual-2021\/wp-content\/plugins\/revslider\/public\/assets\/assets\/transparent.png\" data-bg=\"c:#eaf8fc;\" data-no-retina>\n<!--\n\t\t\t\t\t\t\t--><rs-group\n\t\t\t\t\t\t\t\tid=\"slider-24-slide-26-layer-0\" \n\t\t\t\t\t\t\t\tclass=\"circulos-hero\"\n\t\t\t\t\t\t\t\tdata-type=\"group\"\n\t\t\t\t\t\t\t\tdata-rsp_ch=\"on\"\n\t\t\t\t\t\t\t\tdata-xy=\"x:c;y:m;yo:0,0,30px,40px;\"\n\t\t\t\t\t\t\t\tdata-text=\"w:normal;s:20,17,10,6;l:0,22,13,8;\"\n\t\t\t\t\t\t\t\tdata-dim=\"w:100%,75%,75%,90%;h:100%;\"\n\t\t\t\t\t\t\t\tdata-basealign=\"slide\"\n\t\t\t\t\t\t\t\tdata-frame_0=\"o:1;\"\n\t\t\t\t\t\t\t\tdata-frame_999=\"o:0;st:w;sR:8700;sA:9000;\"\n\t\t\t\t\t\t\t\tstyle=\"z-index:10;\"\n\t\t\t\t\t\t\t><!--\n\t\t\t\t\t\t\t\t--><rs-layer\n\t\t\t\t\t\t\t\t\tid=\"circle-2\" \n\t\t\t\t\t\t\t\t\tdata-type=\"image\"\n\t\t\t\t\t\t\t\t\tdata-rsp_ch=\"on\"\n\t\t\t\t\t\t\t\t\tdata-xy=\"x:c;y:m;\"\n\t\t\t\t\t\t\t\t\tdata-text=\"w:normal;s:20,17,10,6;l:0,22,13,8;\"\n\t\t\t\t\t\t\t\t\tdata-dim=\"w:56%,72%,79%,83%;\"\n\t\t\t\t\t\t\t\t\tdata-basealign=\"slide\"\n\t\t\t\t\t\t\t\t\tdata-frame_1=\"rZ:-180deg;e:power3.out;st:300;sp:2500;sR:300;\"\n\t\t\t\t\t\t\t\t\tdata-frame_999=\"o:0;st:w;sR:6200;\"\n\t\t\t\t\t\t\t\t\tstyle=\"z-index:9;\"\n\t\t\t\t\t\t\t\t><img src=\"\/\/ecoembes.com\/landing\/informe-anual-2021\/wp-content\/plugins\/revslider\/public\/assets\/assets\/dummy.png\" alt=\"\" class=\"tp-rs-img rs-lazyload\" data-lazyload=\"\/\/ecoembes.com\/landing\/informe-anual-2021\/wp-content\/uploads\/2022\/05\/circulo-modelo-circular-2.svg\" data-no-retina> \n\t\t\t\t\t\t\t\t<\/rs-layer><!--\n\n\t\t\t\t\t\t\t\t--><rs-layer\n\t\t\t\t\t\t\t\t\tid=\"circle-3\" \n\t\t\t\t\t\t\t\t\tdata-type=\"image\"\n\t\t\t\t\t\t\t\t\tdata-rsp_ch=\"on\"\n\t\t\t\t\t\t\t\t\tdata-xy=\"x:c;y:m;\"\n\t\t\t\t\t\t\t\t\tdata-text=\"w:normal;s:20,17,10,6;l:0,22,13,8;\"\n\t\t\t\t\t\t\t\t\tdata-dim=\"w:68%,87%,96%,100%;\"\n\t\t\t\t\t\t\t\t\tdata-basealign=\"slide\"\n\t\t\t\t\t\t\t\t\tdata-frame_1=\"rZ:180deg;e:power3.out;st:300;sp:3000;sR:300;\"\n\t\t\t\t\t\t\t\t\tdata-frame_999=\"o:0;st:w;sR:5700;\"\n\t\t\t\t\t\t\t\t\tstyle=\"z-index:8;\"\n\t\t\t\t\t\t\t\t><img src=\"\/\/ecoembes.com\/landing\/informe-anual-2021\/wp-content\/plugins\/revslider\/public\/assets\/assets\/dummy.png\" alt=\"\" class=\"tp-rs-img rs-lazyload\" data-lazyload=\"\/\/ecoembes.com\/landing\/informe-anual-2021\/wp-content\/uploads\/2022\/05\/circulo-modelo-circular-3.svg\" data-no-retina> \n\t\t\t\t\t\t\t\t<\/rs-layer><!--\n\t\t\t\t\t\t\t--><\/rs-group><!--\n\n\t\t\t\t\t\t\t--><rs-group\n\t\t\t\t\t\t\t\tid=\"slider-24-slide-26-layer-7\" \n\t\t\t\t\t\t\t\tclass=\"slide-hero-title\"\n\t\t\t\t\t\t\t\tdata-type=\"group\"\n\t\t\t\t\t\t\t\tdata-rsp_ch=\"on\"\n\t\t\t\t\t\t\t\tdata-xy=\"x:c;yo:0,0,15px,0;\"\n\t\t\t\t\t\t\t\tdata-text=\"w:normal;s:20,17,10,6;l:0,22,13,8;\"\n\t\t\t\t\t\t\t\tdata-dim=\"w:95%,95%,100%,90%;h:210px,23%,210px,210px;\"\n\t\t\t\t\t\t\t\tdata-basealign=\"slide\"\n\t\t\t\t\t\t\t\tdata-frame_0=\"o:1;\"\n\t\t\t\t\t\t\t\tdata-frame_999=\"o:0;st:w;sR:8700;sA:9000;\"\n\t\t\t\t\t\t\t\tstyle=\"z-index:14;\"\n\t\t\t\t\t\t\t><!--\n\t\t\t\t\t\t\t\t--><rs-layer\n\t\t\t\t\t\t\t\t\tid=\"slider-24-slide-26-layer-5\" \n\t\t\t\t\t\t\t\t\tdata-type=\"image\"\n\t\t\t\t\t\t\t\t\tdata-rsp_ch=\"on\"\n\t\t\t\t\t\t\t\t\tdata-xy=\"x:c;\"\n\t\t\t\t\t\t\t\t\tdata-text=\"w:normal;s:20,17,10,6;l:0,22,13,8;\"\n\t\t\t\t\t\t\t\t\tdata-dim=\"w:85px,85px,70px,70px;h:40px,40px,33px,33px;\"\n\t\t\t\t\t\t\t\t\tdata-frame_0=\"y:50,44,26,16;\"\n\t\t\t\t\t\t\t\t\tdata-frame_1=\"e:power3.out;sp:1000;\"\n\t\t\t\t\t\t\t\t\tdata-frame_999=\"o:0;st:w;sR:8000;\"\n\t\t\t\t\t\t\t\t\tstyle=\"z-index:13;\"\n\t\t\t\t\t\t\t\t><img src=\"\/\/ecoembes.com\/landing\/informe-anual-2021\/wp-content\/plugins\/revslider\/public\/assets\/assets\/dummy.png\" alt=\"\" class=\"tp-rs-img rs-lazyload\" data-lazyload=\"\/\/ecoembes.com\/landing\/informe-anual-2021\/wp-content\/uploads\/2022\/05\/simbolo-azul-claro.svg\" data-no-retina> \n\t\t\t\t\t\t\t\t<\/rs-layer><!--\n\n\t\t\t\t\t\t\t\t--><rs-layer\n\t\t\t\t\t\t\t\t\tid=\"slider-24-slide-26-layer-6\" \n\t\t\t\t\t\t\t\t\tclass=\"titulo-home\"\n\t\t\t\t\t\t\t\t\tdata-type=\"text\"\n\t\t\t\t\t\t\t\t\tdata-color=\"#36b8e0\"\n\t\t\t\t\t\t\t\t\tdata-rsp_ch=\"on\"\n\t\t\t\t\t\t\t\t\tdata-xy=\"x:c;yo:70px,60px,55px,55px;\"\n\t\t\t\t\t\t\t\t\tdata-text=\"w:normal;s:42,36,32,30;l:52,46,42,40;a:center;\"\n\t\t\t\t\t\t\t\t\tdata-dim=\"w:100%,95%,95%,100%;\"\n\t\t\t\t\t\t\t\t\tdata-frame_0=\"y:50,44,26,16;\"\n\t\t\t\t\t\t\t\t\tdata-frame_1=\"e:power3.out;st:200;sp:1000;sR:200;\"\n\t\t\t\t\t\t\t\t\tdata-frame_999=\"o:0;st:w;sR:7800;\"\n\t\t\t\t\t\t\t\t\tstyle=\"z-index:12;font-family:'Roboto';\"\n\t\t\t\t\t\t\t\t><span>Transformaci\u00f3n circular<\/span> <br \/>\nTransformaci\u00f3n digital \n\t\t\t\t\t\t\t\t<\/rs-layer><!--\n\n\t\t\t\t\t\t\t\t--><rs-layer\n\t\t\t\t\t\t\t\t\tid=\"slider-24-slide-26-layer-9\" \n\t\t\t\t\t\t\t\t\tclass=\"ods-home\"\n\t\t\t\t\t\t\t\t\tdata-type=\"text\"\n\t\t\t\t\t\t\t\t\tdata-color=\"#36b8e0\"\n\t\t\t\t\t\t\t\t\tdata-rsp_ch=\"on\"\n\t\t\t\t\t\t\t\t\tdata-xy=\"x:c;y:b;\"\n\t\t\t\t\t\t\t\t\tdata-text=\"w:normal;s:14;l:16;a:center;\"\n\t\t\t\t\t\t\t\t\tdata-frame_0=\"y:50,44,26,16;\"\n\t\t\t\t\t\t\t\t\tdata-frame_1=\"e:power3.out;st:300;sp:1000;\"\n\t\t\t\t\t\t\t\t\tdata-frame_999=\"o:0;st:w;\"\n\t\t\t\t\t\t\t\t\tstyle=\"z-index:11;font-family:'Roboto';\"\n\t\t\t\t\t\t\t\t><strong>ODS 9<\/strong> \n\t\t\t\t\t\t\t\t<\/rs-layer><!--\n\t\t\t\t\t\t\t--><\/rs-group><!--\n-->\t\t\t\t\t\t<\/rs-slide>\n\t\t\t\t\t<\/rs-slides>\n\t\t\t\t<\/rs-module>\n\t\t\t\t<script>\n\t\t\t\t\tsetREVStartSize({c: 'rev_slider_24_1',rl:[1440,1281,778,480],el:[900,800,960,720],gw:[1440,1280,778,480],gh:[900,800,960,720],type:'hero',justify:'',layout:'fullscreen',offsetContainer:'',offset:'',mh:\"0\"});if (window.RS_MODULES!==undefined && window.RS_MODULES.modules!==undefined && window.RS_MODULES.modules[\"revslider241\"]!==undefined) {window.RS_MODULES.modules[\"revslider241\"].once = false;window.revapi24 = undefined;if (window.RS_MODULES.checkMinimal!==undefined) window.RS_MODULES.checkMinimal()}\n\t\t\t\t<\/script>\n\t\t\t<\/rs-module-wrap>\n\t\t\t<!-- END REVOLUTION SLIDER -->\n[\/vc_column][\/vc_row][vc_row css_animation=\"\" row_type=\"row\" use_row_as_full_screen_section=\"no\" type=\"grid\" angled_section=\"no\" text_align=\"center\" background_image_as_pattern=\"without_pattern\" z_index=\"\" el_class=\"intro-seccion\"][vc_column width=\"1\/6\"][\/vc_column][vc_column css_animation=\"bottom-to-top\" width=\"2\/3\"][vc_column_text]<\/p>\n<h1>Innovaci\u00f3n<\/h1>\n<p>[\/vc_column_text][vc_column_text]<\/p>\n<h3>Digitalizaci\u00f3n, un proceso en continuo desarrollo<\/h3>\n<p>[\/vc_column_text][vc_column_text]<\/p>\n<h5>Gracias a la digitalizaci\u00f3n y a un proceso constante de innovaci\u00f3n, que desarrollamos junto con nuestros grupos de inter\u00e9s, desde Ecoembes impulsamos la evoluci\u00f3n del modelo de reciclaje de envases dom\u00e9sticos para que sea cada vez m\u00e1s digital y m\u00e1s circular.<\/h5>\n<p>[\/vc_column_text][\/vc_column][vc_column width=\"1\/6\"][\/vc_column][\/vc_row][vc_row css_animation=\"\" row_type=\"row\" use_row_as_full_screen_section=\"no\" type=\"grid\" angled_section=\"no\" text_align=\"left\" background_image_as_pattern=\"without_pattern\" z_index=\"\" el_class=\"texto-una-columna\"][vc_column css_animation=\"none\"][vc_column_text]Nuestra transformaci\u00f3n digital tiene un enfoque transversal que recorre a toda la compa\u00f1\u00eda y, por tanto, al Plan Estrat\u00e9gico 2021-2023, y se resume en dos v\u00edas de acci\u00f3n: Plan de Transformaci\u00f3n Digital y Plan Director de Tecnolog\u00eda<\/p>\n<p>&nbsp;<\/p>\n<h4>Plan Director de Tecnolog\u00eda<\/h4>\n<p>&nbsp;<\/p>\n<blockquote><p>La base tecnol\u00f3gica para desarrollar nuestra estrategia<\/p><\/blockquote>\n<p>&nbsp;<\/p>\n<p>En 2021 ha empezado a aplicarse el nuevo Plan Director de Tecnolog\u00eda, que pone la tecnolog\u00eda y los sistemas de informaci\u00f3n al servicio de las iniciativas del Plan Estrat\u00e9gico 2021-2023.<\/p>\n<p>&nbsp;<\/p>\n<p>El Plan Director incluye la transformaci\u00f3n de aplicaciones para hacerlas m\u00e1s flexibles y escalables, \u00e1giles, abiertas y seguras, benefici\u00e1ndose de los aceleradores de la transformaci\u00f3n que aporta el uso de las nubes p\u00fablicas.<\/p>\n<p>&nbsp;<\/p>\n<p>Esta aplicaci\u00f3n de la tecnolog\u00eda ha llegado a distintas \u00e1reas de la organizaci\u00f3n para cambiar completamente nuestra forma de trabajar. En 2021, impulsados por las necesidades derivadas de la pandemia, se ha consolidado el modelo de trabajo h\u00edbrido (presencial y teletrabajo), que ha permitido seguir avanzando en el proyecto de Pasaporte Digital, una plataforma que proporciona a los empleados formaci\u00f3n y habilidades en 6 caminos: ciberseguridad, comunicaci\u00f3n virtual, colaboraci\u00f3n en l\u00ednea, uso de <em>software<\/em>, espacio f\u00edsico de almacenamiento y retos gamificados.<\/p>\n<p>&nbsp;<\/p>\n<p>Hemos llevado a cabo la migraci\u00f3n de toda la documentaci\u00f3n corporativa y correo electr\u00f3nico a la nube, y hemos implantado el Digital Workplace, un escritorio unificado que da acceso a las aplicaciones y recursos digitales necesarios para nuestro trabajo diario. Estos avances en direcci\u00f3n a la digitalizaci\u00f3n han reforzado tres fundamentos necesarios para adaptarse a los cambios eficazmente: flexibilidad, resiliencia y seguridad.[\/vc_column_text][\/vc_column][\/vc_row][vc_row css_animation=\"\" row_type=\"row\" use_row_as_full_screen_section=\"no\" type=\"grid\" angled_section=\"no\" text_align=\"left\" background_image_as_pattern=\"without_pattern\" z_index=\"\" css=\".vc_custom_1622168228427{margin-top: -40px !important;}\"][vc_column css_animation=\"bottom-to-top\"][vc_single_image image=\"1958\" img_size=\"full\" qode_css_animation=\"\"][\/vc_column][\/vc_row][vc_row css_animation=\"\" row_type=\"row\" use_row_as_full_screen_section=\"no\" type=\"grid\" angled_section=\"no\" text_align=\"center\" background_image_as_pattern=\"without_pattern\" z_index=\"\" el_class=\"intro-seccion\"][vc_column width=\"1\/6\"][\/vc_column][vc_column css_animation=\"bottom-to-top\" width=\"2\/3\"][vc_column_text]<\/p>\n<h1><b>En la senda de la digitalizaci\u00f3n<\/b><\/h1>\n<p>[\/vc_column_text][vc_column_text]<\/p>\n<h3>Hitos de 2021<\/h3>\n<p>[\/vc_column_text][\/vc_column][vc_column width=\"1\/6\"][\/vc_column][\/vc_row][vc_row css_animation=\"\" row_type=\"row\" use_row_as_full_screen_section=\"no\" type=\"grid\" angled_section=\"no\" text_align=\"left\" background_image_as_pattern=\"without_pattern\" z_index=\"\" el_class=\"modulo-3-iconos\"][vc_column css_animation=\"bottom-to-top\" width=\"1\/2\"]<div class=\"image_with_text\"><img itemprop=\"image\" src=\"https:\/\/ecoembes.com\/landing\/informe-anual-2021\/wp-content\/uploads\/2021\/05\/gobierno-datos.svg\" alt=\"Gobierno del dato\" \/><h3 >Gobierno del dato<\/h3><span style=\"margin: 6px 0px;\" class=\"separator transparent\"><\/span>Nuestra estrategia de gesti\u00f3n del dato es un primer paso en el camino hacia nuestra transformaci\u00f3n en una Data Driven Company, esto es: una empresa en la que el conocimiento sea la base para la toma de decisiones.<\/p>\n<p>&nbsp;<\/p>\n<p>En 2021 hemos ido ampliando el alcance del gobierno del dato a nuevos casos de uso en funci\u00f3n de la disponibilidad de recursos. Actualmente se han incorporado los casos de uso relativos a los envases puestos en el mercado, con cinco casos de uso, y se han incluido los casos de uso relativos a la adaptaci\u00f3n normativa con la implantaci\u00f3n del DI digital. Se ha incorporado tambi\u00e9n el nuevo rol Business Analyst, que dinamizar\u00e1 la incorporaci\u00f3n de los casos de uso y colaborar\u00e1 en la definici\u00f3n de la estrategia del SIA (servicio anal\u00edtico) para 2022.<\/div>[\/vc_column][vc_column css_animation=\"bottom-to-top\" width=\"1\/2\"]<div class=\"image_with_text\"><img itemprop=\"image\" src=\"https:\/\/ecoembes.com\/landing\/informe-anual-2021\/wp-content\/uploads\/2021\/05\/digital-workplace.svg\" alt=\"Modernizaci\u00f3n del puesto de trabajo del empleado\" \/><h3 >Modernizaci\u00f3n del puesto de trabajo del empleado<\/h3><span style=\"margin: 6px 0px;\" class=\"separator transparent\"><\/span>Digital Workplace: m\u00e1s digital, m\u00e1s perfilado y con inteligencia suficiente para poder medir el uso y transformarlo a la medida de las necesidades del empleado, con todas las herramientas de adopci\u00f3n, como el Pasaporte Digital.<\/p>\n<p>&nbsp;<\/p>\n<p>Estas herramientas le permitir\u00e1n al empleado comprobar el uso que hace de las nuevas tecnolog\u00edas digitales a trav\u00e9s de la inteligencia que dan los datos. Se les da acceso a material formativo a trav\u00e9s de la Plataforma Digital Workplace, y encuestas o retos que le permitan avanzar en el uso de estas tecnolog\u00edas. El Pasaporte Digital se ha adaptado para que los datos publicados a finales de 2021 se ofrezcan a los usuarios con m\u00e9tricas medias obtenidas a lo largo del a\u00f1o, y se comparan con las medias corporativas.<\/p>\n<p>&nbsp;<\/p>\n<p>Todo ello acompa\u00f1ado de una migraci\u00f3n a la nube tanto de la documentaci\u00f3n de la compa\u00f1\u00eda como al correo electr\u00f3nico, incrementando la capacidad de almacenamiento, la flexibilidad y la seguridad.<\/div>[\/vc_column][\/vc_row][vc_row css_animation=\"\" row_type=\"row\" use_row_as_full_screen_section=\"no\" type=\"grid\" angled_section=\"no\" text_align=\"left\" background_image_as_pattern=\"without_pattern\" z_index=\"\" el_class=\"modulo-3-iconos\"][vc_column css_animation=\"bottom-to-top\" width=\"1\/2\"]<div class=\"image_with_text\"><img itemprop=\"image\" src=\"https:\/\/ecoembes.com\/landing\/informe-anual-2021\/wp-content\/uploads\/2021\/05\/robotizacion.svg\" alt=\"Actualizaci\u00f3n de procesos\" \/><h3 >Actualizaci\u00f3n de procesos<\/h3><span style=\"margin: 6px 0px;\" class=\"separator transparent\"><\/span>Hemos llevado a cabo la robotizaci\u00f3n de procesos en \u00e1mbitos como los sistemas de informaci\u00f3n y la gesti\u00f3n financiera. Esto ha supuesto un ahorro considerable en horas de trabajo.<\/div>[\/vc_column][vc_column css_animation=\"bottom-to-top\" width=\"1\/2\"]<div class=\"image_with_text\"><img itemprop=\"image\" src=\"https:\/\/ecoembes.com\/landing\/informe-anual-2021\/wp-content\/uploads\/2022\/05\/ciberseguridad.svg\" alt=\"Ciberseguridad\" \/><h3 >Ciberseguridad<\/h3><span style=\"margin: 6px 0px;\" class=\"separator transparent\"><\/span>En un contexto de pandemia que ha supuesto la necesidad de potenciar el teletrabajo, uno de los grandes retos de 2021 ha sido la seguridad de los datos y las comunicaciones. Hemos actualizado por ello nuestro Plan de Ciberseguridad con nuevas funcionalidades en el correo corporativo y en los dispositivos m\u00f3viles, y con herramientas de navegaci\u00f3n segura y escaneo de seguridad de redes wifi, entre otras medidas. Adem\u00e1s, se ha realizado una prueba piloto del servicio de ciberinteligencia para revisar en 2021 amenazas que hacen un uso fraudulento de la marca, entre otras actividades.<\/div>[\/vc_column][\/vc_row][vc_row css_animation=\"\" row_type=\"row\" use_row_as_full_screen_section=\"no\" type=\"grid\" angled_section=\"no\" text_align=\"left\" background_image_as_pattern=\"without_pattern\" z_index=\"\" el_class=\"modulo-3-iconos\"][vc_column css_animation=\"bottom-to-top\" width=\"1\/6\"][\/vc_column][vc_column css_animation=\"bottom-to-top\" width=\"2\/3\"]<div class=\"image_with_text\"><img itemprop=\"image\" src=\"https:\/\/ecoembes.com\/landing\/informe-anual-2021\/wp-content\/uploads\/2021\/05\/innovacion.svg\" alt=\"Escalado de innovaci\u00f3n\" \/><h3 >Escalado de innovaci\u00f3n<\/h3><span style=\"margin: 6px 0px;\" class=\"separator transparent\"><\/span><span style=\"font-weight: 400;\">La transformaci\u00f3n digital juega un papel fundamental en los principales proyectos de Ecoembes, que han seguido evolucionando y consolid\u00e1ndose en 2021 gracias a la innovaci\u00f3n tecnol\u00f3gica, que juega un papel fundamental como catalizadora para reforzar la trazabilidad, la eficiencia y la colaboraci\u00f3n de todos los grupos que conforman el ecosistema de Ecoembes.<\/span><\/div><div class=\"qode-accordion-holder clearfix qode-toggle qode-initial \">\n\t<h4 class=\"clearfix qode-title-holder\">\n<span class=\"qode-tab-title\">\n\t    <span class=\"qode-tab-title-inner\">\n        M\u00e1s informaci\u00f3n    <\/span>\n<\/span>\n<span class=\"qode-accordion-mark\">\n    <span class=\"qode-accordion-mark-icon\">\n        <span class=\"icon_plus\"><\/span>\n        <span class=\"icon_minus-06\"><\/span>\n    <\/span>\n<\/span>\n<\/h4>\n<div  class=\"qode-accordion-content \" >\n    <div class=\"qode-accordion-content-inner\">\n        [vc_column_text]<strong>Empresas<\/strong><\/p>\n<p>&nbsp;<\/p>\n<p><a href=\"https:\/\/ecoembes.com\/landing\/informe-anual-2021\/agenda-2030\/innovacion-circular\/#smartwaste\">PACKAGING-CIRCULARDESIGN<\/a><\/p>\n<p>Ya es un sistema totalmente industrializado, con una parte de innovaci\u00f3n que va generando nuevas reglas y nuevas matrices de validaci\u00f3n y ecodise\u00f1o, y tecnolog\u00edas que se implementan y despliegan en su desarrollo.<\/p>\n<p>&nbsp;<\/p>\n<p>En 2021 hemos innovado para crear herramientas que analicen los requerimientos de un pl\u00e1stico para cumplir las exigencias de la calidad alimentaria en los envases y fomentar su circularidad a trav\u00e9s de dos grandes tecnolog\u00edas en forma de v\u00edas de trabajo: por un lado, identificar esas tecnolog\u00edas para dotar de calidad alimentaria a los residuos pl\u00e1sticos para volverlos a reintroducir en la circularidad del sistema: Pack to Pack. Por otro, avanzamos en tecnolog\u00edas de reciclaje qu\u00edmico que ayudan en la senda hacia la circularidad, ya que incrementa su reciclabilidad.<\/p>\n<p>&nbsp;<\/p>\n<p><strong>Ciudadanos<\/strong><\/p>\n<p>&nbsp;<\/p>\n<p><a href=\"https:\/\/ecoembes.com\/landing\/informe-anual-2021\/objetivo-comun\/concienciacion-ciudadana\/#reciclos\">RECICLOS<\/a><\/p>\n<p>Hemos ido implementando desde el a\u00f1o pasado un concepto de plataforma tecnol\u00f3gica que ha pasado de una aplicaci\u00f3n hecha por una<em> start-up<\/em> para poder validar en el mercado que el producto funciona, a una plataforma industrializada nativa en la nube al 100%, con sus capas de seguridad, de creaci\u00f3n y de resiliencia. Del equipo de <em> start-up <\/em>hemos pasado a un equipo de soporte de operaciones que nos ofrece <em>backup<\/em> y soluci\u00f3n de contingencias ante cualquier problema, y nos permite escalar. Esto nos permite estar preparados, en 2022, para cuando nos den el pistoletazo de salida a toda Espa\u00f1a, y escalemos al \u00e1mbito nacional.<\/p>\n<p>&nbsp;<\/p>\n<p><strong>Administraciones p\u00fablicas<\/strong><\/p>\n<p>&nbsp;<\/p>\n<p><a href=\"https:\/\/ecoembes.com\/landing\/informe-anual-2021\/agenda-2030\/innovacion-circular\/#smartwaste\">SMARTWASTE<\/a><\/p>\n<p>Hemos incorporado toda esta anal\u00edtica y gesti\u00f3n de datos a nuestro Convenio Digital, y hemos creado una nueva arquitectura de Smart Waste, que seguimos desarrollando y tiene previsto arrancar en 2023.[\/vc_column_text]    <\/div>\n<\/div><\/div>[\/vc_column][vc_column width=\"1\/6\"][\/vc_column][\/vc_row][vc_row css_animation=\"\" row_type=\"row\" use_row_as_full_screen_section=\"no\" type=\"grid\" angled_section=\"no\" text_align=\"center\" background_image_as_pattern=\"without_pattern\" z_index=\"\"][vc_column css_animation=\"bottom-to-top\"][vc_separator type=\"small\" position=\"center\"]<div class=\"page_share qode_share\"><div class=\"social_share_holder\"><a href=\"javascript:void(0)\" target=\"_self\"><i class=\"icon-basic-share social_share_icon\"><\/i><span class=\"social_share_title\">Share<\/span><\/a><div class=\"social_share_dropdown\"><div class=\"inner_arrow\"><\/div><ul><li class=\"facebook_share\"><a href=\"javascript:void(0)\" onclick=\"window.open('https:\/\/www.facebook.com\/sharer.php?u=https%3A%2F%2Fecoembes.com%2Flanding%2Finforme-anual-2021%2Ftransformacion-circular%2Ftransformacion-digital%2F', 'sharer', 'toolbar=0,status=0,width=620,height=280');\"><i class=\"fa fa-facebook\"><\/i><\/a><\/li><li class=\"twitter_share\"><a href=\"#\" onclick=\"popUp=window.open('https:\/\/twitter.com\/share?status=%5Bvc_row+css_animation%3D%22%22+row_type%3D%22row%22+use_row_as_full_screen_section%3D%22no%22+type%3D%22full_width%22+angled_section%3D%22no%22+https:\/\/ecoembes.com\/landing\/informe-anual-2021\/transformacion-circular\/transformacion-digital\/', 'popupwindow', 'scrollbars=yes,width=800,height=400');popUp.focus();return false;\"><i class=\"fa fa-twitter\"><\/i><\/a><\/li><li  class=\"linkedin_share\"><a href=\"#\" onclick=\"popUp=window.open('https:\/\/linkedin.com\/shareArticle?mini=true&amp;url=https%3A%2F%2Fecoembes.com%2Flanding%2Finforme-anual-2021%2Ftransformacion-circular%2Ftransformacion-digital%2F&amp;title=Transformaci%C3%B3n+digital', 'popupwindow', 'scrollbars=yes,width=800,height=400');popUp.focus();return false\"><i class=\"fa fa-linkedin\"><\/i><\/a><\/li><\/ul><\/div><\/div><\/div>[\/vc_column][\/vc_row]<\/p>\n","protected":false},"excerpt":{"rendered":"<p>[vc_row css_animation=\"\" row_type=\"row\" use_row_as_full_screen_section=\"no\" type=\"full_width\" angled_section=\"no\" text_align=\"center\" background_image_as_pattern=\"without_pattern\" z_index=\"\"][vc_column][\/vc_column][\/vc_row][vc_row css_animation=\"\" row_type=\"row\" use_row_as_full_screen_section=\"no\" type=\"grid\" angled_section=\"no\" text_align=\"center\" background_image_as_pattern=\"without_pattern\" z_index=\"\" el_class=\"intro-seccion\"][vc_column width=\"1\/6\"][\/vc_column][vc_column css_animation=\"bottom-to-top\" width=\"2\/3\"][vc_column_text] Innovaci\u00f3n [\/vc_column_text][vc_column_text] Digitalizaci\u00f3n, un proceso en continuo desarrollo [\/vc_column_text][vc_column_text] Gracias a la digitalizaci\u00f3n y a un proceso constante de innovaci\u00f3n, que desarrollamos junto con...<\/p>\n","protected":false},"author":1,"featured_media":0,"parent":140,"menu_order":0,"comment_status":"closed","ping_status":"closed","template":"full_width.php","meta":[],"_links":{"self":[{"href":"https:\/\/ecoembes.com\/landing\/informe-anual-2021\/wp-json\/wp\/v2\/pages\/469"}],"collection":[{"href":"https:\/\/ecoembes.com\/landing\/informe-anual-2021\/wp-json\/wp\/v2\/pages"}],"about":[{"href":"https:\/\/ecoembes.com\/landing\/informe-anual-2021\/wp-json\/wp\/v2\/types\/page"}],"author":[{"embeddable":true,"href":"https:\/\/ecoembes.com\/landing\/informe-anual-2021\/wp-json\/wp\/v2\/users\/1"}],"replies":[{"embeddable":true,"href":"https:\/\/ecoembes.com\/landing\/informe-anual-2021\/wp-json\/wp\/v2\/comments?post=469"}],"version-history":[{"count":84,"href":"https:\/\/ecoembes.com\/landing\/informe-anual-2021\/wp-json\/wp\/v2\/pages\/469\/revisions"}],"predecessor-version":[{"id":2525,"href":"https:\/\/ecoembes.com\/landing\/informe-anual-2021\/wp-json\/wp\/v2\/pages\/469\/revisions\/2525"}],"up":[{"embeddable":true,"href":"https:\/\/ecoembes.com\/landing\/informe-anual-2021\/wp-json\/wp\/v2\/pages\/140"}],"wp:attachment":[{"href":"https:\/\/ecoembes.com\/landing\/informe-anual-2021\/wp-json\/wp\/v2\/media?parent=469"}],"curies":[{"name":"wp","href":"https:\/\/api.w.org\/{rel}","templated":true}]}}