{"id":933,"date":"2021-05-30T17:59:34","date_gmt":"2021-05-30T15:59:34","guid":{"rendered":"https:\/\/www.ecoembes.com\/landing\/informe-anual-2020\/?page_id=933"},"modified":"2021-06-15T13:55:01","modified_gmt":"2021-06-15T11:55:01","slug":"inclusion-social","status":"publish","type":"page","link":"https:\/\/ecoembes.com\/landing\/informe-anual-2020\/mas-alla-del-reciclaje\/inclusion-social\/","title":{"rendered":"Inclusi\u00f3n social"},"content":{"rendered":"<p>[vc_row css_animation=\u00bb\u00bb row_type=\u00bbrow\u00bb use_row_as_full_screen_section=\u00bbno\u00bb type=\u00bbfull_width\u00bb angled_section=\u00bbno\u00bb text_align=\u00bbcenter\u00bb background_image_as_pattern=\u00bbwithout_pattern\u00bb z_index=\u00bb\u00bb][vc_column]\n\t\t\t<!-- START M\u00e1s all\u00e1 del reciclaje 4 1 REVOLUTION SLIDER 6.4.11 --><p class=\"rs-p-wp-fix\"><\/p>\n\t\t\t<rs-module-wrap id=\"rev_slider_15_1_wrapper\" data-source=\"gallery\" style=\"background:transparent;padding:0;\">\n\t\t\t\t<rs-module id=\"rev_slider_15_1\" style=\"\" data-version=\"6.4.11\">\n\t\t\t\t\t<rs-slides>\n\t\t\t\t\t\t<rs-slide data-key=\"rs-15\" data-title=\"Slide\" data-in=\"o:0;\" data-out=\"a:false;\">\n\t\t\t\t\t\t\t<img src=\"\/\/ecoembes.com\/landing\/informe-anual-2020\/wp-content\/plugins\/revslider\/public\/assets\/assets\/transparent.png\" alt=\"Slide\" title=\"Inclusi\u00f3n social\" class=\"rev-slidebg tp-rs-img\" data-bg=\"c:#ffffff;\" data-no-retina>\n<!--\n\t\t\t\t\t\t\t--><rs-group\n\t\t\t\t\t\t\t\tid=\"slider-15-slide-15-layer-0\" \n\t\t\t\t\t\t\t\tclass=\"circulos-hero\"\n\t\t\t\t\t\t\t\tdata-type=\"group\"\n\t\t\t\t\t\t\t\tdata-rsp_ch=\"on\"\n\t\t\t\t\t\t\t\tdata-xy=\"x:c;y:m;\"\n\t\t\t\t\t\t\t\tdata-text=\"w:normal;s:20,14,10,6;l:0,17,12,7;\"\n\t\t\t\t\t\t\t\tdata-dim=\"w:100%;h:100%;\"\n\t\t\t\t\t\t\t\tdata-basealign=\"slide\"\n\t\t\t\t\t\t\t\tdata-frame_0=\"o:1;\"\n\t\t\t\t\t\t\t\tdata-frame_999=\"o:0;st:w;sR:8700;sA:9000;\"\n\t\t\t\t\t\t\t\tstyle=\"z-index:11;\"\n\t\t\t\t\t\t\t><!--\n\t\t\t\t\t\t\t\t--><rs-layer\n\t\t\t\t\t\t\t\t\tid=\"circle-1\" \n\t\t\t\t\t\t\t\t\tdata-type=\"image\"\n\t\t\t\t\t\t\t\t\tdata-rsp_ch=\"on\"\n\t\t\t\t\t\t\t\t\tdata-xy=\"x:c;y:m;\"\n\t\t\t\t\t\t\t\t\tdata-text=\"w:normal;s:20,14,10,6;l:0,17,12,7;\"\n\t\t\t\t\t\t\t\t\tdata-dim=\"w:28%,37%,37%,37%;\"\n\t\t\t\t\t\t\t\t\tdata-basealign=\"slide\"\n\t\t\t\t\t\t\t\t\tdata-frame_1=\"rZ:180deg;e:power3.out;st:300;sp:2000;sR:300;\"\n\t\t\t\t\t\t\t\t\tdata-frame_999=\"o:0;st:w;sR:6700;\"\n\t\t\t\t\t\t\t\t\tstyle=\"z-index:10;\"\n\t\t\t\t\t\t\t\t><img src=\"\/\/www.ecoembes.com\/landing\/informe-anual-2020\/wp-content\/uploads\/2021\/05\/circulo-reciclaje-01.svg\" class=\"tp-rs-img\" data-no-retina> \n\t\t\t\t\t\t\t\t<\/rs-layer><!--\n\n\t\t\t\t\t\t\t\t--><rs-layer\n\t\t\t\t\t\t\t\t\tid=\"circle-2\" \n\t\t\t\t\t\t\t\t\tdata-type=\"image\"\n\t\t\t\t\t\t\t\t\tdata-rsp_ch=\"on\"\n\t\t\t\t\t\t\t\t\tdata-xy=\"x:c;y:m;\"\n\t\t\t\t\t\t\t\t\tdata-text=\"w:normal;s:20,14,10,6;l:0,17,12,7;\"\n\t\t\t\t\t\t\t\t\tdata-dim=\"w:42%,56%,56%,56%;\"\n\t\t\t\t\t\t\t\t\tdata-basealign=\"slide\"\n\t\t\t\t\t\t\t\t\tdata-frame_1=\"rZ:-180deg;e:power3.out;st:300;sp:2500;sR:300;\"\n\t\t\t\t\t\t\t\t\tdata-frame_999=\"o:0;st:w;sR:6200;\"\n\t\t\t\t\t\t\t\t\tstyle=\"z-index:9;\"\n\t\t\t\t\t\t\t\t><img src=\"\/\/www.ecoembes.com\/landing\/informe-anual-2020\/wp-content\/uploads\/2021\/05\/circulo-reciclaje-02.svg\" class=\"tp-rs-img\" data-no-retina> \n\t\t\t\t\t\t\t\t<\/rs-layer><!--\n\n\t\t\t\t\t\t\t\t--><rs-layer\n\t\t\t\t\t\t\t\t\tid=\"circle-3\" \n\t\t\t\t\t\t\t\t\tdata-type=\"image\"\n\t\t\t\t\t\t\t\t\tdata-rsp_ch=\"on\"\n\t\t\t\t\t\t\t\t\tdata-xy=\"x:c;y:m;\"\n\t\t\t\t\t\t\t\t\tdata-text=\"w:normal;s:20,14,10,6;l:0,17,12,7;\"\n\t\t\t\t\t\t\t\t\tdata-dim=\"w:68%,90%,90%,90%;\"\n\t\t\t\t\t\t\t\t\tdata-basealign=\"slide\"\n\t\t\t\t\t\t\t\t\tdata-frame_1=\"rZ:180deg;e:power3.out;st:300;sp:3000;sR:300;\"\n\t\t\t\t\t\t\t\t\tdata-frame_999=\"o:0;st:w;sR:5700;\"\n\t\t\t\t\t\t\t\t\tstyle=\"z-index:8;\"\n\t\t\t\t\t\t\t\t><img src=\"\/\/www.ecoembes.com\/landing\/informe-anual-2020\/wp-content\/uploads\/2021\/05\/circulo-reciclaje-03.svg\" class=\"tp-rs-img\" data-no-retina> \n\t\t\t\t\t\t\t\t<\/rs-layer><!--\n\t\t\t\t\t\t\t--><\/rs-group><!--\n\n\t\t\t\t\t\t\t--><rs-group\n\t\t\t\t\t\t\t\tid=\"slider-15-slide-15-layer-7\" \n\t\t\t\t\t\t\t\tclass=\"slide-hero-title\"\n\t\t\t\t\t\t\t\tdata-type=\"group\"\n\t\t\t\t\t\t\t\tdata-rsp_ch=\"on\"\n\t\t\t\t\t\t\t\tdata-xy=\"x:c;\"\n\t\t\t\t\t\t\t\tdata-text=\"w:normal;s:20,14,10,6;l:0,17,12,7;\"\n\t\t\t\t\t\t\t\tdata-dim=\"w:600px,600px,500px,300px;h:200px,180px,160px,165px;\"\n\t\t\t\t\t\t\t\tdata-basealign=\"slide\"\n\t\t\t\t\t\t\t\tdata-frame_0=\"o:1;\"\n\t\t\t\t\t\t\t\tdata-frame_999=\"o:0;st:w;sR:8700;sA:9000;\"\n\t\t\t\t\t\t\t\tstyle=\"z-index:19;\"\n\t\t\t\t\t\t\t><!--\n\t\t\t\t\t\t\t\t--><rs-layer\n\t\t\t\t\t\t\t\t\tid=\"slider-15-slide-15-layer-4\" \n\t\t\t\t\t\t\t\t\tdata-type=\"text\"\n\t\t\t\t\t\t\t\t\tdata-color=\"#5fbb46||#5fbb46||#5fbb46||#1a96d4\"\n\t\t\t\t\t\t\t\t\tdata-rsp_ch=\"on\"\n\t\t\t\t\t\t\t\t\tdata-xy=\"x:c;y:b;\"\n\t\t\t\t\t\t\t\t\tdata-text=\"w:normal;s:14;l:16;a:right;\"\n\t\t\t\t\t\t\t\t\tdata-frame_0=\"y:50,35,26,16;\"\n\t\t\t\t\t\t\t\t\tdata-frame_1=\"e:power3.out;st:300;sp:1000;\"\n\t\t\t\t\t\t\t\t\tdata-frame_999=\"o:0;st:w;\"\n\t\t\t\t\t\t\t\t\tstyle=\"z-index:14;font-family:stolzl, sans-serif;font-weight:300;\"\n\t\t\t\t\t\t\t\t>ODS <strong>10<\/strong> \n\t\t\t\t\t\t\t\t<\/rs-layer><!--\n\n\t\t\t\t\t\t\t\t--><rs-layer\n\t\t\t\t\t\t\t\t\tid=\"slider-15-slide-15-layer-5\" \n\t\t\t\t\t\t\t\t\tdata-type=\"image\"\n\t\t\t\t\t\t\t\t\tdata-rsp_ch=\"on\"\n\t\t\t\t\t\t\t\t\tdata-xy=\"x:c;\"\n\t\t\t\t\t\t\t\t\tdata-text=\"w:normal;s:20,14,10,6;l:0,17,12,7;\"\n\t\t\t\t\t\t\t\t\tdata-dim=\"w:85px,80px,70px,70px;h:40px,38px,33px,33px;\"\n\t\t\t\t\t\t\t\t\tdata-basealign=\"slide\"\n\t\t\t\t\t\t\t\t\tdata-frame_0=\"y:50,35,26,16;\"\n\t\t\t\t\t\t\t\t\tdata-frame_1=\"e:power3.out;sp:1000;\"\n\t\t\t\t\t\t\t\t\tdata-frame_999=\"o:0;st:w;sR:8000;\"\n\t\t\t\t\t\t\t\t\tstyle=\"z-index:18;\"\n\t\t\t\t\t\t\t\t><img src=\"\/\/www.ecoembes.com\/landing\/informe-anual-2020\/wp-content\/uploads\/2021\/05\/simbolo-verde-claro.svg\" class=\"tp-rs-img\" data-no-retina> \n\t\t\t\t\t\t\t\t<\/rs-layer><!--\n\n\t\t\t\t\t\t\t\t--><rs-layer\n\t\t\t\t\t\t\t\t\tid=\"slider-15-slide-15-layer-6\" \n\t\t\t\t\t\t\t\t\tdata-type=\"text\"\n\t\t\t\t\t\t\t\t\tdata-color=\"#dd1768\"\n\t\t\t\t\t\t\t\t\tdata-rsp_ch=\"on\"\n\t\t\t\t\t\t\t\t\tdata-xy=\"x:c;yo:60px,50px,45px,50px;\"\n\t\t\t\t\t\t\t\t\tdata-text=\"w:normal;s:42,36,32,30;l:52,46,42,40;a:center;\"\n\t\t\t\t\t\t\t\t\tdata-basealign=\"slide\"\n\t\t\t\t\t\t\t\t\tdata-frame_0=\"y:50,35,26,16;\"\n\t\t\t\t\t\t\t\t\tdata-frame_1=\"e:power3.out;st:200;sp:1000;sR:200;\"\n\t\t\t\t\t\t\t\t\tdata-frame_999=\"o:0;st:w;sR:7800;\"\n\t\t\t\t\t\t\t\t\tstyle=\"z-index:17;font-family:stolzl, sans-serif;font-weight:200;\"\n\t\t\t\t\t\t\t\t><strong>M\u00e1s all\u00e1 del reciclaje<\/strong> <br \/>\nInclusi\u00f3n social \n\t\t\t\t\t\t\t\t<\/rs-layer><!--\n\n\t\t\t\t\t\t\t\t--><rs-layer\n\t\t\t\t\t\t\t\t\tid=\"slider-15-slide-15-layer-8\" \n\t\t\t\t\t\t\t\t\tdata-type=\"text\"\n\t\t\t\t\t\t\t\t\tdata-color=\"#5fbb46\"\n\t\t\t\t\t\t\t\t\tdata-rsp_ch=\"on\"\n\t\t\t\t\t\t\t\t\tdata-xy=\"x:c;xo:60px;y:b;\"\n\t\t\t\t\t\t\t\t\tdata-text=\"w:normal;s:14;l:16;a:right;\"\n\t\t\t\t\t\t\t\t\tdata-vbility=\"f,f,f,f\"\n\t\t\t\t\t\t\t\t\tdata-frame_0=\"y:50,35,26,16;\"\n\t\t\t\t\t\t\t\t\tdata-frame_1=\"e:power3.out;st:300;sp:1000;\"\n\t\t\t\t\t\t\t\t\tdata-frame_999=\"o:0;st:w;\"\n\t\t\t\t\t\t\t\t\tstyle=\"z-index:13;font-family:stolzl, sans-serif;font-weight:300;\"\n\t\t\t\t\t\t\t\t>ODS <strong>15<\/strong> \n\t\t\t\t\t\t\t\t<\/rs-layer><!--\n\n\t\t\t\t\t\t\t\t--><rs-layer\n\t\t\t\t\t\t\t\t\tid=\"slider-15-slide-15-layer-9\" \n\t\t\t\t\t\t\t\t\tdata-type=\"text\"\n\t\t\t\t\t\t\t\t\tdata-color=\"#dd1768\"\n\t\t\t\t\t\t\t\t\tdata-rsp_ch=\"on\"\n\t\t\t\t\t\t\t\t\tdata-xy=\"x:c;xo:-60px;y:b;\"\n\t\t\t\t\t\t\t\t\tdata-text=\"w:normal;s:14;l:16;a:right;\"\n\t\t\t\t\t\t\t\t\tdata-vbility=\"f,f,f,f\"\n\t\t\t\t\t\t\t\t\tdata-frame_0=\"y:50,35,26,16;\"\n\t\t\t\t\t\t\t\t\tdata-frame_1=\"e:power3.out;st:300;sp:1000;\"\n\t\t\t\t\t\t\t\t\tdata-frame_999=\"o:0;st:w;\"\n\t\t\t\t\t\t\t\t\tstyle=\"z-index:15;font-family:stolzl, sans-serif;font-weight:300;\"\n\t\t\t\t\t\t\t\t>ODS <strong>13<\/strong> \n\t\t\t\t\t\t\t\t<\/rs-layer><!--\n\n\t\t\t\t\t\t\t\t--><rs-layer\n\t\t\t\t\t\t\t\t\tid=\"slider-15-slide-15-layer-10\" \n\t\t\t\t\t\t\t\t\tdata-type=\"text\"\n\t\t\t\t\t\t\t\t\tdata-color=\"#c5212f\"\n\t\t\t\t\t\t\t\t\tdata-rsp_ch=\"on\"\n\t\t\t\t\t\t\t\t\tdata-xy=\"x:c;xo:-120px;y:b;\"\n\t\t\t\t\t\t\t\t\tdata-text=\"w:normal;s:14;l:16;a:right;\"\n\t\t\t\t\t\t\t\t\tdata-vbility=\"f,f,f,f\"\n\t\t\t\t\t\t\t\t\tdata-frame_0=\"y:50,35,26,16;\"\n\t\t\t\t\t\t\t\t\tdata-frame_1=\"e:power3.out;st:300;sp:1000;\"\n\t\t\t\t\t\t\t\t\tdata-frame_999=\"o:0;st:w;\"\n\t\t\t\t\t\t\t\t\tstyle=\"z-index:16;font-family:stolzl, sans-serif;font-weight:300;\"\n\t\t\t\t\t\t\t\t>ODS <strong>12<\/strong> \n\t\t\t\t\t\t\t\t<\/rs-layer><!--\n\n\t\t\t\t\t\t\t\t--><rs-layer\n\t\t\t\t\t\t\t\t\tid=\"slider-15-slide-15-layer-11\" \n\t\t\t\t\t\t\t\t\tdata-type=\"text\"\n\t\t\t\t\t\t\t\t\tdata-color=\"#c5212f\"\n\t\t\t\t\t\t\t\t\tdata-rsp_ch=\"on\"\n\t\t\t\t\t\t\t\t\tdata-xy=\"x:c;xo:120px;y:b;\"\n\t\t\t\t\t\t\t\t\tdata-text=\"w:normal;s:14;l:16;a:right;\"\n\t\t\t\t\t\t\t\t\tdata-vbility=\"f,f,f,f\"\n\t\t\t\t\t\t\t\t\tdata-frame_0=\"y:50,35,26,16;\"\n\t\t\t\t\t\t\t\t\tdata-frame_1=\"e:power3.out;st:300;sp:1000;\"\n\t\t\t\t\t\t\t\t\tdata-frame_999=\"o:0;st:w;\"\n\t\t\t\t\t\t\t\t\tstyle=\"z-index:12;font-family:stolzl, sans-serif;font-weight:300;\"\n\t\t\t\t\t\t\t\t>ODS <strong>17<\/strong> \n\t\t\t\t\t\t\t\t<\/rs-layer><!--\n\t\t\t\t\t\t\t--><\/rs-group><!--\n-->\t\t\t\t\t\t<\/rs-slide>\n\t\t\t\t\t<\/rs-slides>\n\t\t\t\t<\/rs-module>\n\t\t\t\t<script type=\"text\/javascript\">\n\t\t\t\t\tsetREVStartSize({c: 'rev_slider_15_1',rl:[1440,1025,778,480],el:[900,768,960,720],gw:[1440,1024,778,480],gh:[900,768,960,720],type:'hero',justify:'',layout:'fullscreen',offsetContainer:'',offset:'',mh:\"0\"});\n\t\t\t\t\tvar\trevapi15,\n\t\t\t\t\t\ttpj;\n\t\t\t\t\tfunction revinit_revslider151() {\n\t\t\t\t\tjQuery(function() {\n\t\t\t\t\t\ttpj = jQuery;\n\t\t\t\t\t\trevapi15 = tpj(\"#rev_slider_15_1\");\n\t\t\t\t\t\tif(revapi15==undefined || revapi15.revolution == undefined){\n\t\t\t\t\t\t\trevslider_showDoubleJqueryError(\"rev_slider_15_1\");\n\t\t\t\t\t\t}else{\n\t\t\t\t\t\t\trevapi15.revolution({\n\t\t\t\t\t\t\t\tsliderType:\"hero\",\n\t\t\t\t\t\t\t\tDPR:\"dpr\",\n\t\t\t\t\t\t\t\tsliderLayout:\"fullscreen\",\n\t\t\t\t\t\t\t\tvisibilityLevels:\"1440,1025,778,480\",\n\t\t\t\t\t\t\t\tgridwidth:\"1440,1024,778,480\",\n\t\t\t\t\t\t\t\tgridheight:\"900,768,960,720\",\n\t\t\t\t\t\t\t\tperspective:600,\n\t\t\t\t\t\t\t\tperspectiveType:\"global\",\n\t\t\t\t\t\t\t\teditorheight:\"900,768,960,720\",\n\t\t\t\t\t\t\t\tresponsiveLevels:\"1440,1025,778,480\",\n\t\t\t\t\t\t\t\tprogressBar:{disableProgressBar:true},\n\t\t\t\t\t\t\t\tnavigation: {\n\t\t\t\t\t\t\t\t\tonHoverStop:false\n\t\t\t\t\t\t\t\t},\n\t\t\t\t\t\t\t\tfallbacks: {\n\t\t\t\t\t\t\t\t\tallowHTML5AutoPlayOnAndroid:true\n\t\t\t\t\t\t\t\t},\n\t\t\t\t\t\t\t});\n\t\t\t\t\t\t}\n\t\t\t\t\t\t\n\t\t\t\t\t});\n\t\t\t\t\t} \/\/ End of RevInitScript\n\t\t\t\tvar once_revslider151 = false;\n\t\t\t\tif (document.readyState === \"loading\") {document.addEventListener('readystatechange',function() { if((document.readyState === \"interactive\" || document.readyState === \"complete\") && !once_revslider151 ) { once_revslider151 = true; revinit_revslider151();}});} else {once_revslider151 = true; revinit_revslider151();}\n\t\t\t\t<\/script>\n\t\t\t<\/rs-module-wrap>\n\t\t\t<!-- END REVOLUTION SLIDER -->\n[\/vc_column][\/vc_row][vc_row css_animation=\u00bb\u00bb row_type=\u00bbrow\u00bb use_row_as_full_screen_section=\u00bbno\u00bb type=\u00bbgrid\u00bb angled_section=\u00bbno\u00bb text_align=\u00bbcenter\u00bb background_image_as_pattern=\u00bbwithout_pattern\u00bb z_index=\u00bb\u00bb el_class=\u00bbintro-seccion\u00bb][vc_column width=\u00bb1\/6&#8243;][\/vc_column][vc_column css_animation=\u00bbbottom-to-top\u00bb width=\u00bb2\/3&#8243;][vc_column_text]<\/p>\n<h1>Oportunidades<\/h1>\n<p>[\/vc_column_text][vc_column_text]<\/p>\n<h3>El reciclaje como generador de oportunidades<\/h3>\n<p>[\/vc_column_text][vc_column_text]<\/p>\n<h5>La crisis sanitaria ha ido acompa\u00f1ada de una crisis econ\u00f3mica que ha abierto a\u00fan m\u00e1s la brecha de las desigualdades, y ha incidido con especial crudeza en las personas que ya se encontraban en riesgo de exclusi\u00f3n social. Esto ha motivado que los proyectos de Ecoembes para favorecer la inclusi\u00f3n y generar nuevas oportunidades a trav\u00e9s del reciclaje cobren m\u00e1s relevancia si cabe en 2020 con el fin de seguir contribuyendo al Objetivo de Desarrollo Sostenible n\u00famero 10 (Reducci\u00f3n de las desigualdades).<\/h5>\n<p>[\/vc_column_text][\/vc_column][vc_column width=\u00bb1\/6&#8243;][\/vc_column][\/vc_row][vc_row css_animation=\u00bb\u00bb row_type=\u00bbrow\u00bb use_row_as_full_screen_section=\u00bbno\u00bb type=\u00bbgrid\u00bb angled_section=\u00bbno\u00bb text_align=\u00bbleft\u00bb background_image_as_pattern=\u00bbwithout_pattern\u00bb z_index=\u00bb\u00bb][vc_column][vc_single_image image=\u00bb1262&#8243; img_size=\u00bbfull\u00bb qode_css_animation=\u00bb\u00bb][\/vc_column][\/vc_row][vc_row css_animation=\u00bb\u00bb row_type=\u00bbrow\u00bb use_row_as_full_screen_section=\u00bbno\u00bb type=\u00bbgrid\u00bb angled_section=\u00bbno\u00bb text_align=\u00bbcenter\u00bb background_image_as_pattern=\u00bbwithout_pattern\u00bb z_index=\u00bb\u00bb el_class=\u00bbproyecto-una-columnas\u00bb][vc_column width=\u00bb1\/6&#8243;][\/vc_column][vc_column css_animation=\u00bbbottom-to-top\u00bb width=\u00bb2\/3&#8243;][vc_column_text]<\/p>\n<h3>\u2018Reciclar para cambiar vidas\u2019: un proyecto para que nadie se quede atr\u00e1s<\/h3>\n<p>[\/vc_column_text][vc_column_text]<\/p>\n<h5>El proyecto \u2018Reciclar para cambiar vidas\u2019 naci\u00f3 en 2014 para contribuir, por medio del reciclaje, a que las desigualdades sociales sean cada vez menores.<\/h5>\n<p>[\/vc_column_text][vc_separator type=\u00bbsmall\u00bb position=\u00bbcenter\u00bb][\/vc_column][vc_column width=\u00bb1\/6&#8243;][\/vc_column][\/vc_row][vc_row css_animation=\u00bb\u00bb row_type=\u00bbrow\u00bb use_row_as_full_screen_section=\u00bbno\u00bb type=\u00bbgrid\u00bb angled_section=\u00bbno\u00bb text_align=\u00bbleft\u00bb background_image_as_pattern=\u00bbwithout_pattern\u00bb z_index=\u00bb\u00bb el_class=\u00bbtexto-una-columna\u00bb][vc_column][vc_column_text]Con m\u00e1s de cuatro millones de personas en situaci\u00f3n de desempleo y un paro juvenil por encima del 40%, la pandemia ha golpeado en 2020 a los sectores vulnerables y a una parte importante de la poblaci\u00f3n en general, poni\u00e9ndola en riesgo de exclusi\u00f3n social. Esto ha dado un nuevo impulso a este proyecto, que ha continuado su prop\u00f3sito de mejorar la empleabilidad de muchas personas a trav\u00e9s de la formaci\u00f3n en reciclaje y facilitando su acceso al mercado laboral en un sector que ha seguido operativo durante la pandemia. Porque la transformaci\u00f3n \u2018verde\u2019 debe abordarse desde la transformaci\u00f3n justa.<\/p>\n<p>&nbsp;<\/p>\n<p>Adapt\u00e1ndonos a las nuevas circunstancias y digitalizando gran parte de nuestro programa formativo en 2020 han sido formadas en gesti\u00f3n y tratamiento de residuos 317 personas en riesgo de exclusi\u00f3n social (4.372 personas en riesgo de exclusi\u00f3n social formadas desde 2014) durante 3.948 horas lectivas que se han impartido y que han permitido que durante este a\u00f1o tan complejo haya habido 364 inserciones laborales en empresas de reciclaje (1.113 inserciones desde 2017), siendo el 38% de las contrataciones a mujeres. Porque un proyecto inclusivo es un proyecto que tambi\u00e9n apuesta por la igualdad.[\/vc_column_text][\/vc_column][\/vc_row][vc_row css_animation=\u00bb\u00bb row_type=\u00bbrow\u00bb use_row_as_full_screen_section=\u00bbno\u00bb type=\u00bbgrid\u00bb angled_section=\u00bbno\u00bb text_align=\u00bbleft\u00bb background_image_as_pattern=\u00bbwithout_pattern\u00bb z_index=\u00bb\u00bb el_class=\u00bbmodulo-3-iconos\u00bb][vc_column css_animation=\u00bbbottom-to-top\u00bb width=\u00bb1\/3&#8243; el_class=\u00bbicono-proyecto\u00bb]<div class=\"image_with_text\"><img itemprop=\"image\" src=\"https:\/\/ecoembes.com\/landing\/informe-anual-2020\/wp-content\/uploads\/2021\/05\/docentes-formados.svg\" alt=\"3.948\" \/><h3 >3.948<\/h3><span style=\"margin: 6px 0px;\" class=\"separator transparent\"><\/span>Horas lectivas impartidas<\/div>[\/vc_column][vc_column css_animation=\u00bbbottom-to-top\u00bb width=\u00bb1\/3&#8243; el_class=\u00bbicono-proyecto\u00bb]<div class=\"image_with_text\"><img itemprop=\"image\" src=\"https:\/\/ecoembes.com\/landing\/informe-anual-2020\/wp-content\/uploads\/2021\/05\/empresas.svg\" alt=\"364\" \/><h3 >364<\/h3><span style=\"margin: 6px 0px;\" class=\"separator transparent\"><\/span>Inserciones laborales en empresas de reciclaje (38% mujeres)<\/div>[\/vc_column][vc_column css_animation=\u00bbbottom-to-top\u00bb width=\u00bb1\/3&#8243; el_class=\u00bbicono-proyecto\u00bb]<div class=\"image_with_text\"><img itemprop=\"image\" src=\"https:\/\/ecoembes.com\/landing\/informe-anual-2020\/wp-content\/uploads\/2021\/05\/titulacion-superior.svg\" alt=\"23\" \/><h3 >23<\/h3><span style=\"margin: 6px 0px;\" class=\"separator transparent\"><\/span>Programas formativos<\/div>[\/vc_column][\/vc_row][vc_row css_animation=\u00bb\u00bb row_type=\u00bbrow\u00bb use_row_as_full_screen_section=\u00bbno\u00bb type=\u00bbgrid\u00bb angled_section=\u00bbno\u00bb text_align=\u00bbleft\u00bb background_image_as_pattern=\u00bbwithout_pattern\u00bb z_index=\u00bb\u00bb el_class=\u00bbtexto-una-columna\u00bb][vc_column][vc_column_text]<\/p>\n<h5><strong>Un proyecto<\/strong><strong> basado en la colaboraci\u00f3n y el valor compartido<\/strong><\/h5>\n<p>&nbsp;<\/p>\n<p>Reciclar para Cambiar vidas es una iniciativa que apuesta por lo verde pero tambi\u00e9n por lo inclusivo y que es posible gracias al apoyo de Incorpora de \u201cla Caixa\u201d, y sus m\u00e1s de 1078 t\u00e9cnicos de inserci\u00f3n de toda Espa\u00f1a, as\u00ed como a la colaboraci\u00f3n de Instituciones Penitenciarias, dependiente del Ministerio del Interior, que permite el despliegue de este proyecto a 46 centros penitenciarios. En 2020, debido a la pandemia, solo se pudieron realizar programas formativos 18 de los 46 centros penitenciarios con los que colaboramos habitualmente.<\/p>\n<p>&nbsp;<\/p>\n<p>Adem\u00e1s, en 2020 se han involucrado 450 organizaciones sociales y empresas, que juegan un papel fundamental en el proyecto ofreciendo nuevas oportunidades laborales. Adem\u00e1s, est\u00e1 abierta al ecosistema empresarial de Ecoembes, que incluye envasadoras, operadores de gesti\u00f3n de residuos, distribuidores y recicladores.[\/vc_column_text][\/vc_column][\/vc_row][vc_row css_animation=\u00bb\u00bb row_type=\u00bbrow\u00bb use_row_as_full_screen_section=\u00bbno\u00bb type=\u00bbgrid\u00bb angled_section=\u00bbno\u00bb text_align=\u00bbleft\u00bb background_image_as_pattern=\u00bbwithout_pattern\u00bb z_index=\u00bb\u00bb el_class=\u00bbtestimonios-seccion\u00bb][vc_column width=\u00bb1\/6&#8243;][\/vc_column][vc_column width=\u00bb2\/3&#8243; el_class=\u00bbtestimonios-proyectos\u00bb]<div class='testimonials_c_holder clearfix '><div class=\"testimonials_c testimonials_c_carousel\" data-show-navigation=\"no\" data-animation-speed=\"\" data-auto-rotate-slides=\"0\" data-number-per-slide=\"1\"><ul class=\"slides\"><li id=\"testimonials-c-79\" class=\"testimonial_content\"><div class=\"testimonial_content_inner\"><div class=\"testimonial_image_holder\"><img src=\"https:\/\/ecoembes.com\/landing\/informe-anual-2020\/wp-content\/uploads\/2021\/05\/Carlos-Viejo.png\" \/><\/div><div class=\"testimonial_text_holder\"><div class=\"testimonial_text_inner\" style=\"\"><p>\u201cHace 5 a\u00f1os encontr\u00e9 empleo en el Ecoparc de Zona Franca (Barcelona), me encontraba en b\u00fasqueda activa de empleo y Urbaser me dio la oportunidad de formar parte de su equipo como operario de gesti\u00f3n de residuos. Con esta oportunidad he crecido mucho a nivel profesional y personal. Me gustar\u00eda seguir trabajando aqu\u00ed, sintiendo que, con mi labor, estoy contribuyendo a tener un mundo m\u00e1s limpio y cuidado. Me gusta mucho lo que hago y me siento realizado, para m\u00ed supone un aliciente en todos los sentidos\u201d<\/p><p class=\"testimonial_author\" style=\"\">Carlos Viejo<br><span class=\"cargo-testimonio\">Operario de limpieza y gesti\u00f3n de residuos en Urbaser<\/span><\/p><\/div><\/div><\/div><\/li><\/ul><\/div><\/div>[\/vc_column][vc_column width=\u00bb1\/6&#8243;][\/vc_column][\/vc_row][vc_row css_animation=\u00bb\u00bb row_type=\u00bbrow\u00bb use_row_as_full_screen_section=\u00bbno\u00bb type=\u00bbgrid\u00bb angled_section=\u00bbno\u00bb text_align=\u00bbleft\u00bb background_image_as_pattern=\u00bbwithout_pattern\u00bb z_index=\u00bb\u00bb el_class=\u00bbproyecto-dos-columnas\u00bb][vc_column width=\u00bb1\/2&#8243;][vc_single_image image=\u00bb1263&#8243; img_size=\u00bbfull\u00bb qode_css_animation=\u00bb\u00bb][vc_column_text]<\/p>\n<h3>\u2018La M\u00fasica del Reciclaje\u2019: as\u00ed suenan las segundas oportunidades<\/h3>\n<p>[\/vc_column_text][vc_column_text]<\/p>\n<h5>La m\u00fasica alimenta el alma, pero tambi\u00e9n la creatividad, la ilusi\u00f3n y el talento para labrarse un futuro. En Ecoembes impartimos formaci\u00f3n musical a menores en riesgo de exclusi\u00f3n social, al tiempo que fomentamos su compromiso con la sostenibilidad y el reciclaje.<\/h5>\n<p>[\/vc_column_text][vc_separator type=\u00bbsmall\u00bb position=\u00bbcenter\u00bb][vc_column_text]\u2018La M\u00fasica del Reciclaje\u2019 naci\u00f3 en 2014 como un proyecto de formaci\u00f3n musical y en valores dirigido a menores de los sectores vulnerables. Promueve la importancia del cuidado del medio ambiente y el reciclaje, ya que los instrumentos con los que practican son fabricados con materiales reciclados por un lutier propio del proyecto. En el curso 2019\/20, con la irrupci\u00f3n de la pandemia, tuvimos que adaptar nuestro programa educativo a dos adversidades: las restricciones de movilidad y la apat\u00eda y falta de motivaci\u00f3n por el confinamiento. Para ello, impulsamos un proceso de adaptaci\u00f3n a las herramientas digitales para que hubiera clases durante todo el confinamiento, y creamos el Canal de Youtube \u201cLa Orquesta del Reciclaje\u201d para subir los tutoriales de fabricaci\u00f3n de instrumentos con materiales reciclados, clases de m\u00fasica, videos de conciertos, etc.<\/p>\n<p>&nbsp;<\/p>\n<p>Durante los meses m\u00e1s duros, tuvimos un seguimiento m\u00e1s cercano de los alumnos, les entregamos cestas de comida y les mostramos todo nuestro apoyo. En definitiva, pusimos todos los medios para estar m\u00e1s cerca de todos los ni\u00f1os y sus familias.[\/vc_column_text][vc_separator type=\u00bbsmall\u00bb position=\u00bbcenter\u00bb up=\u00bb30&#8243; down=\u00bb0&#8243;][\/vc_column][vc_column width=\u00bb1\/2&#8243;][\/vc_column][\/vc_row][vc_row css_animation=\u00bb\u00bb row_type=\u00bbrow\u00bb use_row_as_full_screen_section=\u00bbno\u00bb type=\u00bbgrid\u00bb angled_section=\u00bbno\u00bb text_align=\u00bbcenter\u00bb background_image_as_pattern=\u00bbwithout_pattern\u00bb z_index=\u00bb\u00bb][vc_column css_animation=\u00bbbottom-to-top\u00bb][vc_separator type=\u00bbsmall\u00bb position=\u00bbcenter\u00bb][\/vc_column][\/vc_row]<\/p>\n","protected":false},"excerpt":{"rendered":"<p>[vc_row css_animation=\u00bb\u00bb row_type=\u00bbrow\u00bb use_row_as_full_screen_section=\u00bbno\u00bb type=\u00bbfull_width\u00bb angled_section=\u00bbno\u00bb text_align=\u00bbcenter\u00bb background_image_as_pattern=\u00bbwithout_pattern\u00bb z_index=\u00bb\u00bb][vc_column][\/vc_column][\/vc_row][vc_row css_animation=\u00bb\u00bb row_type=\u00bbrow\u00bb use_row_as_full_screen_section=\u00bbno\u00bb type=\u00bbgrid\u00bb angled_section=\u00bbno\u00bb text_align=\u00bbcenter\u00bb background_image_as_pattern=\u00bbwithout_pattern\u00bb z_index=\u00bb\u00bb el_class=\u00bbintro-seccion\u00bb][vc_column width=\u00bb1\/6&#8243;][\/vc_column][vc_column css_animation=\u00bbbottom-to-top\u00bb width=\u00bb2\/3&#8243;][vc_column_text] Oportunidades [\/vc_column_text][vc_column_text] El reciclaje como generador de oportunidades [\/vc_column_text][vc_column_text] La crisis sanitaria ha ido acompa\u00f1ada de una crisis econ\u00f3mica que ha abierto a\u00fan m\u00e1s&#8230;<\/p>\n","protected":false},"author":1,"featured_media":0,"parent":775,"menu_order":0,"comment_status":"closed","ping_status":"closed","template":"full_width.php","meta":[],"_links":{"self":[{"href":"https:\/\/ecoembes.com\/landing\/informe-anual-2020\/wp-json\/wp\/v2\/pages\/933"}],"collection":[{"href":"https:\/\/ecoembes.com\/landing\/informe-anual-2020\/wp-json\/wp\/v2\/pages"}],"about":[{"href":"https:\/\/ecoembes.com\/landing\/informe-anual-2020\/wp-json\/wp\/v2\/types\/page"}],"author":[{"embeddable":true,"href":"https:\/\/ecoembes.com\/landing\/informe-anual-2020\/wp-json\/wp\/v2\/users\/1"}],"replies":[{"embeddable":true,"href":"https:\/\/ecoembes.com\/landing\/informe-anual-2020\/wp-json\/wp\/v2\/comments?post=933"}],"version-history":[{"count":12,"href":"https:\/\/ecoembes.com\/landing\/informe-anual-2020\/wp-json\/wp\/v2\/pages\/933\/revisions"}],"predecessor-version":[{"id":979,"href":"https:\/\/ecoembes.com\/landing\/informe-anual-2020\/wp-json\/wp\/v2\/pages\/933\/revisions\/979"}],"up":[{"embeddable":true,"href":"https:\/\/ecoembes.com\/landing\/informe-anual-2020\/wp-json\/wp\/v2\/pages\/775"}],"wp:attachment":[{"href":"https:\/\/ecoembes.com\/landing\/informe-anual-2020\/wp-json\/wp\/v2\/media?parent=933"}],"curies":[{"name":"wp","href":"https:\/\/api.w.org\/{rel}","templated":true}]}}